{"id":712,"date":"2022-08-05T08:15:56","date_gmt":"2022-08-05T08:15:56","guid":{"rendered":"https:\/\/mrgreencasinos.com\/?page_id=712"},"modified":"2022-08-08T15:16:11","modified_gmt":"2022-08-08T15:16:11","slug":"holdem-poker","status":"publish","type":"page","link":"https:\/\/mrgreencasinos.com\/fr\/holdem-poker\/","title":{"rendered":"Qu&rsquo;est-ce que le poker Holdem?"},"content":{"rendered":"<p><img loading=\"lazy\" decoding=\"async\" class=\"size-medium wp-image-708 alignright\" src=\"https:\/\/mrgreencasinos.com\/wp-content\/uploads\/2022\/08\/Taxas_holdem-300x216.png\" alt=\"Taxas holdem Mr green\" width=\"300\" height=\"216\" srcset=\"https:\/\/mrgreencasinos.com\/wp-content\/uploads\/2022\/08\/Taxas_holdem-300x216.png 300w, https:\/\/mrgreencasinos.com\/wp-content\/uploads\/2022\/08\/Taxas_holdem-390x280.png 390w, https:\/\/mrgreencasinos.com\/wp-content\/uploads\/2022\/08\/Taxas_holdem.png 672w\" sizes=\"auto, (max-width: 300px) 100vw, 300px\" \/>Le Texas Holdem est la variante la plus populaire du <a href=\"https:\/\/mrgreencasinos.com\/fr\/card-games\/\">jeu de cartes<\/a> de poker. Par cons\u00e9quent, sur les nombreux sites de poker sur Internet, vous trouverez surtout des tables et des tournois pour cette variante particuli\u00e8rement excitante et tactique du jeu. Si vous \u00eates nouveau dans le jeu de poker, nous vous recommandons notre guide des r\u00e8gles du poker Mr Green Texas holdem, qui contient de nombreux conseils, astuces et conseils pour les d\u00e9butants.<\/p>\n<h2>R\u00e8gles du Texas Holdem-Comment jouer \u00e0 la variante la plus populaire du poker<\/h2>\n<p>Dans Mr Green Texas holdem poker, chaque joueur \u00e0 la table (deux \u00e0 10 joueurs) re\u00e7oit deux cartes face cach\u00e9e (cartes ferm\u00e9es). Cinq cartes (cartes communes) sont ensuite dispos\u00e9es au centre de la table selon certaines r\u00e8gles. Dans un sens, tous les joueurs ont ces cinq cartes dans leurs mains de poker Mr Green Texas holdem de mani\u00e8re \u00e9gale. Ainsi, vous avez un total de sept cartes. Les cinq meilleures et les plus rentables de ces cartes constituent votre main r\u00e9elle, qui d\u00e9cide en fin de compte si vous gagnez ou perdez.<\/p>\n<div class=\"t-go\"><a href=\"\/go-casino\/?brand=mrgreen\">BONUS DE R\u00c9CLAMATION<\/a><\/div>\n<h2>Il existe diff\u00e9rents rangs de combinaisons de cartes<\/h2>\n<p>Le cours du jeu au Texas Holdem est toujours le m\u00eame, et les tours d&rsquo;ench\u00e8res alternent avec les cartes distribu\u00e9es. Dans le poker en ligne Mr Green Texas holdem, cela se produit automatiquement, et tout ce que vous avez \u00e0 faire est de vous concentrer sur votre jeu.<\/p>\n<p>M\u00eame avant que les cartes \u00e0 deux trous ne soient distribu\u00e9es, les deux joueurs qui suivent le croupier, qui se d\u00e9place d&rsquo;un si\u00e8ge dans le sens des aiguilles d&rsquo;une montre apr\u00e8s chaque main, doivent placer leurs blinds. La grosse blind (le deuxi\u00e8me joueur apr\u00e8s le croupier) est la mise de base que chaque joueur doit faire pour participer au tour de jeu. La petite blind (le premier joueur apr\u00e8s le croupier) est toujours la moiti\u00e9 de la grosse blind.<\/p>\n<p>Une fois que les deux joueurs ont mis\u00e9 leurs blinds et ainsi mis leur premier argent r\u00e9el dans le pot, chaque joueur re\u00e7oit ses cartes \u00e0 deux trous. Chaque joueur ne peut voir que ses deux cartes face cach\u00e9e.<\/p>\n<p>Les joueurs peuvent maintenant d\u00e9cider \u00e0 tour de r\u00f4le s&rsquo;ils veulent payer la grosse blind pour participer au tour de jeu. Les joueurs qui n&rsquo;ont pas eu \u00e0 miser la petite ou la grande blind au pr\u00e9alable ont \u00e9galement la possibilit\u00e9 de se coucher et ainsi de suspendre le tour sans perdre leur mise. Il est \u00e9galement possible de relancer la mise avant que les premi\u00e8res cartes communes ne soient r\u00e9v\u00e9l\u00e9es. Tous les joueurs \u00e0 la table doivent alors payer la mise augment\u00e9e s&rsquo;ils veulent voir les cartes communes au centre de la table.<\/p>\n<p>Apr\u00e8s tout, les joueurs ont pris une d\u00e9cision et pli\u00e9 ou pay\u00e9 la mise la plus \u00e9lev\u00e9e \u00e0 la table, les trois premi\u00e8res cartes communes sont r\u00e9v\u00e9l\u00e9es. Le soi-disant flop forme maintenant votre main pr\u00e9liminaire de cinq cartes avec vos cartes ferm\u00e9es.<\/p>\n<p>Maintenant, les calculs, les \u00e9valuations et les bluffs commencent. Quelle est la valeur de votre main? Est-il possible, sur la base de cartes communes connues, que votre adversaire ait une meilleure main? Quelle est la probabilit\u00e9 qu&rsquo;une certaine carte qui vous manque encore pour une main forte arrive avec les deux derni\u00e8res cartes de vos cartes communes et fasse de vous un gagnant certain? Quel est le risque que votre adversaire obtienne une carte dans les deux derniers tours qui l&rsquo;aidera \u00e0 vous surpasser? \u00c0 quelle hauteur devez-vous jouer pour prot\u00e9ger votre main? O\u00f9 est votre propre seuil de douleur pour regarder les cartes restantes?<\/p>\n<p>Maintenant, il y a un tour de mise dans lequel les joueurs se relaient pour v\u00e9rifier ou suivre, c&rsquo;est-\u00e0-dire appuyer ou payer la mise la plus \u00e9lev\u00e9e du tour en cours, se coucher, c&rsquo;est-\u00e0-dire passer, ou relancer, c&rsquo;est-\u00e0-dire relancer. Si tous les joueurs ont pli\u00e9 ou pay\u00e9 la mise la plus \u00e9lev\u00e9e de ce tour, la quatri\u00e8me carte commune, le tour, est retourn\u00e9e.<\/p>\n<p>Chaque joueur a maintenant le choix entre six cartes pour former une main des cinq premi\u00e8res cartes. Une fois la main distribu\u00e9e, il y a un autre tour de mise, qui se d\u00e9roule exactement de la m\u00eame mani\u00e8re qu&rsquo;apr\u00e8s le flop.<\/p>\n<p>Apr\u00e8s ce tour d&rsquo;ench\u00e8res, la cinqui\u00e8me et derni\u00e8re carte, la rivi\u00e8re, est distribu\u00e9e. Cette carte est suivie d&rsquo;un autre tour d&rsquo;ench\u00e8res qui est \u00e9galement votre derni\u00e8re chance de presser votre adversaire pour les derniers euros si vous \u00eates s\u00fbr de gagner, d&rsquo;appeler vos bluffs ou de faire renoncer vos adversaires potentiels \u00e0 essayer de gagner le pot avec une mise \u00e9lev\u00e9e.<\/p>\n<p>Si les mises maximales d&rsquo;au moins deux joueurs ont \u00e9t\u00e9 plac\u00e9es lors du dernier tour d&rsquo;ench\u00e8res, il s&rsquo;agit d&rsquo;une confrontation et les deux joueurs r\u00e9v\u00e8lent leurs cartes personnelles. Le joueur avec la main la plus pr\u00e9cieuse est maintenant le gagnant. En cas d&rsquo;\u00e9galit\u00e9, le pot est partag\u00e9.<\/p>\n<p>Trois astuces simples pour le Texas Holdem:<\/p>\n<ul>\n<li>Apprenez \u00e0 mesurer vos adversaires;<\/li>\n<li>Apprenez \u00e0 calculer les probabilit\u00e9s tout en jouant, afin de mieux estimer vos chances;<\/li>\n<li>Essayez d&rsquo;\u00eatre aussi opaque que possible et confondez d\u00e9lib\u00e9r\u00e9ment vos adversaires.<\/li>\n<\/ul>\n<p>Soit vous parvenez \u00e0 faire plier tous vos adversaires avant m\u00eame que les cartes ne soient r\u00e9v\u00e9l\u00e9es, soit vous avez r\u00e9ellement la meilleure main et finissez par gagner. \u00c9valuer vos adversaires( lire), agir sur des probabilit\u00e9s calcul\u00e9es et manipuler intelligemment leur perception de vous et de la fa\u00e7on dont vous jouez au poker Texas holdem Mr Green sont les trois exigences de base pour r\u00e9ussir les parties de poker Texas Holdem en ligne.<\/p>\n<p>C&rsquo;est l&rsquo;atmosph\u00e8re unique et remplie de tension de jouer au Texas Holdem sans limite qui fait de cette variante de poker un favori mondial.<\/p>\n<p><img loading=\"lazy\" decoding=\"async\" class=\"aligncenter wp-image-710 size-large\" src=\"https:\/\/mrgreencasinos.com\/wp-content\/uploads\/2022\/08\/holdem-poker-1024x683.jpeg\" alt=\"holdem poker Mr green\" width=\"1024\" height=\"683\" srcset=\"https:\/\/mrgreencasinos.com\/wp-content\/uploads\/2022\/08\/holdem-poker-1024x683.jpeg 1024w, https:\/\/mrgreencasinos.com\/wp-content\/uploads\/2022\/08\/holdem-poker-300x200.jpeg 300w, https:\/\/mrgreencasinos.com\/wp-content\/uploads\/2022\/08\/holdem-poker-768x512.jpeg 768w, https:\/\/mrgreencasinos.com\/wp-content\/uploads\/2022\/08\/holdem-poker-720x480.jpeg 720w, https:\/\/mrgreencasinos.com\/wp-content\/uploads\/2022\/08\/holdem-poker.jpeg 1200w\" sizes=\"auto, (max-width: 1024px) 100vw, 1024px\" \/><\/p>\n<h2>Le Texas Holdem est-il une variante populaire du poker?<\/h2>\n<p>Oui, le Texas Holdem est en effet la plus populaire de toutes les vari\u00e9t\u00e9s de poker. Cela est d\u00fb \u00e0 l&rsquo;apparente simplicit\u00e9 et, en m\u00eame temps, \u00e0 la complexit\u00e9 du concept du jeu, au grand int\u00e9r\u00eat des m\u00e9dias et \u00e0 l&rsquo;histoire de ce jeu de cartes. Pour de nombreux joueurs, Mr Green online Texas holdem poker Australia est synonyme de poker. Cela se refl\u00e8te naturellement dans la gamme des sites de poker en ligne. Le Texas Holdem est de loin la variante de poker la plus jou\u00e9e sur Internet. Cela s&rsquo;applique \u00e9galement aux casinos.<\/p>\n<div class=\"t-go\"><a href=\"\/go-casino\/?brand=mrgreen\">BONUS DE R\u00c9CLAMATION<\/a><\/div>\n<h2>Puis-je jouer au Holdem en ligne pour de l&rsquo;argent r\u00e9el?<\/h2>\n<p>Oui, pour la grande majorit\u00e9 de tous les jeux de poker en ligne, vous pouvez t\u00e9l\u00e9charger gratuitement Mr Green holdem poker. Cela signifie que sur presque tous les sites de poker en ligne, vous trouverez une grande s\u00e9lection, sinon \u00e9norme, de jeux de Texas Holdem. Le No Limit est la forme la plus courante, notamment parce qu&rsquo;il m\u00e8ne aux moments spectaculaires pour lesquels le poker est connu. Mais vous pouvez \u00e9galement trouver de nombreux jeux \u00e0 limite fixe et \u00e0 limite de pot.<\/p>\n<h2>Le Texas Holdem est-il un jeu de hasard?<\/h2>\n<p>Le Texas Holdem, comme toutes les autres formes de poker, combine chance et habilet\u00e9. C&rsquo;est ce m\u00e9lange qui rend le poker si excitant et parfois frustrant. En bref, la chance joue toujours un r\u00f4le au Texas Holdem. Mais les joueurs qui abordent le jeu avec une strat\u00e9gie et une logique rationnelles ont toujours les meilleures chances de gagner de toute fa\u00e7on. Et \u00e0 long terme, ce sont ces joueurs qui gagnent invariablement.<\/p>\n<h2>Est-il facile d&rsquo;apprendre le Holdem?<\/h2>\n<p>Oui, mais les subtilit\u00e9s du jeu sont plus complexes qu&rsquo;elles n&rsquo;y paraissent au premier abord. Rappelez-vous que, contrairement \u00e0 un jeu de casino, au poker, vous jouez contre d&rsquo;autres personnes. Par cons\u00e9quent, le poker peut \u00eatre gagn\u00e9. Mais cela implique \u00e9galement un aspect psychologique important. Pour r\u00e9ussir \u00e0 jouer au Texas Holdem, vous devez \u00e9galement faire face \u00e0 cette partie de la strat\u00e9gie. Selon la l\u00e9gende du poker Mike Sexton, le poker peut \u00eatre appris en quelques minutes, mais sa perfection peut prendre toute une vie.<\/p>\n","protected":false},"excerpt":{"rendered":"<p>Le Texas Holdem est la variante la plus populaire du jeu de cartes de poker. Par cons\u00e9quent, sur les nombreux [&hellip;]<\/p>\n","protected":false},"author":1,"featured_media":0,"parent":0,"menu_order":0,"comment_status":"closed","ping_status":"closed","template":"","meta":{"footnotes":""},"class_list":["post-712","page","type-page","status-publish","hentry"],"acf":[],"yoast_head":"<!-- This site is optimized with the Yoast SEO plugin v17.9 - https:\/\/yoast.com\/wordpress\/plugins\/seo\/ -->\n<title>Poker Hold&#039;em - Jouez au Poker Texas Holdem sur Mr Green<\/title>\n<meta name=\"description\" content=\"Jouez avec Mr Green aujourd&#039;hui - la meilleure salle de poker en ligne au monde avec les meilleurs tournois en ligne. Apprenez \u00e0 jouer au texas holdem facilement\" \/>\n<meta name=\"robots\" content=\"index, follow, max-snippet:-1, max-image-preview:large, max-video-preview:-1\" \/>\n<link rel=\"canonical\" href=\"https:\/\/mrgreencasinos.com\/fr\/holdem-poker\/\" \/>\n<meta property=\"og:type\" content=\"article\" \/>\n<meta property=\"og:title\" content=\"Poker Hold&#039;em - Jouez au Poker Texas Holdem sur Mr Green\" \/>\n<meta property=\"og:description\" content=\"Jouez avec Mr Green aujourd&#039;hui - la meilleure salle de poker en ligne au monde avec les meilleurs tournois en ligne. Apprenez \u00e0 jouer au texas holdem facilement\" \/>\n<meta property=\"og:url\" content=\"https:\/\/mrgreencasinos.com\/fr\/holdem-poker\/\" \/>\n<meta property=\"og:site_name\" content=\"Casino MR Green\" \/>\n<meta property=\"article:modified_time\" content=\"2022-08-08T15:16:11+00:00\" \/>\n<meta property=\"og:image\" content=\"https:\/\/mrgreencasinos.com\/wp-content\/uploads\/2022\/08\/Taxas_holdem-300x216.png\" \/>\n<meta name=\"twitter:card\" content=\"summary_large_image\" \/>\n<meta name=\"twitter:label1\" content=\"Dur\u00e9e de lecture estim\u00e9e\" \/>\n\t<meta name=\"twitter:data1\" content=\"7 minutes\" \/>\n<script type=\"application\/ld+json\" class=\"yoast-schema-graph\">{\"@context\":\"https:\/\/schema.org\",\"@graph\":[{\"@type\":\"WebSite\",\"@id\":\"https:\/\/mrgreencasinos.com\/#website\",\"url\":\"https:\/\/mrgreencasinos.com\/\",\"name\":\"Casino MR Green\",\"description\":\"\",\"potentialAction\":[{\"@type\":\"SearchAction\",\"target\":{\"@type\":\"EntryPoint\",\"urlTemplate\":\"https:\/\/mrgreencasinos.com\/?s={search_term_string}\"},\"query-input\":\"required name=search_term_string\"}],\"inLanguage\":\"fr-FR\"},{\"@type\":\"ImageObject\",\"@id\":\"https:\/\/mrgreencasinos.com\/fr\/holdem-poker\/#primaryimage\",\"inLanguage\":\"fr-FR\",\"url\":\"https:\/\/mrgreencasinos.com\/wp-content\/uploads\/2022\/08\/Taxas_holdem.png\",\"contentUrl\":\"https:\/\/mrgreencasinos.com\/wp-content\/uploads\/2022\/08\/Taxas_holdem.png\",\"width\":672,\"height\":483,\"caption\":\"Taxas holdem Mr green\"},{\"@type\":\"WebPage\",\"@id\":\"https:\/\/mrgreencasinos.com\/fr\/holdem-poker\/#webpage\",\"url\":\"https:\/\/mrgreencasinos.com\/fr\/holdem-poker\/\",\"name\":\"Poker Hold'em - Jouez au Poker Texas Holdem sur Mr Green\",\"isPartOf\":{\"@id\":\"https:\/\/mrgreencasinos.com\/#website\"},\"primaryImageOfPage\":{\"@id\":\"https:\/\/mrgreencasinos.com\/fr\/holdem-poker\/#primaryimage\"},\"datePublished\":\"2022-08-05T08:15:56+00:00\",\"dateModified\":\"2022-08-08T15:16:11+00:00\",\"description\":\"Jouez avec Mr Green aujourd'hui - la meilleure salle de poker en ligne au monde avec les meilleurs tournois en ligne. Apprenez \\u00e0 jouer au texas holdem facilement\",\"breadcrumb\":{\"@id\":\"https:\/\/mrgreencasinos.com\/fr\/holdem-poker\/#breadcrumb\"},\"inLanguage\":\"fr-FR\",\"potentialAction\":[{\"@type\":\"ReadAction\",\"target\":[\"https:\/\/mrgreencasinos.com\/fr\/holdem-poker\/\"]}]},{\"@type\":\"BreadcrumbList\",\"@id\":\"https:\/\/mrgreencasinos.com\/fr\/holdem-poker\/#breadcrumb\",\"itemListElement\":[{\"@type\":\"ListItem\",\"position\":1,\"name\":\"Home\",\"item\":\"https:\/\/mrgreencasinos.com\/fr\/review-of-the-official-mr-green-website\/\"},{\"@type\":\"ListItem\",\"position\":2,\"name\":\"Qu&#8217;est-ce que le poker Holdem?\"}]}]}<\/script>\n<!-- \/ Yoast SEO plugin. -->","yoast_head_json":{"title":"Poker Hold'em - Jouez au Poker Texas Holdem sur Mr Green","description":"Jouez avec Mr Green aujourd'hui - la meilleure salle de poker en ligne au monde avec les meilleurs tournois en ligne. Apprenez \u00e0 jouer au texas holdem facilement","robots":{"index":"index","follow":"follow","max-snippet":"max-snippet:-1","max-image-preview":"max-image-preview:large","max-video-preview":"max-video-preview:-1"},"canonical":"https:\/\/mrgreencasinos.com\/fr\/holdem-poker\/","og_type":"article","og_title":"Poker Hold'em - Jouez au Poker Texas Holdem sur Mr Green","og_description":"Jouez avec Mr Green aujourd'hui - la meilleure salle de poker en ligne au monde avec les meilleurs tournois en ligne. Apprenez \u00e0 jouer au texas holdem facilement","og_url":"https:\/\/mrgreencasinos.com\/fr\/holdem-poker\/","og_site_name":"Casino MR Green","article_modified_time":"2022-08-08T15:16:11+00:00","og_image":[{"url":"https:\/\/mrgreencasinos.com\/wp-content\/uploads\/2022\/08\/Taxas_holdem-300x216.png"}],"twitter_card":"summary_large_image","twitter_misc":{"Dur\u00e9e de lecture estim\u00e9e":"7 minutes"},"schema":{"@context":"https:\/\/schema.org","@graph":[{"@type":"WebSite","@id":"https:\/\/mrgreencasinos.com\/#website","url":"https:\/\/mrgreencasinos.com\/","name":"Casino MR Green","description":"","potentialAction":[{"@type":"SearchAction","target":{"@type":"EntryPoint","urlTemplate":"https:\/\/mrgreencasinos.com\/?s={search_term_string}"},"query-input":"required name=search_term_string"}],"inLanguage":"fr-FR"},{"@type":"ImageObject","@id":"https:\/\/mrgreencasinos.com\/fr\/holdem-poker\/#primaryimage","inLanguage":"fr-FR","url":"https:\/\/mrgreencasinos.com\/wp-content\/uploads\/2022\/08\/Taxas_holdem.png","contentUrl":"https:\/\/mrgreencasinos.com\/wp-content\/uploads\/2022\/08\/Taxas_holdem.png","width":672,"height":483,"caption":"Taxas holdem Mr green"},{"@type":"WebPage","@id":"https:\/\/mrgreencasinos.com\/fr\/holdem-poker\/#webpage","url":"https:\/\/mrgreencasinos.com\/fr\/holdem-poker\/","name":"Poker Hold'em - Jouez au Poker Texas Holdem sur Mr Green","isPartOf":{"@id":"https:\/\/mrgreencasinos.com\/#website"},"primaryImageOfPage":{"@id":"https:\/\/mrgreencasinos.com\/fr\/holdem-poker\/#primaryimage"},"datePublished":"2022-08-05T08:15:56+00:00","dateModified":"2022-08-08T15:16:11+00:00","description":"Jouez avec Mr Green aujourd'hui - la meilleure salle de poker en ligne au monde avec les meilleurs tournois en ligne. Apprenez \u00e0 jouer au texas holdem facilement","breadcrumb":{"@id":"https:\/\/mrgreencasinos.com\/fr\/holdem-poker\/#breadcrumb"},"inLanguage":"fr-FR","potentialAction":[{"@type":"ReadAction","target":["https:\/\/mrgreencasinos.com\/fr\/holdem-poker\/"]}]},{"@type":"BreadcrumbList","@id":"https:\/\/mrgreencasinos.com\/fr\/holdem-poker\/#breadcrumb","itemListElement":[{"@type":"ListItem","position":1,"name":"Home","item":"https:\/\/mrgreencasinos.com\/fr\/review-of-the-official-mr-green-website\/"},{"@type":"ListItem","position":2,"name":"Qu&#8217;est-ce que le poker Holdem?"}]}]}},"_links":{"self":[{"href":"https:\/\/mrgreencasinos.com\/fr\/wp-json\/wp\/v2\/pages\/712","targetHints":{"allow":["GET"]}}],"collection":[{"href":"https:\/\/mrgreencasinos.com\/fr\/wp-json\/wp\/v2\/pages"}],"about":[{"href":"https:\/\/mrgreencasinos.com\/fr\/wp-json\/wp\/v2\/types\/page"}],"author":[{"embeddable":true,"href":"https:\/\/mrgreencasinos.com\/fr\/wp-json\/wp\/v2\/users\/1"}],"replies":[{"embeddable":true,"href":"https:\/\/mrgreencasinos.com\/fr\/wp-json\/wp\/v2\/comments?post=712"}],"version-history":[{"count":4,"href":"https:\/\/mrgreencasinos.com\/fr\/wp-json\/wp\/v2\/pages\/712\/revisions"}],"predecessor-version":[{"id":839,"href":"https:\/\/mrgreencasinos.com\/fr\/wp-json\/wp\/v2\/pages\/712\/revisions\/839"}],"wp:attachment":[{"href":"https:\/\/mrgreencasinos.com\/fr\/wp-json\/wp\/v2\/media?parent=712"}],"curies":[{"name":"wp","href":"https:\/\/api.w.org\/{rel}","templated":true}]}}