{"id":722,"date":"2022-08-05T10:44:03","date_gmt":"2022-08-05T10:44:03","guid":{"rendered":"https:\/\/mrgreencasinos.com\/?page_id=722"},"modified":"2022-08-08T15:17:58","modified_gmt":"2022-08-08T15:17:58","slug":"no-deposit-bonus","status":"publish","type":"page","link":"https:\/\/mrgreencasinos.com\/fr\/no-deposit-bonus\/","title":{"rendered":"Bonus sans d\u00e9p\u00f4t"},"content":{"rendered":"<p>Le bonus d&rsquo;inscription sans d\u00e9p\u00f4t de Mr Green est essentiellement un \u00ab\u00a0paiement suppl\u00e9mentaire\u00a0\u00bb qu&rsquo;un joueur re\u00e7oit d&rsquo;un casino en ligne en plus des offres r\u00e9guli\u00e8res de jeux et de services de casino en ligne. Toutes les salles de jeux annoncent le meilleur bonus de casino en ligne et l&rsquo;utilisent comme l&rsquo;un des outils de marketing les plus importants pour attirer de nouveaux clients et inciter les clients existants \u00e0 revenir jouer au casino.<\/p>\n<h2>Quels sont les avantages d&rsquo;un bonus sans d\u00e9p\u00f4t?<\/h2>\n<p>Ces offres sont particuli\u00e8rement all\u00e9chantes car elles donnent aux joueurs la possibilit\u00e9 de gagner de l&rsquo;argent r\u00e9el sans rien risquer. Il existe deux formes de bonus qui viennent avec un bonus sans d\u00e9p\u00f4t Mr Green. Le plus commun est les tours gratuits. Lorsqu&rsquo;un nouveau client s&rsquo;inscrit, il re\u00e7oit un certain nombre de <a href=\"https:\/\/mrgreencasinos.com\/fr\/free-spins\/\">tours gratuits<\/a>, qui peuvent varier en fonction de la plate-forme. Des tours gratuits sont souvent donn\u00e9s pour des machines \u00e0 sous bien connues ou de <a href=\"https:\/\/mrgreencasinos.com\/fr\/new-games\/\">nouveaux jeux<\/a>. De cette fa\u00e7on, vous pouvez profiter des meilleurs jeux gratuitement ou apprendre \u00e0 conna\u00eetre de nouvelles machines \u00e0 sous.<\/p>\n<p>La deuxi\u00e8me forme de bonus est le cr\u00e9dit gratuit. Ici aussi, le montant peut varier en fonction de la plateforme. Apr\u00e8s cela, le cr\u00e9dit peut g\u00e9n\u00e9ralement \u00eatre utilis\u00e9 plus librement que les tours gratuits, et plusieurs jeux peuvent \u00eatre utilis\u00e9s sur la plate-forme. De cette fa\u00e7on, vous pouvez apprendre \u00e0 conna\u00eetre la plate-forme sans risque d&rsquo;argent r\u00e9el.<\/p>\n<div class=\"t-go\"><a href=\"\/go-casino\/?brand=mrgreen\">BONUS DE R\u00c9CLAMATION<\/a><\/div>\n<p>Souvent, le bonus de tours gratuits sans d\u00e9p\u00f4t de Mr Greens n&rsquo;est valable que sur une certaine machine \u00e0 sous en ligne. Parfois, ils peuvent \u00eatre s\u00e9lectionn\u00e9s, et tr\u00e8s rarement, ils peuvent \u00eatre utilis\u00e9s gratuitement dans le casino. Mais m\u00eame avec des cr\u00e9dits de d\u00e9part gratuits, il y a toujours des restrictions et des cat\u00e9gories ou des jeux exclus.<\/p>\n<p>Une attention particuli\u00e8re doit \u00eatre accord\u00e9e aux termes et conditions de la promotion des bonus. Parce que presque tous les bonus sans d\u00e9p\u00f4t contiennent des exigences de chiffre d&rsquo;affaires. La qualit\u00e9 de l&rsquo;offre en d\u00e9pend. Le facteur de rotation inclus d\u00e9termine la fr\u00e9quence \u00e0 laquelle le montant du cr\u00e9dit accord\u00e9 ou, dans le cas des tours gratuits, le nombre de gains doit \u00eatre mis\u00e9 pour que le casino fournisse r\u00e9ellement un paiement. Les facteurs de rotation sont g\u00e9n\u00e9ralement particuli\u00e8rement \u00e9lev\u00e9s pour les promotions sans d\u00e9p\u00f4t.<\/p>\n<p><img loading=\"lazy\" decoding=\"async\" class=\"aligncenter wp-image-720 size-large\" src=\"https:\/\/mrgreencasinos.com\/wp-content\/uploads\/2022\/08\/no-deposit-bonus-1024x538.jpeg\" alt=\"no deposit bonus mr green\" width=\"1024\" height=\"538\" srcset=\"https:\/\/mrgreencasinos.com\/wp-content\/uploads\/2022\/08\/no-deposit-bonus-1024x538.jpeg 1024w, https:\/\/mrgreencasinos.com\/wp-content\/uploads\/2022\/08\/no-deposit-bonus-300x158.jpeg 300w, https:\/\/mrgreencasinos.com\/wp-content\/uploads\/2022\/08\/no-deposit-bonus-768x403.jpeg 768w, https:\/\/mrgreencasinos.com\/wp-content\/uploads\/2022\/08\/no-deposit-bonus-720x378.jpeg 720w, https:\/\/mrgreencasinos.com\/wp-content\/uploads\/2022\/08\/no-deposit-bonus.jpeg 1200w\" sizes=\"auto, (max-width: 1024px) 100vw, 1024px\" \/><\/p>\n<h2>Comment puis-je obtenir un bonus sans d\u00e9p\u00f4t?<\/h2>\n<p>Le code bonus sans d\u00e9p\u00f4t Mr Green Australia est un bon moyen de commencer avec un fournisseur. Les promotions de bonus donnent aux joueurs soit un solde de d\u00e9part d&rsquo;argent bonus, soit un solde de tours gratuits pour une machine \u00e0 sous particuli\u00e8re. Dans les deux cas, le bonus de casino en ligne est une offre s\u00e9rieuse, car il vous permet de jouer au casino sans mettre votre propre argent en jeu.<\/p>\n<h2>Bonus Gratuit pour Jouer<\/h2>\n<p>Si vous obtenez des tours gratuits pour Book of Dead qui ne n\u00e9cessitent pas de d\u00e9p\u00f4t, ils sont principalement con\u00e7us pour vous permettre de regarder de plus pr\u00e8s le casino. M\u00eame si vous avez d\u00e9j\u00e0 beaucoup lu sur le fournisseur avant de jouer au casino, vous voudrez probablement voir par vous-m\u00eame si tout cela est vrai et si le casino convient m\u00eame \u00e0 votre type de joueur.<\/p>\n<p>Ainsi, en profitant d&rsquo;un bonus de casino en ligne, vous pouvez commencer \u00e0 jouer gratuitement sans avoir \u00e0 vous soucier de perdre de l&rsquo;argent si le r\u00e9glage et tout le reste ne vous plaisent pas.<\/p>\n<p>Pour obtenir de l&rsquo;argent de d\u00e9marrage ou des jeux gratuits, il vous suffit de vous inscrire au casino en ligne, d&rsquo;enregistrer vos coordonn\u00e9es et vous obtiendrez automatiquement le bonus ou de le demander par chat ou par e-mail aupr\u00e8s du support client.<\/p>\n<p>Vous pouvez g\u00e9n\u00e9ralement utiliser les bonus pour tenter votre chance \u00e0 de nombreux jeux de casino en direct et gagner beaucoup d&rsquo;argent. Certaines offres de bonus sans d\u00e9p\u00f4t sont soumises \u00e0 des exigences de rotation quelque peu \u00e9lev\u00e9es, et il devient plus difficile de gagner. Cependant, le casino s&rsquo;efforce de s&rsquo;assurer que vous vous amusiez \u00e0 jouer, surtout au d\u00e9but et lors de votre premi\u00e8re visite.<\/p>\n<div class=\"t-go\"><a href=\"\/go-casino\/?brand=mrgreen\">BONUS DE R\u00c9CLAMATION<\/a><\/div>\n<h2>Informations importantes sur le bonus sans d\u00e9p\u00f4t du casino<\/h2>\n<p>Afin de profiter de l&rsquo;offre de bonus tout de suite, vous devez vous inscrire aupr\u00e8s du casino. Les casinos qui offrent des bonus sans d\u00e9p\u00f4t le font pour que les nouveaux joueurs puissent conna\u00eetre le casino, l&rsquo;atmosph\u00e8re, les jeux, les m\u00e9thodes de paiement, le service client et tout le reste sans avoir \u00e0 parier de l&rsquo;argent r\u00e9el. Alors choisissez un casino qui offre un bonus gratuit et commencez \u00e0 jouer.<\/p>\n<p>Vous savez maintenant ce qu&rsquo;est un bonus sans d\u00e9p\u00f4t. Des jeux avec des tours gratuits sans d\u00e9p\u00f4t sont propos\u00e9s dans tous les casinos en ligne r\u00e9put\u00e9s. Si on vous propose des tours gratuits dans un casino en ligne ou un casino en argent r\u00e9el Mr Green bonus sans d\u00e9p\u00f4t, vous pouvez l&rsquo;accepter en toute s\u00e9curit\u00e9 sans rien risquer. Vous vous inscrivez au casino, entrez vos coordonn\u00e9es et recevez un bonus en cadeau avec lequel vous pouvez faire connaissance avec le casino et certaines machines \u00e0 sous sans mettre votre propre argent en jeu.<\/p>\n","protected":false},"excerpt":{"rendered":"<p>Le bonus d&rsquo;inscription sans d\u00e9p\u00f4t de Mr Green est essentiellement un \u00ab\u00a0paiement suppl\u00e9mentaire\u00a0\u00bb qu&rsquo;un joueur re\u00e7oit d&rsquo;un casino en ligne [&hellip;]<\/p>\n","protected":false},"author":1,"featured_media":0,"parent":0,"menu_order":0,"comment_status":"closed","ping_status":"closed","template":"","meta":{"footnotes":""},"class_list":["post-722","page","type-page","status-publish","hentry"],"acf":[],"yoast_head":"<!-- This site is optimized with the Yoast SEO plugin v17.9 - https:\/\/yoast.com\/wordpress\/plugins\/seo\/ -->\n<title>Bonus sans d\u00e9p\u00f4t Mr Green | Jouez gratuitement, gagnez pour de vrai!<\/title>\n<meta name=\"description\" content=\"Visitez le Casino en Ligne Mr Green et d\u00e9couvrez nos derniers Bonus et Promotions Sans D\u00e9p\u00f4t! Inscrivez-vous et recevez un Bonus de Casino d\u00e8s maintenant!\" \/>\n<meta name=\"robots\" content=\"index, follow, max-snippet:-1, max-image-preview:large, max-video-preview:-1\" \/>\n<link rel=\"canonical\" href=\"https:\/\/mrgreencasinos.com\/fr\/no-deposit-bonus\/\" \/>\n<meta property=\"og:type\" content=\"article\" \/>\n<meta property=\"og:title\" content=\"Bonus sans d\u00e9p\u00f4t Mr Green | Jouez gratuitement, gagnez pour de vrai!\" \/>\n<meta property=\"og:description\" content=\"Visitez le Casino en Ligne Mr Green et d\u00e9couvrez nos derniers Bonus et Promotions Sans D\u00e9p\u00f4t! Inscrivez-vous et recevez un Bonus de Casino d\u00e8s maintenant!\" \/>\n<meta property=\"og:url\" content=\"https:\/\/mrgreencasinos.com\/fr\/no-deposit-bonus\/\" \/>\n<meta property=\"og:site_name\" content=\"Casino MR Green\" \/>\n<meta property=\"article:modified_time\" content=\"2022-08-08T15:17:58+00:00\" \/>\n<meta property=\"og:image\" content=\"https:\/\/mrgreencasinos.com\/wp-content\/uploads\/2022\/08\/no-deposit-bonus-1024x538.jpeg\" \/>\n<meta name=\"twitter:card\" content=\"summary_large_image\" \/>\n<meta name=\"twitter:label1\" content=\"Dur\u00e9e de lecture estim\u00e9e\" \/>\n\t<meta name=\"twitter:data1\" content=\"4 minutes\" \/>\n<script type=\"application\/ld+json\" class=\"yoast-schema-graph\">{\"@context\":\"https:\/\/schema.org\",\"@graph\":[{\"@type\":\"WebSite\",\"@id\":\"https:\/\/mrgreencasinos.com\/#website\",\"url\":\"https:\/\/mrgreencasinos.com\/\",\"name\":\"Casino MR Green\",\"description\":\"\",\"potentialAction\":[{\"@type\":\"SearchAction\",\"target\":{\"@type\":\"EntryPoint\",\"urlTemplate\":\"https:\/\/mrgreencasinos.com\/?s={search_term_string}\"},\"query-input\":\"required name=search_term_string\"}],\"inLanguage\":\"fr-FR\"},{\"@type\":\"ImageObject\",\"@id\":\"https:\/\/mrgreencasinos.com\/fr\/no-deposit-bonus\/#primaryimage\",\"inLanguage\":\"fr-FR\",\"url\":\"https:\/\/mrgreencasinos.com\/wp-content\/uploads\/2022\/08\/no-deposit-bonus.jpeg\",\"contentUrl\":\"https:\/\/mrgreencasinos.com\/wp-content\/uploads\/2022\/08\/no-deposit-bonus.jpeg\",\"width\":1200,\"height\":630,\"caption\":\"no deposit bonus mr green\"},{\"@type\":\"WebPage\",\"@id\":\"https:\/\/mrgreencasinos.com\/fr\/no-deposit-bonus\/#webpage\",\"url\":\"https:\/\/mrgreencasinos.com\/fr\/no-deposit-bonus\/\",\"name\":\"Bonus sans d\\u00e9p\\u00f4t Mr Green | Jouez gratuitement, gagnez pour de vrai!\",\"isPartOf\":{\"@id\":\"https:\/\/mrgreencasinos.com\/#website\"},\"primaryImageOfPage\":{\"@id\":\"https:\/\/mrgreencasinos.com\/fr\/no-deposit-bonus\/#primaryimage\"},\"datePublished\":\"2022-08-05T10:44:03+00:00\",\"dateModified\":\"2022-08-08T15:17:58+00:00\",\"description\":\"Visitez le Casino en Ligne Mr Green et d\\u00e9couvrez nos derniers Bonus et Promotions Sans D\\u00e9p\\u00f4t! Inscrivez-vous et recevez un Bonus de Casino d\\u00e8s maintenant!\",\"breadcrumb\":{\"@id\":\"https:\/\/mrgreencasinos.com\/fr\/no-deposit-bonus\/#breadcrumb\"},\"inLanguage\":\"fr-FR\",\"potentialAction\":[{\"@type\":\"ReadAction\",\"target\":[\"https:\/\/mrgreencasinos.com\/fr\/no-deposit-bonus\/\"]}]},{\"@type\":\"BreadcrumbList\",\"@id\":\"https:\/\/mrgreencasinos.com\/fr\/no-deposit-bonus\/#breadcrumb\",\"itemListElement\":[{\"@type\":\"ListItem\",\"position\":1,\"name\":\"Home\",\"item\":\"https:\/\/mrgreencasinos.com\/fr\/review-of-the-official-mr-green-website\/\"},{\"@type\":\"ListItem\",\"position\":2,\"name\":\"Bonus sans d\\u00e9p\\u00f4t\"}]}]}<\/script>\n<!-- \/ Yoast SEO plugin. -->","yoast_head_json":{"title":"Bonus sans d\u00e9p\u00f4t Mr Green | Jouez gratuitement, gagnez pour de vrai!","description":"Visitez le Casino en Ligne Mr Green et d\u00e9couvrez nos derniers Bonus et Promotions Sans D\u00e9p\u00f4t! Inscrivez-vous et recevez un Bonus de Casino d\u00e8s maintenant!","robots":{"index":"index","follow":"follow","max-snippet":"max-snippet:-1","max-image-preview":"max-image-preview:large","max-video-preview":"max-video-preview:-1"},"canonical":"https:\/\/mrgreencasinos.com\/fr\/no-deposit-bonus\/","og_type":"article","og_title":"Bonus sans d\u00e9p\u00f4t Mr Green | Jouez gratuitement, gagnez pour de vrai!","og_description":"Visitez le Casino en Ligne Mr Green et d\u00e9couvrez nos derniers Bonus et Promotions Sans D\u00e9p\u00f4t! Inscrivez-vous et recevez un Bonus de Casino d\u00e8s maintenant!","og_url":"https:\/\/mrgreencasinos.com\/fr\/no-deposit-bonus\/","og_site_name":"Casino MR Green","article_modified_time":"2022-08-08T15:17:58+00:00","og_image":[{"url":"https:\/\/mrgreencasinos.com\/wp-content\/uploads\/2022\/08\/no-deposit-bonus-1024x538.jpeg"}],"twitter_card":"summary_large_image","twitter_misc":{"Dur\u00e9e de lecture estim\u00e9e":"4 minutes"},"schema":{"@context":"https:\/\/schema.org","@graph":[{"@type":"WebSite","@id":"https:\/\/mrgreencasinos.com\/#website","url":"https:\/\/mrgreencasinos.com\/","name":"Casino MR Green","description":"","potentialAction":[{"@type":"SearchAction","target":{"@type":"EntryPoint","urlTemplate":"https:\/\/mrgreencasinos.com\/?s={search_term_string}"},"query-input":"required name=search_term_string"}],"inLanguage":"fr-FR"},{"@type":"ImageObject","@id":"https:\/\/mrgreencasinos.com\/fr\/no-deposit-bonus\/#primaryimage","inLanguage":"fr-FR","url":"https:\/\/mrgreencasinos.com\/wp-content\/uploads\/2022\/08\/no-deposit-bonus.jpeg","contentUrl":"https:\/\/mrgreencasinos.com\/wp-content\/uploads\/2022\/08\/no-deposit-bonus.jpeg","width":1200,"height":630,"caption":"no deposit bonus mr green"},{"@type":"WebPage","@id":"https:\/\/mrgreencasinos.com\/fr\/no-deposit-bonus\/#webpage","url":"https:\/\/mrgreencasinos.com\/fr\/no-deposit-bonus\/","name":"Bonus sans d\u00e9p\u00f4t Mr Green | Jouez gratuitement, gagnez pour de vrai!","isPartOf":{"@id":"https:\/\/mrgreencasinos.com\/#website"},"primaryImageOfPage":{"@id":"https:\/\/mrgreencasinos.com\/fr\/no-deposit-bonus\/#primaryimage"},"datePublished":"2022-08-05T10:44:03+00:00","dateModified":"2022-08-08T15:17:58+00:00","description":"Visitez le Casino en Ligne Mr Green et d\u00e9couvrez nos derniers Bonus et Promotions Sans D\u00e9p\u00f4t! Inscrivez-vous et recevez un Bonus de Casino d\u00e8s maintenant!","breadcrumb":{"@id":"https:\/\/mrgreencasinos.com\/fr\/no-deposit-bonus\/#breadcrumb"},"inLanguage":"fr-FR","potentialAction":[{"@type":"ReadAction","target":["https:\/\/mrgreencasinos.com\/fr\/no-deposit-bonus\/"]}]},{"@type":"BreadcrumbList","@id":"https:\/\/mrgreencasinos.com\/fr\/no-deposit-bonus\/#breadcrumb","itemListElement":[{"@type":"ListItem","position":1,"name":"Home","item":"https:\/\/mrgreencasinos.com\/fr\/review-of-the-official-mr-green-website\/"},{"@type":"ListItem","position":2,"name":"Bonus sans d\u00e9p\u00f4t"}]}]}},"_links":{"self":[{"href":"https:\/\/mrgreencasinos.com\/fr\/wp-json\/wp\/v2\/pages\/722","targetHints":{"allow":["GET"]}}],"collection":[{"href":"https:\/\/mrgreencasinos.com\/fr\/wp-json\/wp\/v2\/pages"}],"about":[{"href":"https:\/\/mrgreencasinos.com\/fr\/wp-json\/wp\/v2\/types\/page"}],"author":[{"embeddable":true,"href":"https:\/\/mrgreencasinos.com\/fr\/wp-json\/wp\/v2\/users\/1"}],"replies":[{"embeddable":true,"href":"https:\/\/mrgreencasinos.com\/fr\/wp-json\/wp\/v2\/comments?post=722"}],"version-history":[{"count":4,"href":"https:\/\/mrgreencasinos.com\/fr\/wp-json\/wp\/v2\/pages\/722\/revisions"}],"predecessor-version":[{"id":841,"href":"https:\/\/mrgreencasinos.com\/fr\/wp-json\/wp\/v2\/pages\/722\/revisions\/841"}],"wp:attachment":[{"href":"https:\/\/mrgreencasinos.com\/fr\/wp-json\/wp\/v2\/media?parent=722"}],"curies":[{"name":"wp","href":"https:\/\/api.w.org\/{rel}","templated":true}]}}