{"id":732,"date":"2022-08-05T11:12:53","date_gmt":"2022-08-05T11:12:53","guid":{"rendered":"https:\/\/mrgreencasinos.com\/?page_id=732"},"modified":"2022-08-08T15:19:50","modified_gmt":"2022-08-08T15:19:50","slug":"android","status":"publish","type":"page","link":"https:\/\/mrgreencasinos.com\/fr\/android\/","title":{"rendered":"Mr Green pour Android"},"content":{"rendered":"<p>De superbes jeux et un maximum de commodit\u00e9 &#8211; c&rsquo;est ce qui vous attend dans les meilleures applications de casino en argent r\u00e9el avec t\u00e9l\u00e9chargements. D\u00e9couvrez la meilleure application de jeu.<\/p>\n<h2>Chances de gagner et chances de paiement<\/h2>\n<p>Les cotes de paiement (souvent aussi appel\u00e9es RTP, Return to Player) sont toujours d&rsquo;un grand int\u00e9r\u00eat pour les joueurs &#8211; car elles fournissent des informations sur les attentes th\u00e9oriques de gagner dans les jeux. La liste suivante pr\u00e9sente les jeux en argent r\u00e9el du casino Mr Green games pour Android avec les ratios de paiement les plus \u00e9lev\u00e9s. Mais remarque: La valeur RTP est d\u00e9termin\u00e9e sur une plus longue p\u00e9riode de temps et peut \u00eatre abaiss\u00e9e par des fonctionnalit\u00e9s de jeu suppl\u00e9mentaires telles que le jeu \u00e0 risque.<\/p>\n<p style=\"text-align: center;\"><img loading=\"lazy\" decoding=\"async\" class=\"size-full wp-image-726 aligncenter\" src=\"https:\/\/mrgreencasinos.com\/wp-content\/uploads\/2022\/08\/mr-green-logo-1.png\" alt=\"mr green logo\" width=\"300\" height=\"190\" \/><\/p>\n<h2>Puis-je aussi essayer des jeux mobiles gratuitement?<\/h2>\n<p>Les applications de casino mobiles vous proposent des jeux pour de l&rsquo;argent r\u00e9el. Malgr\u00e9 cela, vous pouvez \u00e9galement essayer tous les jeux pour les jeux gratuits pour Android Mr Green apr\u00e8s votre inscription. Cela donne aux nouveaux joueurs, en particulier, la possibilit\u00e9 de choisir leurs jeux pr\u00e9f\u00e9r\u00e9s parmi une large gamme &#8211; ou d&rsquo;essayer des strat\u00e9gies.<\/p>\n<p>Un autre avantage: vous pouvez installer des applications de casino gratuites sans frais suppl\u00e9mentaires. L&rsquo;inscription est \u00e9galement gratuite. Si vous \u00eates initialement sceptique quant \u00e0 un nouveau fournisseur, vous pouvez tester l&rsquo;offre sans engagement.<\/p>\n<p>L&rsquo;application de casino r\u00e9put\u00e9e vous offre des options de d\u00e9p\u00f4t et de retrait s\u00e9curis\u00e9es. De cette fa\u00e7on, vous pouvez effectuer des paiements sans temps bancaire ennuyeux et disposer imm\u00e9diatement des fonds.<\/p>\n<div class=\"t-go\"><a href=\"\/go-casino\/?brand=mrgreen\">BONUS DE R\u00c9CLAMATION<\/a><\/div>\n<h2>Compatibilit\u00e9 et exigences minimales<\/h2>\n<p>Chaque application de jeu est li\u00e9e \u00e0 un syst\u00e8me d&rsquo;exploitation mobile. Ainsi, la question de la compatibilit\u00e9 joue un r\u00f4le important. La plupart des repr\u00e9sentants vous fournissent une application de jeu moderne Mr Green Android. Le nombre de solutions <a href=\"https:\/\/mrgreencasinos.com\/fr\/software\/\">logicielles<\/a> pour iOS est assez faible.<\/p>\n<h2>Ce que vous devez savoir lors de l&rsquo;installation d&rsquo;une application de casino<\/h2>\n<p>Il existe des diff\u00e9rences dans le processus d&rsquo;installation. Les versions des applications Android, d&rsquo;autre part, peuvent \u00eatre trouv\u00e9es en t\u00e9l\u00e9chargement sur le site Web du casino ainsi que sur Google Playstore:<\/p>\n<ul>\n<li>Conna\u00eetre les exigences<\/li>\n<\/ul>\n<p>Avant de commencer le t\u00e9l\u00e9chargement, renseignez-vous sur les exigences techniques. Tous les appareils ne conviennent pas \u00e0 toutes les applications de casino.<\/p>\n<ul>\n<li>Lancer le t\u00e9l\u00e9chargement<\/li>\n<\/ul>\n<p>Si tout vous convient, commencez \u00e0 t\u00e9l\u00e9charger l&rsquo;application et Mr Green se connecte \u00e0 Android. Vous n&rsquo;aurez pas \u00e0 attendre longtemps, et ce sera fait en quelques secondes.<\/p>\n<ul>\n<li>Essayez les contr\u00f4les<\/li>\n<\/ul>\n<p>Avant de commencer \u00e0 jouer, familiarisez-vous avec le fonctionnement et la navigation de l&rsquo;application de casino. De cette fa\u00e7on, rien ne peut mal tourner d\u00e8s le d\u00e9part.<\/p>\n<h2>Commencez \u00e0 jouer<\/h2>\n<p>Une fois que vous avez une bonne compr\u00e9hension de l&rsquo;application, vous pouvez commencer \u00e0 jouer. Recherchez un bonus int\u00e9ressant et laissez votre premier d\u00e9p\u00f4t \u00eatre grassement r\u00e9compens\u00e9.<\/p>\n<p>Si vous obtenez l&rsquo;application directement \u00e0 partir du site Web du casino, vous devrez t\u00e9l\u00e9charger le fichier APK. Pour l&rsquo;installer, vous devez d&rsquo;abord activer \u00ab\u00a0Autoriser l&rsquo;installation \u00e0 partir de sources inconnues\u00a0\u00bb dans les param\u00e8tres de s\u00e9curit\u00e9 de votre appareil Android. Cela permettra \u00e0 votre appareil mobile d&rsquo;installer des fichiers, pas \u00e0 partir de Playstore.<\/p>\n<p>L&rsquo;installation manuelle se fait \u00e9galement en quelques \u00e9tapes seulement. Les utilisateurs r\u00e9guliers, en particulier, sont invit\u00e9s \u00e0 d\u00e9sactiver l&rsquo;option \u00ab\u00a0Sources inconnues\u00a0\u00bb apr\u00e8s l&rsquo;installation de l&rsquo;application de jeu. Cela vous prot\u00e9gera de l&rsquo;installation accidentelle de contenu qui n&rsquo;a pas sa place sur votre t\u00e9l\u00e9phone.<\/p>\n<h2>Quelles sont les diff\u00e9rences de performance et de clart\u00e9?<\/h2>\n<p>Par rapport \u00e0 un PC, vous pouvez vous attendre \u00e0 des diff\u00e9rences claires dans l&rsquo;application Android Mr Green real money pour les meilleurs jeux de hasard. Les menus sont sp\u00e9cifiquement adapt\u00e9s \u00e0 la taille d&rsquo;affichage de votre smartphone ou tablette. Cela signifie que tout le contenu est facilement reconnaissable. De plus, les boutons sont dispos\u00e9s de mani\u00e8re \u00e0 ce que vous puissiez les utiliser simplement en touchant votre doigt sur l&rsquo;\u00e9cran tactile. Le contr\u00f4le tactile est plus pratique que la version de bureau \u00e0 l&rsquo;aide d&rsquo;une souris et d&rsquo;un clavier.<\/p>\n<div class=\"t-go\"><a href=\"\/go-casino\/?brand=mrgreen\">BONUS DE R\u00c9CLAMATION<\/a><\/div>\n<h2>T\u00e9l\u00e9chargement et portail web-quelles sont les diff\u00e9rences?<\/h2>\n<p>Il existe deux fa\u00e7ons de jouer aux casinos en ligne: via un logiciel t\u00e9l\u00e9chargeable ou via un navigateur Web mobile. Il y a des diff\u00e9rences cruciales. L&rsquo;application t\u00e9l\u00e9chargeable r\u00e9duit le temps de t\u00e9l\u00e9chargement car la majeure partie des fichiers est d\u00e9j\u00e0 install\u00e9e sur votre appareil mobile et le jeu instantan\u00e9 est disponible. Cela fait une diff\u00e9rence, surtout lorsque vous \u00eates en d\u00e9placement et que vous disposez d&rsquo;une connexion Internet mobile.<\/p>\n<p>L&rsquo;application de casino en ligne t\u00e9l\u00e9chargeable utilise les ressources de votre appareil mobile, pas seulement votre navigateur mobile. Par cons\u00e9quent, il est mieux optimis\u00e9 pour les jeux mobiles. De plus, les applications Web sont plus sujettes aux erreurs sur le navigateur mobile. Un mouvement maladroit de la main suffit et le contenu de la page dispara\u00eet. Si vous souhaitez quitter l&rsquo;application install\u00e9e, cela ne peut \u00eatre fait que via le menu.<\/p>\n<p><img loading=\"lazy\" decoding=\"async\" class=\"aligncenter wp-image-730 size-full\" src=\"https:\/\/mrgreencasinos.com\/wp-content\/uploads\/2022\/08\/casino_online.jpeg\" alt=\"casino online android\" width=\"1024\" height=\"768\" srcset=\"https:\/\/mrgreencasinos.com\/wp-content\/uploads\/2022\/08\/casino_online.jpeg 1024w, https:\/\/mrgreencasinos.com\/wp-content\/uploads\/2022\/08\/casino_online-300x225.jpeg 300w, https:\/\/mrgreencasinos.com\/wp-content\/uploads\/2022\/08\/casino_online-768x576.jpeg 768w, https:\/\/mrgreencasinos.com\/wp-content\/uploads\/2022\/08\/casino_online-720x540.jpeg 720w\" sizes=\"auto, (max-width: 1024px) 100vw, 1024px\" \/><\/p>\n<h2>Avantages du t\u00e9l\u00e9chargement d&rsquo;applications de casino<\/h2>\n<p>Quels avantages les utilisateurs d&rsquo;applications attendent &#8211; ils-et justifient-ils le t\u00e9l\u00e9chargement suppl\u00e9mentaire d&rsquo;une application de casino? La comparaison ci-dessous vous aidera \u00e0 d\u00e9cider si la version t\u00e9l\u00e9chargeable vous convient. Un test pratique le confirme: Les applications de casino en argent r\u00e9el offrent des avantages techniques &#8211; mais certaines choses d\u00e9pendent de vos pr\u00e9f\u00e9rences personnelles.<\/p>\n<p>T\u00e9l\u00e9chargement de Mr Green mobile App Android:<\/p>\n<ul>\n<li>Temps de t\u00e9l\u00e9chargement r\u00e9duit;<\/li>\n<li>Utilisation plus efficace des ressources mat\u00e9rielles et du syst\u00e8me d&rsquo;exploitation;<\/li>\n<li>Notifications d&rsquo;application personnalisables;<\/li>\n<li>T\u00e9l\u00e9chargement requis;<\/li>\n<li>Des droits d&rsquo;acc\u00e8s \u00e0 l&rsquo;application peuvent \u00eatre requis.<\/li>\n<\/ul>\n<p>Casino mobile sans t\u00e9l\u00e9chargement:<\/p>\n<ul>\n<li>Jeux d&rsquo;argent bas\u00e9s sur un navigateur sur un appareil mobile;<\/li>\n<li>Des temps d&rsquo;acc\u00e8s plus longs;<\/li>\n<li>Utilisation limit\u00e9e du mat\u00e9riel;<\/li>\n<li>Pas de fonctionnalit\u00e9s sp\u00e9ciales telles que les notifications push;<\/li>\n<li>Aucun t\u00e9l\u00e9chargement requis;<\/li>\n<\/ul>\n<p>L&rsquo;application Web ne n\u00e9cessite aucune autorisation suppl\u00e9mentaire.<\/p>\n<p>Les applications de <a href=\"https:\/\/mrgreencasinos.com\/fr\/\">casino en ligne<\/a> install\u00e9es peuvent mieux utiliser les ressources de votre appareil mobile et m\u00eame afficher des graphismes et un design plus sophistiqu\u00e9s. L&rsquo;application web est une solution de compromis avec une compatibilit\u00e9 \u00e9lev\u00e9e. Si vous choisissez d\u00e9finitivement un fournisseur, la version t\u00e9l\u00e9chargeable avec ses avantages pr\u00e9vaudra.<\/p>\n<div class=\"t-go\"><a href=\"\/go-casino\/?brand=mrgreen\">BONUS DE R\u00c9CLAMATION<\/a><\/div>\n<h2>5 conseils utiles pour les utilisateurs d&rsquo;applications de casino<\/h2>\n<p>Vous trouverez ici quelques conseils pratiques pour la s\u00e9curit\u00e9 et le confort. De cette fa\u00e7on, vous pouvez \u00e9viter certaines erreurs d\u00e8s le d\u00e9but et profiter encore plus des jeux de casino en argent r\u00e9el:<\/p>\n<ul>\n<li>T\u00e9l\u00e9chargez uniquement l&rsquo;application de casino \u00e0 partir de sources s\u00fbres<\/li>\n<\/ul>\n<p>Les applications de casino en ligne peuvent \u00eatre obtenues de deux mani\u00e8res: via les magasins d&rsquo;applications Google et Apple ou via le site Web du casino.<\/p>\n<ul>\n<li>N&rsquo;enregistrez jamais votre mot de passe<\/li>\n<\/ul>\n<p>La partie de l&rsquo;\u00e9cran qui dit \u00ab\u00a0Enregistrer le mot de passe\u00a0\u00bb. Les appareils mobiles modernes offrent la possibilit\u00e9 d&rsquo;enregistrer vos propres mots de passe dans votre portefeuille. Si votre t\u00e9l\u00e9phone n&rsquo;a pas de code PIN ou de verrouillage d&rsquo;\u00e9cran par empreinte digitale, il est pr\u00e9f\u00e9rable de ne pas l&rsquo;utiliser.<\/p>\n<ul>\n<li>Assurez &#8211; vous d&rsquo;avoir une connexion stable<\/li>\n<\/ul>\n<p>Toute application de casino en ligne n\u00e9cessite un acc\u00e8s Internet stable.<\/p>\n<ul>\n<li>Faites attention \u00e0 la consommation de donn\u00e9es<\/li>\n<\/ul>\n<p>M\u00eame la meilleure application de casino est en communication constante avec le serveur.<\/p>\n<ul>\n<li>Faites attention \u00e0 la consommation de la batterie<\/li>\n<\/ul>\n<p>De nombreux jeux plus r\u00e9cents utilisent des graphismes haute r\u00e9solution et des animations complexes. Plus le jeu n\u00e9cessite de puissance de traitement de votre appareil mobile, plus la consommation de la batterie est \u00e9lev\u00e9e.<\/p>\n<p>Maximisez votre plaisir de jeu avec les applications de casino. Les meilleures applications de casino facilitent votre vie de jeu avec des avantages en mati\u00e8re de navigation et d&rsquo;exp\u00e9rience de jeu. Par cons\u00e9quent, t\u00e9l\u00e9charger une application n&rsquo;est pas un must mais un plus!<\/p>\n","protected":false},"excerpt":{"rendered":"<p>De superbes jeux et un maximum de commodit\u00e9 &#8211; c&rsquo;est ce qui vous attend dans les meilleures applications de casino [&hellip;]<\/p>\n","protected":false},"author":1,"featured_media":0,"parent":0,"menu_order":0,"comment_status":"closed","ping_status":"closed","template":"","meta":{"footnotes":""},"class_list":["post-732","page","type-page","status-publish","hentry"],"acf":[],"yoast_head":"<!-- This site is optimized with the Yoast SEO plugin v17.9 - https:\/\/yoast.com\/wordpress\/plugins\/seo\/ -->\n<title>Mr Green Casino pour Android - T\u00e9l\u00e9chargement gratuit de Casino en ligne<\/title>\n<meta name=\"description\" content=\"D\u00e9couvrez comment t\u00e9l\u00e9charger et installer l&#039;application mobile Mr Green Casino sur votre appareil Android avec notre guide \u00e9tape par \u00e9tape. Lisez d\u00e8s maintenant!\" \/>\n<meta name=\"robots\" content=\"index, follow, max-snippet:-1, max-image-preview:large, max-video-preview:-1\" \/>\n<link rel=\"canonical\" href=\"https:\/\/mrgreencasinos.com\/fr\/android\/\" \/>\n<meta property=\"og:type\" content=\"article\" \/>\n<meta property=\"og:title\" content=\"Mr Green Casino pour Android - T\u00e9l\u00e9chargement gratuit de Casino en ligne\" \/>\n<meta property=\"og:description\" content=\"D\u00e9couvrez comment t\u00e9l\u00e9charger et installer l&#039;application mobile Mr Green Casino sur votre appareil Android avec notre guide \u00e9tape par \u00e9tape. Lisez d\u00e8s maintenant!\" \/>\n<meta property=\"og:url\" content=\"https:\/\/mrgreencasinos.com\/fr\/android\/\" \/>\n<meta property=\"og:site_name\" content=\"Casino MR Green\" \/>\n<meta property=\"article:modified_time\" content=\"2022-08-08T15:19:50+00:00\" \/>\n<meta property=\"og:image\" content=\"https:\/\/mrgreencasinos.com\/wp-content\/uploads\/2022\/08\/mr-green-logo-1.png\" \/>\n<meta name=\"twitter:card\" content=\"summary_large_image\" \/>\n<meta name=\"twitter:label1\" content=\"Dur\u00e9e de lecture estim\u00e9e\" \/>\n\t<meta name=\"twitter:data1\" content=\"6 minutes\" \/>\n<script type=\"application\/ld+json\" class=\"yoast-schema-graph\">{\"@context\":\"https:\/\/schema.org\",\"@graph\":[{\"@type\":\"WebSite\",\"@id\":\"https:\/\/mrgreencasinos.com\/#website\",\"url\":\"https:\/\/mrgreencasinos.com\/\",\"name\":\"Casino MR Green\",\"description\":\"\",\"potentialAction\":[{\"@type\":\"SearchAction\",\"target\":{\"@type\":\"EntryPoint\",\"urlTemplate\":\"https:\/\/mrgreencasinos.com\/?s={search_term_string}\"},\"query-input\":\"required name=search_term_string\"}],\"inLanguage\":\"fr-FR\"},{\"@type\":\"ImageObject\",\"@id\":\"https:\/\/mrgreencasinos.com\/fr\/android\/#primaryimage\",\"inLanguage\":\"fr-FR\",\"url\":\"https:\/\/mrgreencasinos.com\/wp-content\/uploads\/2022\/08\/mr-green-logo-1.png\",\"contentUrl\":\"https:\/\/mrgreencasinos.com\/wp-content\/uploads\/2022\/08\/mr-green-logo-1.png\",\"width\":300,\"height\":190,\"caption\":\"mr green logo\"},{\"@type\":\"WebPage\",\"@id\":\"https:\/\/mrgreencasinos.com\/fr\/android\/#webpage\",\"url\":\"https:\/\/mrgreencasinos.com\/fr\/android\/\",\"name\":\"Mr Green Casino pour Android - T\\u00e9l\\u00e9chargement gratuit de Casino en ligne\",\"isPartOf\":{\"@id\":\"https:\/\/mrgreencasinos.com\/#website\"},\"primaryImageOfPage\":{\"@id\":\"https:\/\/mrgreencasinos.com\/fr\/android\/#primaryimage\"},\"datePublished\":\"2022-08-05T11:12:53+00:00\",\"dateModified\":\"2022-08-08T15:19:50+00:00\",\"description\":\"D\\u00e9couvrez comment t\\u00e9l\\u00e9charger et installer l'application mobile Mr Green Casino sur votre appareil Android avec notre guide \\u00e9tape par \\u00e9tape. Lisez d\\u00e8s maintenant!\",\"breadcrumb\":{\"@id\":\"https:\/\/mrgreencasinos.com\/fr\/android\/#breadcrumb\"},\"inLanguage\":\"fr-FR\",\"potentialAction\":[{\"@type\":\"ReadAction\",\"target\":[\"https:\/\/mrgreencasinos.com\/fr\/android\/\"]}]},{\"@type\":\"BreadcrumbList\",\"@id\":\"https:\/\/mrgreencasinos.com\/fr\/android\/#breadcrumb\",\"itemListElement\":[{\"@type\":\"ListItem\",\"position\":1,\"name\":\"Home\",\"item\":\"https:\/\/mrgreencasinos.com\/fr\/review-of-the-official-mr-green-website\/\"},{\"@type\":\"ListItem\",\"position\":2,\"name\":\"Mr Green pour Android\"}]}]}<\/script>\n<!-- \/ Yoast SEO plugin. -->","yoast_head_json":{"title":"Mr Green Casino pour Android - T\u00e9l\u00e9chargement gratuit de Casino en ligne","description":"D\u00e9couvrez comment t\u00e9l\u00e9charger et installer l'application mobile Mr Green Casino sur votre appareil Android avec notre guide \u00e9tape par \u00e9tape. Lisez d\u00e8s maintenant!","robots":{"index":"index","follow":"follow","max-snippet":"max-snippet:-1","max-image-preview":"max-image-preview:large","max-video-preview":"max-video-preview:-1"},"canonical":"https:\/\/mrgreencasinos.com\/fr\/android\/","og_type":"article","og_title":"Mr Green Casino pour Android - T\u00e9l\u00e9chargement gratuit de Casino en ligne","og_description":"D\u00e9couvrez comment t\u00e9l\u00e9charger et installer l'application mobile Mr Green Casino sur votre appareil Android avec notre guide \u00e9tape par \u00e9tape. Lisez d\u00e8s maintenant!","og_url":"https:\/\/mrgreencasinos.com\/fr\/android\/","og_site_name":"Casino MR Green","article_modified_time":"2022-08-08T15:19:50+00:00","og_image":[{"url":"https:\/\/mrgreencasinos.com\/wp-content\/uploads\/2022\/08\/mr-green-logo-1.png"}],"twitter_card":"summary_large_image","twitter_misc":{"Dur\u00e9e de lecture estim\u00e9e":"6 minutes"},"schema":{"@context":"https:\/\/schema.org","@graph":[{"@type":"WebSite","@id":"https:\/\/mrgreencasinos.com\/#website","url":"https:\/\/mrgreencasinos.com\/","name":"Casino MR Green","description":"","potentialAction":[{"@type":"SearchAction","target":{"@type":"EntryPoint","urlTemplate":"https:\/\/mrgreencasinos.com\/?s={search_term_string}"},"query-input":"required name=search_term_string"}],"inLanguage":"fr-FR"},{"@type":"ImageObject","@id":"https:\/\/mrgreencasinos.com\/fr\/android\/#primaryimage","inLanguage":"fr-FR","url":"https:\/\/mrgreencasinos.com\/wp-content\/uploads\/2022\/08\/mr-green-logo-1.png","contentUrl":"https:\/\/mrgreencasinos.com\/wp-content\/uploads\/2022\/08\/mr-green-logo-1.png","width":300,"height":190,"caption":"mr green logo"},{"@type":"WebPage","@id":"https:\/\/mrgreencasinos.com\/fr\/android\/#webpage","url":"https:\/\/mrgreencasinos.com\/fr\/android\/","name":"Mr Green Casino pour Android - T\u00e9l\u00e9chargement gratuit de Casino en ligne","isPartOf":{"@id":"https:\/\/mrgreencasinos.com\/#website"},"primaryImageOfPage":{"@id":"https:\/\/mrgreencasinos.com\/fr\/android\/#primaryimage"},"datePublished":"2022-08-05T11:12:53+00:00","dateModified":"2022-08-08T15:19:50+00:00","description":"D\u00e9couvrez comment t\u00e9l\u00e9charger et installer l'application mobile Mr Green Casino sur votre appareil Android avec notre guide \u00e9tape par \u00e9tape. Lisez d\u00e8s maintenant!","breadcrumb":{"@id":"https:\/\/mrgreencasinos.com\/fr\/android\/#breadcrumb"},"inLanguage":"fr-FR","potentialAction":[{"@type":"ReadAction","target":["https:\/\/mrgreencasinos.com\/fr\/android\/"]}]},{"@type":"BreadcrumbList","@id":"https:\/\/mrgreencasinos.com\/fr\/android\/#breadcrumb","itemListElement":[{"@type":"ListItem","position":1,"name":"Home","item":"https:\/\/mrgreencasinos.com\/fr\/review-of-the-official-mr-green-website\/"},{"@type":"ListItem","position":2,"name":"Mr Green pour Android"}]}]}},"_links":{"self":[{"href":"https:\/\/mrgreencasinos.com\/fr\/wp-json\/wp\/v2\/pages\/732","targetHints":{"allow":["GET"]}}],"collection":[{"href":"https:\/\/mrgreencasinos.com\/fr\/wp-json\/wp\/v2\/pages"}],"about":[{"href":"https:\/\/mrgreencasinos.com\/fr\/wp-json\/wp\/v2\/types\/page"}],"author":[{"embeddable":true,"href":"https:\/\/mrgreencasinos.com\/fr\/wp-json\/wp\/v2\/users\/1"}],"replies":[{"embeddable":true,"href":"https:\/\/mrgreencasinos.com\/fr\/wp-json\/wp\/v2\/comments?post=732"}],"version-history":[{"count":5,"href":"https:\/\/mrgreencasinos.com\/fr\/wp-json\/wp\/v2\/pages\/732\/revisions"}],"predecessor-version":[{"id":843,"href":"https:\/\/mrgreencasinos.com\/fr\/wp-json\/wp\/v2\/pages\/732\/revisions\/843"}],"wp:attachment":[{"href":"https:\/\/mrgreencasinos.com\/fr\/wp-json\/wp\/v2\/media?parent=732"}],"curies":[{"name":"wp","href":"https:\/\/api.w.org\/{rel}","templated":true}]}}