{"id":738,"date":"2022-08-05T11:44:18","date_gmt":"2022-08-05T11:44:18","guid":{"rendered":"https:\/\/mrgreencasinos.com\/?page_id=738"},"modified":"2022-08-08T15:21:19","modified_gmt":"2022-08-08T15:21:19","slug":"iphone","status":"publish","type":"page","link":"https:\/\/mrgreencasinos.com\/fr\/iphone\/","title":{"rendered":"Mr Green pour iPhone"},"content":{"rendered":"<p>Les jeux de casino en ligne pour iPhone sont disponibles via l&rsquo;App Store sur votre appareil mobile, et la plupart de ses utilisateurs connaissent d\u00e9j\u00e0 les jeux de l&rsquo;application iPhone Mr Green. La plupart des meilleures applications de casino en ligne en argent r\u00e9el pour iPhone pr\u00e9sentent des graphismes fantastiques de haute qualit\u00e9 et un gameplay mobile rapide. Utilisez votre appareil pour une exp\u00e9rience de casino exceptionnelle \u00e0 tout moment, n&rsquo;importe o\u00f9.<\/p>\n<div class=\"t-go\"><a href=\"\/go-casino\/?brand=mrgreen\">BONUS DE R\u00c9CLAMATION<\/a><\/div>\n<h2>Comment les meilleurs casinos en ligne sont-ils test\u00e9s pour les iPhones?<\/h2>\n<p>Il est tr\u00e8s facile de taper les mots \u00ab\u00a0meilleurs casinos en ligne pour iPhone\u00a0\u00bb dans Google et de trouver une liste de r\u00e9sultats. Mais comment savez-vous quels casinos sur cette liste sont dignes de confiance et tiennent leurs promesses? Une \u00e9quipe d&rsquo;experts exp\u00e9riment\u00e9s a soigneusement analys\u00e9 l&rsquo;application mobile iPhone casino Mr Green pour vous recommander uniquement les meilleurs. Voici quelques-unes des fonctionnalit\u00e9s qui parlent pour un bon casino en ligne pour iPhone.<\/p>\n<p><img loading=\"lazy\" decoding=\"async\" class=\"aligncenter wp-image-740 size-full\" src=\"https:\/\/mrgreencasinos.com\/wp-content\/uploads\/2022\/08\/casino-online.png\" alt=\"casino online iphone\" width=\"512\" height=\"282\" srcset=\"https:\/\/mrgreencasinos.com\/wp-content\/uploads\/2022\/08\/casino-online.png 512w, https:\/\/mrgreencasinos.com\/wp-content\/uploads\/2022\/08\/casino-online-300x165.png 300w\" sizes=\"auto, (max-width: 512px) 100vw, 512px\" \/><\/p>\n<h2>Bonus de Bienvenue<\/h2>\n<p>Live casino iPhone Mr Green offre un bonus de bienvenue. Le casino offre \u00e9galement un bonus sans d\u00e9p\u00f4t Mr Green iPhone, qui est un tr\u00e8s bel ajout aux bonus d\u00e9j\u00e0 existants.<\/p>\n<h2>S\u00e9curit\u00e9<\/h2>\n<p>Quand il s&rsquo;agit de prot\u00e9ger votre argent et vos informations personnelles en ligne, vous ne pouvez pas \u00eatre trop prudent. C&rsquo;est pourquoi nous recommandons uniquement les casinos en ligne pour iPhone qui utilisent le logiciel le plus avanc\u00e9 avec un cryptage SSL 128 bits.<\/p>\n<h2>Paiements rapides<\/h2>\n<p>Le solde de votre compte de casino, qu&rsquo;il s&rsquo;agisse de fonds d\u00e9pos\u00e9s, de bonus re\u00e7us ou de prix gagn\u00e9s, repr\u00e9sente de l&rsquo;argent qui vous appartient. Par cons\u00e9quent, vous devriez pouvoir les <a href=\"https:\/\/mrgreencasinos.com\/fr\/withdrawal\/\">retirer<\/a> quand vous le souhaitez, sans avoir \u00e0 attendre longtemps que le casino les rende disponibles.<\/p>\n<h2>Plateforme mobile<\/h2>\n<p>Un bon casino sait que les joueurs aiment la flexibilit\u00e9, la possibilit\u00e9 de jouer \u00e0 leurs jeux pr\u00e9f\u00e9r\u00e9s \u00e0 tout moment, n&rsquo;importe o\u00f9. Nous avons trouv\u00e9 des casinos Mr Green qui offrent les meilleures applications et sites mobiles, afin que vous puissiez jouer aux jeux iphone gratuits Mr Green o\u00f9 que vous soyez.<\/p>\n<h2>Vari\u00e9t\u00e9 de jeux<\/h2>\n<p>Les joueurs de <a href=\"https:\/\/mrgreencasinos.com\/fr\/\">casino en ligne Mr Green<\/a> sont des gens qui aiment la dynamique et le divertissement. Un casino de qualit\u00e9 a un bon r\u00e9pertoire de jeux pour que les joueurs ne s&rsquo;ennuient jamais.<\/p>\n<div class=\"t-go\"><a href=\"\/go-casino\/?brand=mrgreen\">BONUS DE R\u00c9CLAMATION<\/a><\/div>\n<h2>Licence<\/h2>\n<p>Une fa\u00e7on de savoir si un casino fonctionne \u00e9quitablement et en toute s\u00e9curit\u00e9 est de se pencher sur ses licences. M. Green poss\u00e8de les licences n\u00e9cessaires d\u00e9livr\u00e9es par des organismes professionnels.<\/p>\n<p>Beaucoup d&rsquo;argent r\u00e9el Mr Green app iPhone propose une haute qualit\u00e9, de superbes graphismes et un gameplay mobile rapide. Certaines des applications de casino en ligne en argent r\u00e9el les plus populaires pour iPhone incluent Mega Moolah, Major Millions, Tomb Raider, Royal Derby, Mermaid&rsquo;s Millions, roulette et blackjack. Mermaid&rsquo;s Millions, Tomb Raider et Mega Millions sont des machines \u00e0 sous avec 3 \u00e0 5 rouleaux, avec des jeux gratuits et des jeux bonus.<\/p>\n<p>Royal Derby est un simulateur de course de chevaux o\u00f9 vous pouvez parier sur des chevaux en fonction des informations sur les chevaux et les jockeys et de vos chances de gagner chaque course. Dans les applications de casino en ligne pour iPhone, la roue de roulette est une roue \u00e0 un z\u00e9ro (r\u00e9duisant l&rsquo;avantage de la maison par rapport \u00e0 une roue \u00e0 deux z\u00e9ro) avec une pr\u00e9sentation de base et une surface de mise. Dans les applications de casino en ligne pour iPhone, le blackjack est \u00e9galement un jeu tr\u00e8s simple en termes de pr\u00e9sentation. La plupart des meilleures applications de casino en ligne en argent r\u00e9el pour iPhone pr\u00e9sentent des graphismes fantastiques de haute qualit\u00e9 et un gameplay mobile rapide.<\/p>\n<p>Avec tous les jeux mobiles iPhone, tout ce que vous avez \u00e0 faire est d&rsquo;entrer un code PIN sp\u00e9cial pour vous connecter et jouer pour de l&rsquo;argent r\u00e9el. Vous pouvez choisir un code PIN lorsque vous t\u00e9l\u00e9chargez le jeu sur un casino en ligne et entrez votre mot de passe et votre nom d&rsquo;utilisateur que vous utilisez pour votre compte de casino en ligne sur votre ordinateur si vous les avez d\u00e9j\u00e0. Ne donnez jamais votre NIP \u00e0 qui que ce soit, car c&rsquo;est ce qui s\u00e9curise votre compte. Si vous avez besoin d&rsquo;aide pour apprendre \u00e0 jouer \u00e0 l&rsquo;un des jeux de casino en ligne pour smartphones sur votre iPhone, vous pouvez obtenir des astuces et des conseils directement sur votre t\u00e9l\u00e9phone pendant que vous jouez.<\/p>\n<p>Alors que les jeux de casino populaires tels que le blackjack, la roulette,etc. les jeux sont les plus faciles \u00e0 trouver pour les appareils iPhone, il y a plus de 350 jeux qui peuvent \u00eatre jou\u00e9s sur ce type d&rsquo;appareil mobile, et nous savons lesquels sont les meilleurs! Si vous avez d\u00e9j\u00e0 jou\u00e9 \u00e0 des jeux sur votre iPhone, vous pouvez maintenant le faire et gagner de l&rsquo;argent r\u00e9el!<\/p>\n<p>Donc, si vous voulez gagner plus d&rsquo;argent pendant votre temps libre? Vous voulez gagner de l&rsquo;argent suppl\u00e9mentaire? Vous cherchez une application iPhone pour vous aider \u00e0 gagner de l&rsquo;argent? Alors pourquoi n&rsquo;essayez-vous pas de gagner de l&rsquo;argent en jouant \u00e0 des jeux? Tout ce que vous avez \u00e0 faire est de jouer au jeu, et votre temps sera r\u00e9compens\u00e9. Une application enti\u00e8rement gratuite qui vous donne la possibilit\u00e9 de gagner de l&rsquo;argent r\u00e9el en jouant \u00e0 des jeux gratuits sur votre t\u00e9l\u00e9phone.<\/p>\n<h2>Comment commencer \u00e0 gagner de l&rsquo;argent sur votre iPhone dans le jeu<\/h2>\n<ul>\n<li>T\u00e9l\u00e9chargez et installez l&rsquo;application gratuitement.<\/li>\n<li>Jouez \u00e0 n&rsquo;importe quel jeu d&rsquo;affiliation gratuit.<\/li>\n<li>Vous pouvez gagner des pi\u00e8ces \u00e0 chaque seconde que vous jouez.<\/li>\n<li>Plus vous jouez et plus vous jouez longtemps, plus vous gagnez d&rsquo;argent.<\/li>\n<li>\u00c9changez vos pi\u00e8ces d&rsquo;or contre des r\u00e9compenses en argent r\u00e9el.<\/li>\n<\/ul>\n<p>Commencez \u00e0 gagner de l&rsquo;argent facile maintenant.<\/p>\n","protected":false},"excerpt":{"rendered":"<p>Les jeux de casino en ligne pour iPhone sont disponibles via l&rsquo;App Store sur votre appareil mobile, et la plupart [&hellip;]<\/p>\n","protected":false},"author":1,"featured_media":0,"parent":0,"menu_order":0,"comment_status":"closed","ping_status":"closed","template":"","meta":{"footnotes":""},"class_list":["post-738","page","type-page","status-publish","hentry"],"acf":[],"yoast_head":"<!-- This site is optimized with the Yoast SEO plugin v17.9 - https:\/\/yoast.com\/wordpress\/plugins\/seo\/ -->\n<title>Mr Green Casino pour iPhone - T\u00e9l\u00e9chargement gratuit de Casino en ligne<\/title>\n<meta name=\"description\" content=\"D\u00e9couvrez comment t\u00e9l\u00e9charger et installer l&#039;application mobile Mr Green Casino sur votre appareil iPhone avec notre guide \u00e9tape par \u00e9tape. Lisez d\u00e8s maintenant!\" \/>\n<meta name=\"robots\" content=\"index, follow, max-snippet:-1, max-image-preview:large, max-video-preview:-1\" \/>\n<link rel=\"canonical\" href=\"https:\/\/mrgreencasinos.com\/fr\/iphone\/\" \/>\n<meta property=\"og:type\" content=\"article\" \/>\n<meta property=\"og:title\" content=\"Mr Green Casino pour iPhone - T\u00e9l\u00e9chargement gratuit de Casino en ligne\" \/>\n<meta property=\"og:description\" content=\"D\u00e9couvrez comment t\u00e9l\u00e9charger et installer l&#039;application mobile Mr Green Casino sur votre appareil iPhone avec notre guide \u00e9tape par \u00e9tape. Lisez d\u00e8s maintenant!\" \/>\n<meta property=\"og:url\" content=\"https:\/\/mrgreencasinos.com\/fr\/iphone\/\" \/>\n<meta property=\"og:site_name\" content=\"Casino MR Green\" \/>\n<meta property=\"article:modified_time\" content=\"2022-08-08T15:21:19+00:00\" \/>\n<meta property=\"og:image\" content=\"https:\/\/mrgreencasinos.com\/wp-content\/uploads\/2022\/08\/casino-online.png\" \/>\n<meta name=\"twitter:card\" content=\"summary_large_image\" \/>\n<meta name=\"twitter:label1\" content=\"Dur\u00e9e de lecture estim\u00e9e\" \/>\n\t<meta name=\"twitter:data1\" content=\"5 minutes\" \/>\n<script type=\"application\/ld+json\" class=\"yoast-schema-graph\">{\"@context\":\"https:\/\/schema.org\",\"@graph\":[{\"@type\":\"WebSite\",\"@id\":\"https:\/\/mrgreencasinos.com\/#website\",\"url\":\"https:\/\/mrgreencasinos.com\/\",\"name\":\"Casino MR Green\",\"description\":\"\",\"potentialAction\":[{\"@type\":\"SearchAction\",\"target\":{\"@type\":\"EntryPoint\",\"urlTemplate\":\"https:\/\/mrgreencasinos.com\/?s={search_term_string}\"},\"query-input\":\"required name=search_term_string\"}],\"inLanguage\":\"fr-FR\"},{\"@type\":\"ImageObject\",\"@id\":\"https:\/\/mrgreencasinos.com\/fr\/iphone\/#primaryimage\",\"inLanguage\":\"fr-FR\",\"url\":\"https:\/\/mrgreencasinos.com\/wp-content\/uploads\/2022\/08\/casino-online.png\",\"contentUrl\":\"https:\/\/mrgreencasinos.com\/wp-content\/uploads\/2022\/08\/casino-online.png\",\"width\":512,\"height\":282,\"caption\":\"casino online iphone\"},{\"@type\":\"WebPage\",\"@id\":\"https:\/\/mrgreencasinos.com\/fr\/iphone\/#webpage\",\"url\":\"https:\/\/mrgreencasinos.com\/fr\/iphone\/\",\"name\":\"Mr Green Casino pour iPhone - T\\u00e9l\\u00e9chargement gratuit de Casino en ligne\",\"isPartOf\":{\"@id\":\"https:\/\/mrgreencasinos.com\/#website\"},\"primaryImageOfPage\":{\"@id\":\"https:\/\/mrgreencasinos.com\/fr\/iphone\/#primaryimage\"},\"datePublished\":\"2022-08-05T11:44:18+00:00\",\"dateModified\":\"2022-08-08T15:21:19+00:00\",\"description\":\"D\\u00e9couvrez comment t\\u00e9l\\u00e9charger et installer l'application mobile Mr Green Casino sur votre appareil iPhone avec notre guide \\u00e9tape par \\u00e9tape. Lisez d\\u00e8s maintenant!\",\"breadcrumb\":{\"@id\":\"https:\/\/mrgreencasinos.com\/fr\/iphone\/#breadcrumb\"},\"inLanguage\":\"fr-FR\",\"potentialAction\":[{\"@type\":\"ReadAction\",\"target\":[\"https:\/\/mrgreencasinos.com\/fr\/iphone\/\"]}]},{\"@type\":\"BreadcrumbList\",\"@id\":\"https:\/\/mrgreencasinos.com\/fr\/iphone\/#breadcrumb\",\"itemListElement\":[{\"@type\":\"ListItem\",\"position\":1,\"name\":\"Home\",\"item\":\"https:\/\/mrgreencasinos.com\/fr\/review-of-the-official-mr-green-website\/\"},{\"@type\":\"ListItem\",\"position\":2,\"name\":\"Mr Green pour iPhone\"}]}]}<\/script>\n<!-- \/ Yoast SEO plugin. -->","yoast_head_json":{"title":"Mr Green Casino pour iPhone - T\u00e9l\u00e9chargement gratuit de Casino en ligne","description":"D\u00e9couvrez comment t\u00e9l\u00e9charger et installer l'application mobile Mr Green Casino sur votre appareil iPhone avec notre guide \u00e9tape par \u00e9tape. Lisez d\u00e8s maintenant!","robots":{"index":"index","follow":"follow","max-snippet":"max-snippet:-1","max-image-preview":"max-image-preview:large","max-video-preview":"max-video-preview:-1"},"canonical":"https:\/\/mrgreencasinos.com\/fr\/iphone\/","og_type":"article","og_title":"Mr Green Casino pour iPhone - T\u00e9l\u00e9chargement gratuit de Casino en ligne","og_description":"D\u00e9couvrez comment t\u00e9l\u00e9charger et installer l'application mobile Mr Green Casino sur votre appareil iPhone avec notre guide \u00e9tape par \u00e9tape. Lisez d\u00e8s maintenant!","og_url":"https:\/\/mrgreencasinos.com\/fr\/iphone\/","og_site_name":"Casino MR Green","article_modified_time":"2022-08-08T15:21:19+00:00","og_image":[{"url":"https:\/\/mrgreencasinos.com\/wp-content\/uploads\/2022\/08\/casino-online.png"}],"twitter_card":"summary_large_image","twitter_misc":{"Dur\u00e9e de lecture estim\u00e9e":"5 minutes"},"schema":{"@context":"https:\/\/schema.org","@graph":[{"@type":"WebSite","@id":"https:\/\/mrgreencasinos.com\/#website","url":"https:\/\/mrgreencasinos.com\/","name":"Casino MR Green","description":"","potentialAction":[{"@type":"SearchAction","target":{"@type":"EntryPoint","urlTemplate":"https:\/\/mrgreencasinos.com\/?s={search_term_string}"},"query-input":"required name=search_term_string"}],"inLanguage":"fr-FR"},{"@type":"ImageObject","@id":"https:\/\/mrgreencasinos.com\/fr\/iphone\/#primaryimage","inLanguage":"fr-FR","url":"https:\/\/mrgreencasinos.com\/wp-content\/uploads\/2022\/08\/casino-online.png","contentUrl":"https:\/\/mrgreencasinos.com\/wp-content\/uploads\/2022\/08\/casino-online.png","width":512,"height":282,"caption":"casino online iphone"},{"@type":"WebPage","@id":"https:\/\/mrgreencasinos.com\/fr\/iphone\/#webpage","url":"https:\/\/mrgreencasinos.com\/fr\/iphone\/","name":"Mr Green Casino pour iPhone - T\u00e9l\u00e9chargement gratuit de Casino en ligne","isPartOf":{"@id":"https:\/\/mrgreencasinos.com\/#website"},"primaryImageOfPage":{"@id":"https:\/\/mrgreencasinos.com\/fr\/iphone\/#primaryimage"},"datePublished":"2022-08-05T11:44:18+00:00","dateModified":"2022-08-08T15:21:19+00:00","description":"D\u00e9couvrez comment t\u00e9l\u00e9charger et installer l'application mobile Mr Green Casino sur votre appareil iPhone avec notre guide \u00e9tape par \u00e9tape. Lisez d\u00e8s maintenant!","breadcrumb":{"@id":"https:\/\/mrgreencasinos.com\/fr\/iphone\/#breadcrumb"},"inLanguage":"fr-FR","potentialAction":[{"@type":"ReadAction","target":["https:\/\/mrgreencasinos.com\/fr\/iphone\/"]}]},{"@type":"BreadcrumbList","@id":"https:\/\/mrgreencasinos.com\/fr\/iphone\/#breadcrumb","itemListElement":[{"@type":"ListItem","position":1,"name":"Home","item":"https:\/\/mrgreencasinos.com\/fr\/review-of-the-official-mr-green-website\/"},{"@type":"ListItem","position":2,"name":"Mr Green pour iPhone"}]}]}},"_links":{"self":[{"href":"https:\/\/mrgreencasinos.com\/fr\/wp-json\/wp\/v2\/pages\/738","targetHints":{"allow":["GET"]}}],"collection":[{"href":"https:\/\/mrgreencasinos.com\/fr\/wp-json\/wp\/v2\/pages"}],"about":[{"href":"https:\/\/mrgreencasinos.com\/fr\/wp-json\/wp\/v2\/types\/page"}],"author":[{"embeddable":true,"href":"https:\/\/mrgreencasinos.com\/fr\/wp-json\/wp\/v2\/users\/1"}],"replies":[{"embeddable":true,"href":"https:\/\/mrgreencasinos.com\/fr\/wp-json\/wp\/v2\/comments?post=738"}],"version-history":[{"count":4,"href":"https:\/\/mrgreencasinos.com\/fr\/wp-json\/wp\/v2\/pages\/738\/revisions"}],"predecessor-version":[{"id":845,"href":"https:\/\/mrgreencasinos.com\/fr\/wp-json\/wp\/v2\/pages\/738\/revisions\/845"}],"wp:attachment":[{"href":"https:\/\/mrgreencasinos.com\/fr\/wp-json\/wp\/v2\/media?parent=738"}],"curies":[{"name":"wp","href":"https:\/\/api.w.org\/{rel}","templated":true}]}}