{"id":749,"date":"2022-08-05T12:00:35","date_gmt":"2022-08-05T12:00:35","guid":{"rendered":"https:\/\/mrgreencasinos.com\/?page_id=749"},"modified":"2022-08-08T15:22:29","modified_gmt":"2022-08-08T15:22:29","slug":"live-roulette","status":"publish","type":"page","link":"https:\/\/mrgreencasinos.com\/fr\/live-roulette\/","title":{"rendered":"Comment jouer \u00e0 la Roulette en direct?"},"content":{"rendered":"<p>La roulette en ligne est devenue de plus en plus populaire au fil des ans en raison des nouvelles technologies. Ce dernier propose des tables de jeux avec des croupiers en direct. Aujourd&rsquo;hui, tous les grands casinos en ligne proposent la roulette en ligne. Les jeux sont diffus\u00e9s en direct depuis de vrais casinos ou studios. Fini le temps o\u00f9 les joueurs pariaient sur des tables de roulette gratuites avec le logiciel agissant comme des croupiers. Jouer gratuitement \u00e0 la roulette en direct Mr Green sans t\u00e9l\u00e9chargement est destin\u00e9 aux joueurs d\u00e9butants qui veulent voir comment le jeu fonctionne. Mais une fois qu&rsquo;ils sont pr\u00eats \u00e0 passer au niveau sup\u00e9rieur, ils passeront de la roulette gratuite aux jeux en direct.<\/p>\n<p>De plus, les joueurs d\u00e9butants et exp\u00e9riment\u00e9s trouveront leur place \u00e0 ces tables de jeu, disponibles sur PC, tablettes et t\u00e9l\u00e9phones portables. En un clic, et vous \u00eates devant de vraies tables de jeu, film\u00e9es en direct depuis 16 vrais casinos! Il y a quelque chose ici pour les joueurs de tous niveaux et de tous budgets, afin que tout le monde puisse s&rsquo;amuser.<\/p>\n<div class=\"t-go\"><a href=\"\/go-casino\/?brand=mrgreen\">BONUS DE R\u00c9CLAMATION<\/a><\/div>\n<h2>Roulette en direct avec des croupiers de casino en direct<\/h2>\n<p>Il existe deux types d&rsquo;environnements de casino en direct: la roulette en direct de vrais casinos et la roulette en direct de studios. Le premier type est le plus proche de la r\u00e9alit\u00e9, car les casinos en ligne proposent de vrais jeux de roulette en direct avec live dealer roulette Mr Green. En effet, les webcams install\u00e9es dans de vrais casinos terrestres diffusent ce qui se passe \u00e0 la table en direct sur les \u00e9crans des internautes. Pas moins de 16 casinos terrestres permettent aux joueurs en ligne de jouer \u00e0 leurs tables. Voici les informations d\u00e9taill\u00e9es avec le nom du logiciel utilis\u00e9.<\/p>\n<p><img loading=\"lazy\" decoding=\"async\" class=\"aligncenter wp-image-747 size-full\" src=\"https:\/\/mrgreencasinos.com\/wp-content\/uploads\/2022\/08\/roulette-live.jpeg\" alt=\"roulette live mr green\" width=\"754\" height=\"424\" srcset=\"https:\/\/mrgreencasinos.com\/wp-content\/uploads\/2022\/08\/roulette-live.jpeg 754w, https:\/\/mrgreencasinos.com\/wp-content\/uploads\/2022\/08\/roulette-live-300x169.jpeg 300w, https:\/\/mrgreencasinos.com\/wp-content\/uploads\/2022\/08\/roulette-live-720x405.jpeg 720w\" sizes=\"auto, (max-width: 754px) 100vw, 754px\" \/><\/p>\n<h2>Gagnez du temps et de l&rsquo;\u00e9nergie<\/h2>\n<p>Mr Green live roulette Australia propose une roulette en direct et \u00e9vite aux joueurs d&rsquo;avoir \u00e0 voyager. Vous pouvez imaginer combien de temps et d&rsquo;argent ces petites merveilles \u00e9conomisent en d\u00e9pla\u00e7ant les roues du casino chez vous. En plein hiver ou un jour de pluie, l&rsquo;acc\u00e8s \u00e0 la roulette en ligne est le bienvenu! Ne parlons pas des centaines de kilom\u00e8tres que vous devez parcourir pour vous rendre au casino le plus proche. Les tables sont disponibles 24 heures par jour, 7 jours par semaine. Un autre avantage de ces tables de roulette est qu&rsquo;elles sont disponibles non-stop. De jour comme de nuit, en semaine ou le week-end, vous pouvez vous asseoir \u00e0 une table quand vous le souhaitez. Au milieu de la nuit, vous trouverez des tables ouvertes tout le temps, \u00e0 la fois dans les vrais casinos et les studios.<\/p>\n<p>Une autre option est les tables de roulette de studio en direct qui ressemblent \u00e0 des casinos terrestres.<\/p>\n<p>La roulette de studio n&rsquo;est pas diff\u00e9rente de la roulette de casino. Contrairement \u00e0 la premi\u00e8re option, les tables ne sont pas dans un vrai casino mais dans un studio. Le joueur parie contre un croupier film\u00e9 en temps r\u00e9el \u00e0 une vraie table de jeu. La seule diff\u00e9rence est qu&rsquo;il n&rsquo;y a pas de casino en tant que tel, mais il y a un studio qui agit comme un casino terrestre. Tous les casinos en direct d&rsquo;un r\u00e9pertoire ont ces tables de jeu en studio, quelle que soit la technologie utilis\u00e9e, bonus de roulette en direct Mr Green \u00e0 la roulette en ligne: prenez\u2014les ou non-c&rsquo;est la question. Les casinos en ligne sp\u00e9cialis\u00e9s dans les jeux en direct offrent des bonus d\u00e9risoires par rapport aux casinos en ligne traditionnels qui ne disposent pas de cette technologie. N\u00e9anmoins, ces casinos en direct ajoutent une valeur \u00e9norme en pla\u00e7ant le joueur au centre de l&rsquo;action aux tables de jeu r\u00e9elles. De plus, vous obtenez un <a href=\"https:\/\/mrgreencasinos.com\/fr\/bonuses\/\">bonus<\/a> de bienvenue \u00e0 la roulette en direct Mr Green avant de commencer \u00e0 jouer, ce qui, bien s\u00fbr, est tr\u00e8s agr\u00e9able et ne peut manquer de plaire.<\/p>\n<div class=\"t-go\"><a href=\"\/go-casino\/?brand=mrgreen\">BONUS DE R\u00c9CLAMATION<\/a><\/div>\n<h2>Comment jouer \u00e0 la roulette dans un casino?<\/h2>\n<p>Jouer \u00e0 la roulette dans un casino est facile, et ce n&rsquo;est pas un hasard si ce jeu de table est le plus populaire des jeux de casino traditionnels. Le cylindre est disponible en deux couleurs \u2013 rouge et noir. Le cylindre de roulette a 37 num\u00e9ros de 0 \u00e0 36. Le but du jeu est de mettre des jetons sur des nombres ou des combinaisons de nombres et que la balle s&rsquo;arr\u00eate sur l&rsquo;un des nombres sur lesquels le joueur a pari\u00e9.<\/p>\n<p>Une fois les jetons plac\u00e9s sur le tapis vert, le croupier fait tourner le cylindre et lance la balle. Le croupier alterne la force de la balle et du cylindre pour garder le jeu \u00e9quitable.<\/p>\n<p>De plus, le croupier modifie \u00e9galement le sens de rotation de la bille blanche. Plus la probabilit\u00e9 de gagner est faible, plus le paiement est \u00e9lev\u00e9. Par exemple, en pariant un num\u00e9ro complet, vous pouvez gagner 35 fois votre mise. Afin de comprendre enfin toutes les subtilit\u00e9s, il vous suffit de vous connecter \u00e0 Mr Green live roulette dans un <a href=\"https:\/\/mrgreencasinos.com\/fr\/\">casino en ligne<\/a> et de commencer \u00e0 jouer et \u00e0 gagner. Bonne chance.<\/p>\n","protected":false},"excerpt":{"rendered":"<p>La roulette en ligne est devenue de plus en plus populaire au fil des ans en raison des nouvelles technologies. [&hellip;]<\/p>\n","protected":false},"author":1,"featured_media":0,"parent":0,"menu_order":0,"comment_status":"closed","ping_status":"closed","template":"","meta":{"footnotes":""},"class_list":["post-749","page","type-page","status-publish","hentry"],"acf":[],"yoast_head":"<!-- This site is optimized with the Yoast SEO plugin v17.9 - https:\/\/yoast.com\/wordpress\/plugins\/seo\/ -->\n<title>Jouez \u00e0 la Roulette En Direct Contre un Vrai Croupier - Mr Green<\/title>\n<meta name=\"description\" content=\"Jouez au jeu de roulette en direct sur Mr Green des meilleurs casinos en ligne. Passez par l\u00e0 pour tous les frissons, la vitesse et l&#039;intensit\u00e9 d&#039;une nuit au casino\" \/>\n<meta name=\"robots\" content=\"index, follow, max-snippet:-1, max-image-preview:large, max-video-preview:-1\" \/>\n<link rel=\"canonical\" href=\"https:\/\/mrgreencasinos.com\/fr\/live-roulette\/\" \/>\n<meta property=\"og:type\" content=\"article\" \/>\n<meta property=\"og:title\" content=\"Jouez \u00e0 la Roulette En Direct Contre un Vrai Croupier - Mr Green\" \/>\n<meta property=\"og:description\" content=\"Jouez au jeu de roulette en direct sur Mr Green des meilleurs casinos en ligne. Passez par l\u00e0 pour tous les frissons, la vitesse et l&#039;intensit\u00e9 d&#039;une nuit au casino\" \/>\n<meta property=\"og:url\" content=\"https:\/\/mrgreencasinos.com\/fr\/live-roulette\/\" \/>\n<meta property=\"og:site_name\" content=\"Casino MR Green\" \/>\n<meta property=\"article:modified_time\" content=\"2022-08-08T15:22:29+00:00\" \/>\n<meta property=\"og:image\" content=\"https:\/\/mrgreencasinos.com\/wp-content\/uploads\/2022\/08\/roulette-live.jpeg\" \/>\n<meta name=\"twitter:card\" content=\"summary_large_image\" \/>\n<meta name=\"twitter:label1\" content=\"Dur\u00e9e de lecture estim\u00e9e\" \/>\n\t<meta name=\"twitter:data1\" content=\"4 minutes\" \/>\n<script type=\"application\/ld+json\" class=\"yoast-schema-graph\">{\"@context\":\"https:\/\/schema.org\",\"@graph\":[{\"@type\":\"WebSite\",\"@id\":\"https:\/\/mrgreencasinos.com\/#website\",\"url\":\"https:\/\/mrgreencasinos.com\/\",\"name\":\"Casino MR Green\",\"description\":\"\",\"potentialAction\":[{\"@type\":\"SearchAction\",\"target\":{\"@type\":\"EntryPoint\",\"urlTemplate\":\"https:\/\/mrgreencasinos.com\/?s={search_term_string}\"},\"query-input\":\"required name=search_term_string\"}],\"inLanguage\":\"fr-FR\"},{\"@type\":\"ImageObject\",\"@id\":\"https:\/\/mrgreencasinos.com\/fr\/live-roulette\/#primaryimage\",\"inLanguage\":\"fr-FR\",\"url\":\"https:\/\/mrgreencasinos.com\/wp-content\/uploads\/2022\/08\/roulette-live.jpeg\",\"contentUrl\":\"https:\/\/mrgreencasinos.com\/wp-content\/uploads\/2022\/08\/roulette-live.jpeg\",\"width\":754,\"height\":424,\"caption\":\"roulette live mr green\"},{\"@type\":\"WebPage\",\"@id\":\"https:\/\/mrgreencasinos.com\/fr\/live-roulette\/#webpage\",\"url\":\"https:\/\/mrgreencasinos.com\/fr\/live-roulette\/\",\"name\":\"Jouez \\u00e0 la Roulette En Direct Contre un Vrai Croupier - Mr Green\",\"isPartOf\":{\"@id\":\"https:\/\/mrgreencasinos.com\/#website\"},\"primaryImageOfPage\":{\"@id\":\"https:\/\/mrgreencasinos.com\/fr\/live-roulette\/#primaryimage\"},\"datePublished\":\"2022-08-05T12:00:35+00:00\",\"dateModified\":\"2022-08-08T15:22:29+00:00\",\"description\":\"Jouez au jeu de roulette en direct sur Mr Green des meilleurs casinos en ligne. Passez par l\\u00e0 pour tous les frissons, la vitesse et l'intensit\\u00e9 d'une nuit au casino\",\"breadcrumb\":{\"@id\":\"https:\/\/mrgreencasinos.com\/fr\/live-roulette\/#breadcrumb\"},\"inLanguage\":\"fr-FR\",\"potentialAction\":[{\"@type\":\"ReadAction\",\"target\":[\"https:\/\/mrgreencasinos.com\/fr\/live-roulette\/\"]}]},{\"@type\":\"BreadcrumbList\",\"@id\":\"https:\/\/mrgreencasinos.com\/fr\/live-roulette\/#breadcrumb\",\"itemListElement\":[{\"@type\":\"ListItem\",\"position\":1,\"name\":\"Home\",\"item\":\"https:\/\/mrgreencasinos.com\/fr\/review-of-the-official-mr-green-website\/\"},{\"@type\":\"ListItem\",\"position\":2,\"name\":\"Comment jouer \\u00e0 la Roulette en direct?\"}]}]}<\/script>\n<!-- \/ Yoast SEO plugin. -->","yoast_head_json":{"title":"Jouez \u00e0 la Roulette En Direct Contre un Vrai Croupier - Mr Green","description":"Jouez au jeu de roulette en direct sur Mr Green des meilleurs casinos en ligne. Passez par l\u00e0 pour tous les frissons, la vitesse et l'intensit\u00e9 d'une nuit au casino","robots":{"index":"index","follow":"follow","max-snippet":"max-snippet:-1","max-image-preview":"max-image-preview:large","max-video-preview":"max-video-preview:-1"},"canonical":"https:\/\/mrgreencasinos.com\/fr\/live-roulette\/","og_type":"article","og_title":"Jouez \u00e0 la Roulette En Direct Contre un Vrai Croupier - Mr Green","og_description":"Jouez au jeu de roulette en direct sur Mr Green des meilleurs casinos en ligne. Passez par l\u00e0 pour tous les frissons, la vitesse et l'intensit\u00e9 d'une nuit au casino","og_url":"https:\/\/mrgreencasinos.com\/fr\/live-roulette\/","og_site_name":"Casino MR Green","article_modified_time":"2022-08-08T15:22:29+00:00","og_image":[{"url":"https:\/\/mrgreencasinos.com\/wp-content\/uploads\/2022\/08\/roulette-live.jpeg"}],"twitter_card":"summary_large_image","twitter_misc":{"Dur\u00e9e de lecture estim\u00e9e":"4 minutes"},"schema":{"@context":"https:\/\/schema.org","@graph":[{"@type":"WebSite","@id":"https:\/\/mrgreencasinos.com\/#website","url":"https:\/\/mrgreencasinos.com\/","name":"Casino MR Green","description":"","potentialAction":[{"@type":"SearchAction","target":{"@type":"EntryPoint","urlTemplate":"https:\/\/mrgreencasinos.com\/?s={search_term_string}"},"query-input":"required name=search_term_string"}],"inLanguage":"fr-FR"},{"@type":"ImageObject","@id":"https:\/\/mrgreencasinos.com\/fr\/live-roulette\/#primaryimage","inLanguage":"fr-FR","url":"https:\/\/mrgreencasinos.com\/wp-content\/uploads\/2022\/08\/roulette-live.jpeg","contentUrl":"https:\/\/mrgreencasinos.com\/wp-content\/uploads\/2022\/08\/roulette-live.jpeg","width":754,"height":424,"caption":"roulette live mr green"},{"@type":"WebPage","@id":"https:\/\/mrgreencasinos.com\/fr\/live-roulette\/#webpage","url":"https:\/\/mrgreencasinos.com\/fr\/live-roulette\/","name":"Jouez \u00e0 la Roulette En Direct Contre un Vrai Croupier - Mr Green","isPartOf":{"@id":"https:\/\/mrgreencasinos.com\/#website"},"primaryImageOfPage":{"@id":"https:\/\/mrgreencasinos.com\/fr\/live-roulette\/#primaryimage"},"datePublished":"2022-08-05T12:00:35+00:00","dateModified":"2022-08-08T15:22:29+00:00","description":"Jouez au jeu de roulette en direct sur Mr Green des meilleurs casinos en ligne. Passez par l\u00e0 pour tous les frissons, la vitesse et l'intensit\u00e9 d'une nuit au casino","breadcrumb":{"@id":"https:\/\/mrgreencasinos.com\/fr\/live-roulette\/#breadcrumb"},"inLanguage":"fr-FR","potentialAction":[{"@type":"ReadAction","target":["https:\/\/mrgreencasinos.com\/fr\/live-roulette\/"]}]},{"@type":"BreadcrumbList","@id":"https:\/\/mrgreencasinos.com\/fr\/live-roulette\/#breadcrumb","itemListElement":[{"@type":"ListItem","position":1,"name":"Home","item":"https:\/\/mrgreencasinos.com\/fr\/review-of-the-official-mr-green-website\/"},{"@type":"ListItem","position":2,"name":"Comment jouer \u00e0 la Roulette en direct?"}]}]}},"_links":{"self":[{"href":"https:\/\/mrgreencasinos.com\/fr\/wp-json\/wp\/v2\/pages\/749","targetHints":{"allow":["GET"]}}],"collection":[{"href":"https:\/\/mrgreencasinos.com\/fr\/wp-json\/wp\/v2\/pages"}],"about":[{"href":"https:\/\/mrgreencasinos.com\/fr\/wp-json\/wp\/v2\/types\/page"}],"author":[{"embeddable":true,"href":"https:\/\/mrgreencasinos.com\/fr\/wp-json\/wp\/v2\/users\/1"}],"replies":[{"embeddable":true,"href":"https:\/\/mrgreencasinos.com\/fr\/wp-json\/wp\/v2\/comments?post=749"}],"version-history":[{"count":4,"href":"https:\/\/mrgreencasinos.com\/fr\/wp-json\/wp\/v2\/pages\/749\/revisions"}],"predecessor-version":[{"id":847,"href":"https:\/\/mrgreencasinos.com\/fr\/wp-json\/wp\/v2\/pages\/749\/revisions\/847"}],"wp:attachment":[{"href":"https:\/\/mrgreencasinos.com\/fr\/wp-json\/wp\/v2\/media?parent=749"}],"curies":[{"name":"wp","href":"https:\/\/api.w.org\/{rel}","templated":true}]}}