{"id":755,"date":"2022-08-05T12:17:46","date_gmt":"2022-08-05T12:17:46","guid":{"rendered":"https:\/\/mrgreencasinos.com\/?page_id=755"},"modified":"2022-08-08T15:24:01","modified_gmt":"2022-08-08T15:24:01","slug":"live-baccarat","status":"publish","type":"page","link":"https:\/\/mrgreencasinos.com\/fr\/live-baccarat\/","title":{"rendered":"Comment jouer au Baccarat en direct?"},"content":{"rendered":"<p>Le Baccarat en ligne est l&rsquo;un des meilleurs <a href=\"https:\/\/mrgreencasinos.com\/fr\/card-games\/\">jeux de carte<\/a>s au monde. Le saviez-vous? Que diriez-vous de jouer au Baccarat en direct, avec de vrais croupiers, dans le confort de votre foyer? C&rsquo;est une offre de casino en direct. Un type de jeu qui gagne des joueurs du monde entier depuis un certain temps maintenant.<\/p>\n<div class=\"t-go\"><a href=\"\/go-casino\/?brand=mrgreen\">BONUS DE R\u00c9CLAMATION<\/a><\/div>\n<h2>Alors, on va essayer le jeu?<\/h2>\n<p>Une fois que vous entrez dans le mode d&rsquo;affichage du jeu, vous verrez toutes les informations dont vous avez besoin pour jouer au Baccarat en direct au casino Mr Green. Dans la moiti\u00e9 inf\u00e9rieure de l&rsquo;\u00e9cran, vous verrez le plan de jeu en ligne traditionnel au baccarat auquel vous \u00eates habitu\u00e9, avec des zones clairement marqu\u00e9es pour chaque pari possible. Vous pouvez \u00e9galement voir d&rsquo;autres personnes jouer \u00e0 votre table si vous jouez \u00e0 la version multijoueur du jeu. La moiti\u00e9 sup\u00e9rieure de l&rsquo;\u00e9cran est plus adapt\u00e9e \u00e0 la version live du Baccarat. Vous y verrez le croupier avec sa table de baccara et les cartes physiques affich\u00e9es en temps r\u00e9el. De chaque c\u00f4t\u00e9 de la vid\u00e9o du croupier, vous verrez un historique des r\u00e9sultats r\u00e9cents, ainsi qu&rsquo;une comptabilit\u00e9 plus d\u00e9taill\u00e9e des num\u00e9ros des mains r\u00e9centes. Ces outils ne sont que deux des nombreux disponibles pour le joueur, et vous pouvez les m\u00e9langer et les assortir comme bon vous semble.<\/p>\n<p>En outre, vous pouvez jouer au Baccarat en ligne Mr Green, qui bien s\u00fbr, ne peut s&#8217;emp\u00eacher de plaire. Assis sur le canap\u00e9, vous pouvez jouer \u00e0 votre jeu pr\u00e9f\u00e9r\u00e9. Si la vue habituelle du jeu est trop similaire au Baccarat en ligne, vous aurez \u00e9galement la possibilit\u00e9 de passer \u00e0 la \u00ab\u00a0vue casino\u00a0\u00bb. Dans cette version de l&rsquo;interface, vous parierez sur une disposition simul\u00e9e qui appara\u00eet \u00e0 droite de la table du croupier en direct. Cela donne \u00e0 l&rsquo;\u00e9cran une v\u00e9ritable sensation de casino, d&rsquo;autant plus que vous pourrez voir toutes les autres activit\u00e9s qui se d\u00e9roulent dans le casino et entendre les sons d&rsquo;un casino en direct en arri\u00e8re-plan.<\/p>\n<p><img loading=\"lazy\" decoding=\"async\" class=\"aligncenter wp-image-753 size-full\" src=\"https:\/\/mrgreencasinos.com\/wp-content\/uploads\/2022\/08\/live-baccarat.jpeg\" alt=\"live baccarat mr green\" width=\"700\" height=\"330\" srcset=\"https:\/\/mrgreencasinos.com\/wp-content\/uploads\/2022\/08\/live-baccarat.jpeg 700w, https:\/\/mrgreencasinos.com\/wp-content\/uploads\/2022\/08\/live-baccarat-300x141.jpeg 300w\" sizes=\"auto, (max-width: 700px) 100vw, 700px\" \/><\/p>\n<h2>Placer vos paris: comment \u00e7a marche?<\/h2>\n<p>Parier est aussi simple que n&rsquo;importe quel autre jeu en ligne. Placez simplement vos paris dans la zone de paris appropri\u00e9e. Vous aurez environ 20 secondes entre chaque main pour le faire, il n&rsquo;est donc pas n\u00e9cessaire de vous pr\u00e9cipiter pour obtenir votre argent. Une fois vos paris plac\u00e9s, le croupier remet le joueur et le banquier, scannant chaque carte lorsqu&rsquo;elle sort de la chaussure pour s&rsquo;assurer qu&rsquo;elle est correctement enregistr\u00e9e. Une fois les r\u00e9sultats d\u00e9termin\u00e9s, tous les paris gagnants seront pay\u00e9s et les paris sur la main suivante commenceront.<\/p>\n<h2>Croupier de baccarat en direct.<\/h2>\n<p>Le manque de casinos dans le pays a toujours oblig\u00e9 les joueurs \u00e0 chercher des alternatives en ligne gr\u00e2ce aux jeux \u00e9lectroniques. Mais la possibilit\u00e9 d&rsquo;interagir avec le croupier professionnel baccarat Mr Green a fait passer le jeu en ligne \u00e0 un autre niveau. Il est sans \u00e9quivoque qu&rsquo;il s&rsquo;agit d&rsquo;un bonus de baccarat en direct Mr Green.<\/p>\n<p>Historiquement, le \u00ab\u00a0Baccarat\u00a0\u00bb est n\u00e9 au 15\u00e8me si\u00e8cle. Il a d&rsquo;abord \u00e9t\u00e9 jou\u00e9 en France, avec une forte influence italienne. Mais c&rsquo;est aux \u00c9tats-Unis que son adaptation a eu lieu pour une meilleure compr\u00e9hension. Et la version am\u00e9ricaine est le format le plus courant du jeu de Baccarat dans le monde.<\/p>\n<p>L&rsquo;avantage de la maison est inf\u00e9rieur \u00e0 celui de tous les autres jeux de cartes de casino, et le RTP est:<\/p>\n<ul>\n<li>Mise du banquier: 98,94;<\/li>\n<li>Mise du joueur: 98.76;<\/li>\n<li>Pari nul: 85,64.<\/li>\n<\/ul>\n<h2>Types de Baccara<\/h2>\n<p>Dans ce jeu, le croupier fait tout le travail, tandis que dans le jeu traditionnel du Baccarat, le Joueur n&rsquo;a qu&rsquo;\u00e0 d\u00e9cider de la main \u00e0 parier: la main du joueur ou la main du banquier. Il est \u00e9galement possible de parier sur un match nul. Le but est d&rsquo;obtenir une main d&rsquo;une valeur totale proche de 9.<\/p>\n<p>Au Baccarat, les cartes ont les valeurs suivantes:<\/p>\n<ul>\n<li>A = 1;<\/li>\n<li>2 \u00e0 9 = valeur nominale;<\/li>\n<li>10, J, Q, K = 0.<\/li>\n<\/ul>\n<p>Dans le sens le plus superficiel, c&rsquo;est l&rsquo;explication du jeu. Mais dans les casinos en ligne, vous pouvez trouver des vari\u00e9t\u00e9s telles que le Baccarat \u00c9clair, le Baccarat Rapide, le Baccarat sans Commission, le Baccarat Squeeze, le Control Squeeze et le Dragon Tiger.<\/p>\n<div class=\"t-go\"><a href=\"\/go-casino\/?brand=mrgreen\">BONUS DE R\u00c9CLAMATION<\/a><\/div>\n<h2>Pression de Baccara<\/h2>\n<p>Plus de 15 cam\u00e9ras capturent chaque mouvement du joueur dans le jeu de Baccarat. Le croupier r\u00e9v\u00e8le rapidement les cartes associ\u00e9es aux enjeux les plus bas et cr\u00e9e plus de tension avec les cartes associ\u00e9es aux enjeux les plus \u00e9lev\u00e9s. Ouvrant lentement leurs c\u00f4t\u00e9s, cr\u00e9ant une atmosph\u00e8re de grand plaisir et d&rsquo;anticipation!<\/p>\n<h2>Baccarat sans commission<\/h2>\n<p>Au Baccarat, le joueur agit contre le banquier. Avant chaque main, le Joueur d\u00e9cide de miser sur le Joueur ou sur la Banque. Lorsque le pari est fait sur le joueur, le paiement est effectu\u00e9 directement. Mais si le pari est fait sur le Banquier, et c&rsquo;est un pari gagnant, le joueur doit payer 5% de ses gains. La commission existe pour emp\u00eacher le Joueur de profiter du Banquier, qui a une plus grande probabilit\u00e9 de gagner (50,68%).<\/p>\n<h2>Dragon Tiger excelle au Baccarat en ligne<\/h2>\n<p>Il s&rsquo;agit d&rsquo;une version plus dynamique dans le meilleur style de Baccarat en ligne live Mr Green. Dans ce jeu, le croupier distribue deux cartes au dragon et deux cartes au tigre, et le joueur choisit quelle paire de cartes sera plus haute que l&rsquo;autre. Le joueur peut d\u00e9cider d&rsquo;un tirage au sort. Ensuite, le croupier ouvre les cartes, r\u00e9v\u00e9lant le r\u00e9sultat de la partie. En moyenne, les rondes durent 25 secondes et le jeu se joue dans un cadre th\u00e9matique \u00e9l\u00e9gant. Ce jeu est tr\u00e8s populaire en Australie et attire de nombreux joueurs de baccarat novices. L&rsquo;interface du jeu contient des informations telles que des entr\u00e9es et des statistiques g\u00e9n\u00e9rales pour aider le joueur \u00e0 pr\u00e9dire les r\u00e9sultats futurs.<\/p>\n<p>Le baccarat est passionnant et facile \u00e0 comprendre, c&rsquo;est pourquoi il est si populaire dans les casinos en ligne. Gr\u00e2ce \u00e0 la haute d\u00e9finition et aux multiples cam\u00e9ras, les joueurs peuvent regarder le match sous diff\u00e9rents angles. Mr Green live baccarat en ligne Australie devient de plus en plus populaire que jamais. Laissez-vous en faire l&rsquo;exp\u00e9rience et jouez avec des paris commen\u00e7ant aussi bas que 5. Interagissez avec le croupier, amusez-vous, et qui sait, peut-\u00eatre que le <a href=\"https:\/\/mrgreencasinos.com\/fr\/\">casino en ligne<\/a> Mr Green live baccarat en argent r\u00e9el est cette heure stellaire sur le chemin de l&rsquo;argent.<\/p>\n","protected":false},"excerpt":{"rendered":"<p>Le Baccarat en ligne est l&rsquo;un des meilleurs jeux de cartes au monde. Le saviez-vous? Que diriez-vous de jouer au [&hellip;]<\/p>\n","protected":false},"author":1,"featured_media":0,"parent":0,"menu_order":0,"comment_status":"closed","ping_status":"closed","template":"","meta":{"footnotes":""},"class_list":["post-755","page","type-page","status-publish","hentry"],"acf":[],"yoast_head":"<!-- This site is optimized with the Yoast SEO plugin v17.9 - https:\/\/yoast.com\/wordpress\/plugins\/seo\/ -->\n<title>Baccarat avec Croupier en direct 2023 - Jouez en direct sur Mr Green<\/title>\n<meta name=\"description\" content=\"Un guide honn\u00eate du baccarat en direct en ligne pour les joueurs AU. Gagnez de l&#039;argent r\u00e9el en jouant avec un croupier professionnel au meilleur casino de baccarat en direct Mr Green\" \/>\n<meta name=\"robots\" content=\"index, follow, max-snippet:-1, max-image-preview:large, max-video-preview:-1\" \/>\n<link rel=\"canonical\" href=\"https:\/\/mrgreencasinos.com\/fr\/live-baccarat\/\" \/>\n<meta property=\"og:type\" content=\"article\" \/>\n<meta property=\"og:title\" content=\"Baccarat avec Croupier en direct 2023 - Jouez en direct sur Mr Green\" \/>\n<meta property=\"og:description\" content=\"Un guide honn\u00eate du baccarat en direct en ligne pour les joueurs AU. Gagnez de l&#039;argent r\u00e9el en jouant avec un croupier professionnel au meilleur casino de baccarat en direct Mr Green\" \/>\n<meta property=\"og:url\" content=\"https:\/\/mrgreencasinos.com\/fr\/live-baccarat\/\" \/>\n<meta property=\"og:site_name\" content=\"Casino MR Green\" \/>\n<meta property=\"article:modified_time\" content=\"2022-08-08T15:24:01+00:00\" \/>\n<meta property=\"og:image\" content=\"https:\/\/mrgreencasinos.com\/wp-content\/uploads\/2022\/08\/live-baccarat.jpeg\" \/>\n<meta name=\"twitter:card\" content=\"summary_large_image\" \/>\n<meta name=\"twitter:label1\" content=\"Dur\u00e9e de lecture estim\u00e9e\" \/>\n\t<meta name=\"twitter:data1\" content=\"5 minutes\" \/>\n<script type=\"application\/ld+json\" class=\"yoast-schema-graph\">{\"@context\":\"https:\/\/schema.org\",\"@graph\":[{\"@type\":\"WebSite\",\"@id\":\"https:\/\/mrgreencasinos.com\/#website\",\"url\":\"https:\/\/mrgreencasinos.com\/\",\"name\":\"Casino MR Green\",\"description\":\"\",\"potentialAction\":[{\"@type\":\"SearchAction\",\"target\":{\"@type\":\"EntryPoint\",\"urlTemplate\":\"https:\/\/mrgreencasinos.com\/?s={search_term_string}\"},\"query-input\":\"required name=search_term_string\"}],\"inLanguage\":\"fr-FR\"},{\"@type\":\"ImageObject\",\"@id\":\"https:\/\/mrgreencasinos.com\/fr\/live-baccarat\/#primaryimage\",\"inLanguage\":\"fr-FR\",\"url\":\"https:\/\/mrgreencasinos.com\/wp-content\/uploads\/2022\/08\/live-baccarat.jpeg\",\"contentUrl\":\"https:\/\/mrgreencasinos.com\/wp-content\/uploads\/2022\/08\/live-baccarat.jpeg\",\"width\":700,\"height\":330,\"caption\":\"live baccarat mr green\"},{\"@type\":\"WebPage\",\"@id\":\"https:\/\/mrgreencasinos.com\/fr\/live-baccarat\/#webpage\",\"url\":\"https:\/\/mrgreencasinos.com\/fr\/live-baccarat\/\",\"name\":\"Baccarat avec Croupier en direct 2023 - Jouez en direct sur Mr Green\",\"isPartOf\":{\"@id\":\"https:\/\/mrgreencasinos.com\/#website\"},\"primaryImageOfPage\":{\"@id\":\"https:\/\/mrgreencasinos.com\/fr\/live-baccarat\/#primaryimage\"},\"datePublished\":\"2022-08-05T12:17:46+00:00\",\"dateModified\":\"2022-08-08T15:24:01+00:00\",\"description\":\"Un guide honn\\u00eate du baccarat en direct en ligne pour les joueurs AU. Gagnez de l'argent r\\u00e9el en jouant avec un croupier professionnel au meilleur casino de baccarat en direct Mr Green\",\"breadcrumb\":{\"@id\":\"https:\/\/mrgreencasinos.com\/fr\/live-baccarat\/#breadcrumb\"},\"inLanguage\":\"fr-FR\",\"potentialAction\":[{\"@type\":\"ReadAction\",\"target\":[\"https:\/\/mrgreencasinos.com\/fr\/live-baccarat\/\"]}]},{\"@type\":\"BreadcrumbList\",\"@id\":\"https:\/\/mrgreencasinos.com\/fr\/live-baccarat\/#breadcrumb\",\"itemListElement\":[{\"@type\":\"ListItem\",\"position\":1,\"name\":\"Home\",\"item\":\"https:\/\/mrgreencasinos.com\/fr\/review-of-the-official-mr-green-website\/\"},{\"@type\":\"ListItem\",\"position\":2,\"name\":\"Comment jouer au Baccarat en direct?\"}]}]}<\/script>\n<!-- \/ Yoast SEO plugin. -->","yoast_head_json":{"title":"Baccarat avec Croupier en direct 2023 - Jouez en direct sur Mr Green","description":"Un guide honn\u00eate du baccarat en direct en ligne pour les joueurs AU. Gagnez de l'argent r\u00e9el en jouant avec un croupier professionnel au meilleur casino de baccarat en direct Mr Green","robots":{"index":"index","follow":"follow","max-snippet":"max-snippet:-1","max-image-preview":"max-image-preview:large","max-video-preview":"max-video-preview:-1"},"canonical":"https:\/\/mrgreencasinos.com\/fr\/live-baccarat\/","og_type":"article","og_title":"Baccarat avec Croupier en direct 2023 - Jouez en direct sur Mr Green","og_description":"Un guide honn\u00eate du baccarat en direct en ligne pour les joueurs AU. Gagnez de l'argent r\u00e9el en jouant avec un croupier professionnel au meilleur casino de baccarat en direct Mr Green","og_url":"https:\/\/mrgreencasinos.com\/fr\/live-baccarat\/","og_site_name":"Casino MR Green","article_modified_time":"2022-08-08T15:24:01+00:00","og_image":[{"url":"https:\/\/mrgreencasinos.com\/wp-content\/uploads\/2022\/08\/live-baccarat.jpeg"}],"twitter_card":"summary_large_image","twitter_misc":{"Dur\u00e9e de lecture estim\u00e9e":"5 minutes"},"schema":{"@context":"https:\/\/schema.org","@graph":[{"@type":"WebSite","@id":"https:\/\/mrgreencasinos.com\/#website","url":"https:\/\/mrgreencasinos.com\/","name":"Casino MR Green","description":"","potentialAction":[{"@type":"SearchAction","target":{"@type":"EntryPoint","urlTemplate":"https:\/\/mrgreencasinos.com\/?s={search_term_string}"},"query-input":"required name=search_term_string"}],"inLanguage":"fr-FR"},{"@type":"ImageObject","@id":"https:\/\/mrgreencasinos.com\/fr\/live-baccarat\/#primaryimage","inLanguage":"fr-FR","url":"https:\/\/mrgreencasinos.com\/wp-content\/uploads\/2022\/08\/live-baccarat.jpeg","contentUrl":"https:\/\/mrgreencasinos.com\/wp-content\/uploads\/2022\/08\/live-baccarat.jpeg","width":700,"height":330,"caption":"live baccarat mr green"},{"@type":"WebPage","@id":"https:\/\/mrgreencasinos.com\/fr\/live-baccarat\/#webpage","url":"https:\/\/mrgreencasinos.com\/fr\/live-baccarat\/","name":"Baccarat avec Croupier en direct 2023 - Jouez en direct sur Mr Green","isPartOf":{"@id":"https:\/\/mrgreencasinos.com\/#website"},"primaryImageOfPage":{"@id":"https:\/\/mrgreencasinos.com\/fr\/live-baccarat\/#primaryimage"},"datePublished":"2022-08-05T12:17:46+00:00","dateModified":"2022-08-08T15:24:01+00:00","description":"Un guide honn\u00eate du baccarat en direct en ligne pour les joueurs AU. Gagnez de l'argent r\u00e9el en jouant avec un croupier professionnel au meilleur casino de baccarat en direct Mr Green","breadcrumb":{"@id":"https:\/\/mrgreencasinos.com\/fr\/live-baccarat\/#breadcrumb"},"inLanguage":"fr-FR","potentialAction":[{"@type":"ReadAction","target":["https:\/\/mrgreencasinos.com\/fr\/live-baccarat\/"]}]},{"@type":"BreadcrumbList","@id":"https:\/\/mrgreencasinos.com\/fr\/live-baccarat\/#breadcrumb","itemListElement":[{"@type":"ListItem","position":1,"name":"Home","item":"https:\/\/mrgreencasinos.com\/fr\/review-of-the-official-mr-green-website\/"},{"@type":"ListItem","position":2,"name":"Comment jouer au Baccarat en direct?"}]}]}},"_links":{"self":[{"href":"https:\/\/mrgreencasinos.com\/fr\/wp-json\/wp\/v2\/pages\/755","targetHints":{"allow":["GET"]}}],"collection":[{"href":"https:\/\/mrgreencasinos.com\/fr\/wp-json\/wp\/v2\/pages"}],"about":[{"href":"https:\/\/mrgreencasinos.com\/fr\/wp-json\/wp\/v2\/types\/page"}],"author":[{"embeddable":true,"href":"https:\/\/mrgreencasinos.com\/fr\/wp-json\/wp\/v2\/users\/1"}],"replies":[{"embeddable":true,"href":"https:\/\/mrgreencasinos.com\/fr\/wp-json\/wp\/v2\/comments?post=755"}],"version-history":[{"count":3,"href":"https:\/\/mrgreencasinos.com\/fr\/wp-json\/wp\/v2\/pages\/755\/revisions"}],"predecessor-version":[{"id":849,"href":"https:\/\/mrgreencasinos.com\/fr\/wp-json\/wp\/v2\/pages\/755\/revisions\/849"}],"wp:attachment":[{"href":"https:\/\/mrgreencasinos.com\/fr\/wp-json\/wp\/v2\/media?parent=755"}],"curies":[{"name":"wp","href":"https:\/\/api.w.org\/{rel}","templated":true}]}}