{"id":866,"date":"2022-08-09T13:31:30","date_gmt":"2022-08-09T13:31:30","guid":{"rendered":"https:\/\/mrgreencasinos.com\/?page_id=866"},"modified":"2022-08-10T09:20:40","modified_gmt":"2022-08-10T09:20:40","slug":"download","status":"publish","type":"page","link":"https:\/\/mrgreencasinos.com\/fr\/download\/","title":{"rendered":"T\u00e9l\u00e9charger le casino Mr Green"},"content":{"rendered":"<p><img loading=\"lazy\" decoding=\"async\" class=\" wp-image-861 aligncenter\" src=\"https:\/\/mrgreencasinos.com\/wp-content\/uploads\/2022\/08\/casino_lobby_apps-300x145.jpg\" alt=\"download\" width=\"658\" height=\"318\" srcset=\"https:\/\/mrgreencasinos.com\/wp-content\/uploads\/2022\/08\/casino_lobby_apps-300x145.jpg 300w, https:\/\/mrgreencasinos.com\/wp-content\/uploads\/2022\/08\/casino_lobby_apps-1024x495.jpg 1024w, https:\/\/mrgreencasinos.com\/wp-content\/uploads\/2022\/08\/casino_lobby_apps-768x371.jpg 768w, https:\/\/mrgreencasinos.com\/wp-content\/uploads\/2022\/08\/casino_lobby_apps-1536x742.jpg 1536w, https:\/\/mrgreencasinos.com\/wp-content\/uploads\/2022\/08\/casino_lobby_apps-720x348.jpg 720w, https:\/\/mrgreencasinos.com\/wp-content\/uploads\/2022\/08\/casino_lobby_apps.jpg 1900w\" sizes=\"auto, (max-width: 658px) 100vw, 658px\" \/><\/p>\n<p>Des millions de joueurs australiens devraient \u00eatre familiaris\u00e9s avec le t\u00e9l\u00e9chargement de <a href=\"https:\/\/mrgreencasinos.com\/fr\/\">Mr Green Casino<\/a>, car cet op\u00e9rateur de casino poss\u00e8de actuellement l&rsquo;une des meilleures applications de casino sur le march\u00e9 australien du jeu. Mais \u00e9tant donn\u00e9 que tous les joueurs n&rsquo;ont pas encore t\u00e9l\u00e9charg\u00e9 l&rsquo;application, il est tr\u00e8s important de parler de tout ce qui entoure le logiciel\u00a0: regardez la collection de jeux disponibles, leur optimisation pour les syst\u00e8mes d&rsquo;exploitation mobiles et les petits \u00e9crans.<\/p>\n<p>Les gens ne devraient pas \u00eatre d\u00e9\u00e7us, compte tenu de la qualit\u00e9 de ce casino en ligne. Il offre juste assez d&rsquo;occasions d&rsquo;oublier toute autre activit\u00e9. Le joueur peut \u00eatre s\u00fbr que tout ce qui concerne ce site Web sur les t\u00e9l\u00e9phones mobiles est g\u00e9nial. Afin d&rsquo;appr\u00e9cier pleinement ce que ce site Web a \u00e0 offrir pour le moment, il est important de tout regarder sur l&rsquo;application, en commen\u00e7ant par le processus d&rsquo;installation.<\/p>\n<p style=\"text-align: center;\"><div class=\"t-go\"><a href=\"\/go-casino\/?brand=mrgreen\">BONUS DE R\u00c9CLAMATION<\/a><\/div>\n<h2>Comment t\u00e9l\u00e9charger Mr Green ?<\/h2>\n<p>D\u00e8s le d\u00e9but, il est important de souligner que cette application est enti\u00e8rement gratuite et qu&rsquo;elle est disponible pour tout joueur qui souhaite la t\u00e9l\u00e9charger sur un appareil iOS ou Android. Mais le processus d&rsquo;installation est un peu diff\u00e9rent, selon un syst\u00e8me d&rsquo;exploitation sp\u00e9cifique. Contrairement \u00e0 de nombreux autres casinos en ligne, le joueur n&rsquo;aura pas besoin de travailler avec des fichiers APK ou quoi que ce soit du genre. Les personnes derri\u00e8re ce logiciel ont fait tout ce qui \u00e9tait en leur pouvoir pour donner la possibilit\u00e9 de t\u00e9l\u00e9charger les jeux de casino Mr Green rapidement et en \u00e9vitant toute manipulation avec les param\u00e8tres de s\u00e9curit\u00e9.<\/p>\n<p>La premi\u00e8re chose \u00e0 faire par le joueur est d&rsquo;ouvrir la page principale du site officiel. Il y a une section d\u00e9di\u00e9e \u00e0 l&rsquo;application du casino. Il comprend des liens qui redirigent vers l&rsquo;un des march\u00e9s d&rsquo;applications. Dans le cas d&rsquo;iOS, le joueur sera redirig\u00e9 vers l&rsquo;App Store. En ce moment, le casino \u00e0 t\u00e9l\u00e9chargement gratuit Mr Green a un score incroyable de 4 \u00e9toiles sur 5. Cela montre que les gens sont satisfaits de ce qu&rsquo;ils ont obtenu sous la forme de cette application. Les joueurs peuvent \u00eatre s\u00fbrs que tout ira bien tout en jouant \u00e0 des jeux \u00e0 l&rsquo;aide de cet incroyable logiciel.<\/p>\n<p>Dans le cas d&rsquo;Android, les utilisateurs doivent trouver l&rsquo;application sur le Google Play Store. Il est tr\u00e8s rare de nos jours de voir un casino en ligne qui a tout le droit de s&rsquo;assurer que l&rsquo;application sera disponible sur le march\u00e9 num\u00e9rique, au lieu d&rsquo;un fichier APK. Cela a du sens, \u00e9tant donn\u00e9 que tous les joueurs ne sont pas int\u00e9ress\u00e9s \u00e0 trouver un moyen d&rsquo;installer un tel logiciel manuellement. C&rsquo;est toujours formidable d&rsquo;avoir une chance de le t\u00e9l\u00e9charger \u00e0 partir du march\u00e9 officiel des logiciels.<\/p>\n<p>L&rsquo;une des choses importantes \u00e0 noter lors du t\u00e9l\u00e9chargement de l&rsquo;application Mr Green Casino &#8211; le joueur n&rsquo;a pas besoin d&rsquo;\u00eatre d\u00e9j\u00e0 enregistr\u00e9 pour commencer \u00e0 l&rsquo;utiliser. Il est possible de compl\u00e9ter l&rsquo;inscription directement depuis l&rsquo;application. Les d\u00e9veloppeurs ont fait tout ce qui \u00e9tait en leur pouvoir pour faire de l&rsquo;application une exp\u00e9rience confortable pour n&rsquo;importe quel joueur. Afin d&rsquo;avoir un acc\u00e8s complet aux fonctionnalit\u00e9s de ce logiciel, le joueur doit \u00eatre \u00e2g\u00e9 d&rsquo;au moins 18 ans. Dans d&rsquo;autres cas, il sera impossible d&rsquo;enregistrer un compte.<\/p>\n<p style=\"text-align: center;\"><div class=\"t-go\"><a href=\"\/go-casino\/?brand=mrgreen\">BONUS DE R\u00c9CLAMATION<\/a><\/div>\n<h2>Quels sont les avantages de s\u00e9journer au casino Mr Green ?<\/h2>\n<p>Il y a quelques avantages que chaque joueur qui fait le t\u00e9l\u00e9chargement du casino mobile Mr Green appr\u00e9ciera. Tout d&rsquo;abord, il est tr\u00e8s important de ne jamais oublier une opportunit\u00e9 de jouer n&rsquo;importe o\u00f9 et n&rsquo;importe quand. Dans le cas de la version adaptative originale du site, il est tr\u00e8s difficile de d\u00e9terminer quel jeu est enti\u00e8rement adapt\u00e9 pour fonctionner avec des gadgets mobiles et lequel ne l&rsquo;est pas.<\/p>\n<p>Une autre raison pour laquelle l&rsquo;application de casino mobile est meilleure que la version adaptative du site est l&rsquo;interface. Cela fonctionne beaucoup mieux gr\u00e2ce au nouveau design des d\u00e9veloppeurs de logiciels. Il est vraiment facile de naviguer dans toutes les sections de ce site Web. Il est difficile de dire que la collection de jeux disponibles est la plus grande, mais au moins elle contient au moins 500 titres mobiles et c&rsquo;est d\u00e9j\u00e0 suffisant pour passer un temps d\u00e9cent \u00e0 y jouer tout en \u00e9tant sur un smartphone. Tr\u00e8s belle opportunit\u00e9 pour les joueurs de toujours rester connect\u00e9s avec leur marque pr\u00e9f\u00e9r\u00e9e.<\/p>\n<p>Ce qui rend l&rsquo;application encore meilleure &#8211; c&rsquo;est la m\u00eame application pour le casino en ligne et les paris sportifs. Cela signifie que les joueurs n&rsquo;auraient pas besoin de t\u00e9l\u00e9charger de logiciel suppl\u00e9mentaire pour placer des paris sportifs. Ces activit\u00e9s sont s\u00e9par\u00e9es et il est assez confortable de basculer manuellement entre elles. Les personnes qui t\u00e9l\u00e9chargeront cette application et se connecteront pour la premi\u00e8re fois recevront une offre sp\u00e9ciale sous la forme d&rsquo;un <a href=\"https:\/\/mrgreencasinos.com\/fr\/bonuses\/\">bonus<\/a> de bienvenue pour les joueurs mobiles. C&rsquo;est une belle occasion de commencer \u00e0 jouer de la bonne mani\u00e8re.<\/p>\n<p><img loading=\"lazy\" decoding=\"async\" class=\" wp-image-863 aligncenter\" src=\"https:\/\/mrgreencasinos.com\/wp-content\/uploads\/2022\/08\/mrgreen-banner-1-300x128.jpg\" alt=\"mr green download\" width=\"698\" height=\"298\" srcset=\"https:\/\/mrgreencasinos.com\/wp-content\/uploads\/2022\/08\/mrgreen-banner-1-300x128.jpg 300w, https:\/\/mrgreencasinos.com\/wp-content\/uploads\/2022\/08\/mrgreen-banner-1.jpg 640w\" sizes=\"auto, (max-width: 698px) 100vw, 698px\" \/><\/p>\n<h2>FAQ<\/h2>\n<h3>Quel appareil mobile dois-je avoir pour t\u00e9l\u00e9charger l&rsquo;application Mr Green?<\/h3>\n<p>Pour t\u00e9l\u00e9charger et installer l&rsquo;application Mr Green, les joueurs doivent disposer d&rsquo;un appareil Apple avec iOS 11 ou sup\u00e9rieur et dans le cas d&rsquo;appareils Android avec Android OS 7 ou sup\u00e9rieur. En dehors de cela, il n&rsquo;y a aucune configuration mat\u00e9rielle ou logicielle requise.<\/p>\n<h3>Cette application est-elle gratuite?<\/h3>\n<p>Oui, il est totalement gratuit d&rsquo;utiliser l&rsquo;application Mr Gree pour iOS ou Android. Le joueur n&rsquo;aura pas besoin de payer d&rsquo;argent pour les fonctions suppl\u00e9mentaires de l&rsquo;application. Il se met \u00e0 jour automatiquement et absolument gratuitement, ce qui cr\u00e9e une opportunit\u00e9 incroyable pour tout joueur qui souhaite appr\u00e9cier cette application pour de vrai.<\/p>\n<h3>Est-il possible de jouer \u00e0 des jeux avec croupiers en direct avec cette application?<\/h3>\n<p>Oui, le joueur peut profiter des jeux avec croupier en direct car ils sont pris en charge par la version actuelle de l&rsquo;application pour iOS ou Android.<\/p>\n","protected":false},"excerpt":{"rendered":"<p>Des millions de joueurs australiens devraient \u00eatre familiaris\u00e9s avec le t\u00e9l\u00e9chargement de Mr Green Casino, car cet op\u00e9rateur de casino [&hellip;]<\/p>\n","protected":false},"author":1,"featured_media":0,"parent":0,"menu_order":0,"comment_status":"closed","ping_status":"closed","template":"","meta":{"footnotes":""},"class_list":["post-866","page","type-page","status-publish","hentry"],"acf":[],"yoast_head":"<!-- This site is optimized with the Yoast SEO plugin v17.9 - https:\/\/yoast.com\/wordpress\/plugins\/seo\/ -->\n<title>Mr Green T\u00e9l\u00e9chargez l&#039;application Casino pour Iphone ou Android maintenant !<\/title>\n<meta name=\"description\" content=\"T\u00e9l\u00e9chargez l&#039;application mobile Mr Green Casino sur votre iPhone ou Android. La version mobile du casino propose un bel assemblage de grands jeux\" \/>\n<meta name=\"robots\" content=\"index, follow, max-snippet:-1, max-image-preview:large, max-video-preview:-1\" \/>\n<link rel=\"canonical\" href=\"https:\/\/mrgreencasinos.com\/fr\/download\/\" \/>\n<meta property=\"og:type\" content=\"article\" \/>\n<meta property=\"og:title\" content=\"Mr Green T\u00e9l\u00e9chargez l&#039;application Casino pour Iphone ou Android maintenant !\" \/>\n<meta property=\"og:description\" content=\"T\u00e9l\u00e9chargez l&#039;application mobile Mr Green Casino sur votre iPhone ou Android. La version mobile du casino propose un bel assemblage de grands jeux\" \/>\n<meta property=\"og:url\" content=\"https:\/\/mrgreencasinos.com\/fr\/download\/\" \/>\n<meta property=\"og:site_name\" content=\"Casino MR Green\" \/>\n<meta property=\"article:modified_time\" content=\"2022-08-10T09:20:40+00:00\" \/>\n<meta property=\"og:image\" content=\"https:\/\/mrgreencasinos.com\/wp-content\/uploads\/2022\/08\/casino_lobby_apps-300x145.jpg\" \/>\n<meta name=\"twitter:card\" content=\"summary_large_image\" \/>\n<meta name=\"twitter:label1\" content=\"Dur\u00e9e de lecture estim\u00e9e\" \/>\n\t<meta name=\"twitter:data1\" content=\"5 minutes\" \/>\n<script type=\"application\/ld+json\" class=\"yoast-schema-graph\">{\"@context\":\"https:\/\/schema.org\",\"@graph\":[{\"@type\":\"WebSite\",\"@id\":\"https:\/\/mrgreencasinos.com\/#website\",\"url\":\"https:\/\/mrgreencasinos.com\/\",\"name\":\"Casino MR Green\",\"description\":\"\",\"potentialAction\":[{\"@type\":\"SearchAction\",\"target\":{\"@type\":\"EntryPoint\",\"urlTemplate\":\"https:\/\/mrgreencasinos.com\/?s={search_term_string}\"},\"query-input\":\"required name=search_term_string\"}],\"inLanguage\":\"fr-FR\"},{\"@type\":\"ImageObject\",\"@id\":\"https:\/\/mrgreencasinos.com\/fr\/download\/#primaryimage\",\"inLanguage\":\"fr-FR\",\"url\":\"https:\/\/mrgreencasinos.com\/wp-content\/uploads\/2022\/08\/casino_lobby_apps.jpg\",\"contentUrl\":\"https:\/\/mrgreencasinos.com\/wp-content\/uploads\/2022\/08\/casino_lobby_apps.jpg\",\"width\":1900,\"height\":918,\"caption\":\"download\"},{\"@type\":\"WebPage\",\"@id\":\"https:\/\/mrgreencasinos.com\/fr\/download\/#webpage\",\"url\":\"https:\/\/mrgreencasinos.com\/fr\/download\/\",\"name\":\"Mr Green T\\u00e9l\\u00e9chargez l'application Casino pour Iphone ou Android maintenant !\",\"isPartOf\":{\"@id\":\"https:\/\/mrgreencasinos.com\/#website\"},\"primaryImageOfPage\":{\"@id\":\"https:\/\/mrgreencasinos.com\/fr\/download\/#primaryimage\"},\"datePublished\":\"2022-08-09T13:31:30+00:00\",\"dateModified\":\"2022-08-10T09:20:40+00:00\",\"description\":\"T\\u00e9l\\u00e9chargez l'application mobile Mr Green Casino sur votre iPhone ou Android. La version mobile du casino propose un bel assemblage de grands jeux\",\"breadcrumb\":{\"@id\":\"https:\/\/mrgreencasinos.com\/fr\/download\/#breadcrumb\"},\"inLanguage\":\"fr-FR\",\"potentialAction\":[{\"@type\":\"ReadAction\",\"target\":[\"https:\/\/mrgreencasinos.com\/fr\/download\/\"]}]},{\"@type\":\"BreadcrumbList\",\"@id\":\"https:\/\/mrgreencasinos.com\/fr\/download\/#breadcrumb\",\"itemListElement\":[{\"@type\":\"ListItem\",\"position\":1,\"name\":\"Home\",\"item\":\"https:\/\/mrgreencasinos.com\/fr\/review-of-the-official-mr-green-website\/\"},{\"@type\":\"ListItem\",\"position\":2,\"name\":\"T\\u00e9l\\u00e9charger le casino Mr Green\"}]}]}<\/script>\n<!-- \/ Yoast SEO plugin. -->","yoast_head_json":{"title":"Mr Green T\u00e9l\u00e9chargez l'application Casino pour Iphone ou Android maintenant !","description":"T\u00e9l\u00e9chargez l'application mobile Mr Green Casino sur votre iPhone ou Android. La version mobile du casino propose un bel assemblage de grands jeux","robots":{"index":"index","follow":"follow","max-snippet":"max-snippet:-1","max-image-preview":"max-image-preview:large","max-video-preview":"max-video-preview:-1"},"canonical":"https:\/\/mrgreencasinos.com\/fr\/download\/","og_type":"article","og_title":"Mr Green T\u00e9l\u00e9chargez l'application Casino pour Iphone ou Android maintenant !","og_description":"T\u00e9l\u00e9chargez l'application mobile Mr Green Casino sur votre iPhone ou Android. La version mobile du casino propose un bel assemblage de grands jeux","og_url":"https:\/\/mrgreencasinos.com\/fr\/download\/","og_site_name":"Casino MR Green","article_modified_time":"2022-08-10T09:20:40+00:00","og_image":[{"url":"https:\/\/mrgreencasinos.com\/wp-content\/uploads\/2022\/08\/casino_lobby_apps-300x145.jpg"}],"twitter_card":"summary_large_image","twitter_misc":{"Dur\u00e9e de lecture estim\u00e9e":"5 minutes"},"schema":{"@context":"https:\/\/schema.org","@graph":[{"@type":"WebSite","@id":"https:\/\/mrgreencasinos.com\/#website","url":"https:\/\/mrgreencasinos.com\/","name":"Casino MR Green","description":"","potentialAction":[{"@type":"SearchAction","target":{"@type":"EntryPoint","urlTemplate":"https:\/\/mrgreencasinos.com\/?s={search_term_string}"},"query-input":"required name=search_term_string"}],"inLanguage":"fr-FR"},{"@type":"ImageObject","@id":"https:\/\/mrgreencasinos.com\/fr\/download\/#primaryimage","inLanguage":"fr-FR","url":"https:\/\/mrgreencasinos.com\/wp-content\/uploads\/2022\/08\/casino_lobby_apps.jpg","contentUrl":"https:\/\/mrgreencasinos.com\/wp-content\/uploads\/2022\/08\/casino_lobby_apps.jpg","width":1900,"height":918,"caption":"download"},{"@type":"WebPage","@id":"https:\/\/mrgreencasinos.com\/fr\/download\/#webpage","url":"https:\/\/mrgreencasinos.com\/fr\/download\/","name":"Mr Green T\u00e9l\u00e9chargez l'application Casino pour Iphone ou Android maintenant !","isPartOf":{"@id":"https:\/\/mrgreencasinos.com\/#website"},"primaryImageOfPage":{"@id":"https:\/\/mrgreencasinos.com\/fr\/download\/#primaryimage"},"datePublished":"2022-08-09T13:31:30+00:00","dateModified":"2022-08-10T09:20:40+00:00","description":"T\u00e9l\u00e9chargez l'application mobile Mr Green Casino sur votre iPhone ou Android. La version mobile du casino propose un bel assemblage de grands jeux","breadcrumb":{"@id":"https:\/\/mrgreencasinos.com\/fr\/download\/#breadcrumb"},"inLanguage":"fr-FR","potentialAction":[{"@type":"ReadAction","target":["https:\/\/mrgreencasinos.com\/fr\/download\/"]}]},{"@type":"BreadcrumbList","@id":"https:\/\/mrgreencasinos.com\/fr\/download\/#breadcrumb","itemListElement":[{"@type":"ListItem","position":1,"name":"Home","item":"https:\/\/mrgreencasinos.com\/fr\/review-of-the-official-mr-green-website\/"},{"@type":"ListItem","position":2,"name":"T\u00e9l\u00e9charger le casino Mr Green"}]}]}},"_links":{"self":[{"href":"https:\/\/mrgreencasinos.com\/fr\/wp-json\/wp\/v2\/pages\/866","targetHints":{"allow":["GET"]}}],"collection":[{"href":"https:\/\/mrgreencasinos.com\/fr\/wp-json\/wp\/v2\/pages"}],"about":[{"href":"https:\/\/mrgreencasinos.com\/fr\/wp-json\/wp\/v2\/types\/page"}],"author":[{"embeddable":true,"href":"https:\/\/mrgreencasinos.com\/fr\/wp-json\/wp\/v2\/users\/1"}],"replies":[{"embeddable":true,"href":"https:\/\/mrgreencasinos.com\/fr\/wp-json\/wp\/v2\/comments?post=866"}],"version-history":[{"count":3,"href":"https:\/\/mrgreencasinos.com\/fr\/wp-json\/wp\/v2\/pages\/866\/revisions"}],"predecessor-version":[{"id":914,"href":"https:\/\/mrgreencasinos.com\/fr\/wp-json\/wp\/v2\/pages\/866\/revisions\/914"}],"wp:attachment":[{"href":"https:\/\/mrgreencasinos.com\/fr\/wp-json\/wp\/v2\/media?parent=866"}],"curies":[{"name":"wp","href":"https:\/\/api.w.org\/{rel}","templated":true}]}}