{"id":876,"date":"2022-08-09T13:50:43","date_gmt":"2022-08-09T13:50:43","guid":{"rendered":"https:\/\/mrgreencasinos.com\/?page_id=876"},"modified":"2022-09-29T15:55:42","modified_gmt":"2022-09-29T15:55:42","slug":"bingo","status":"publish","type":"page","link":"https:\/\/mrgreencasinos.com\/fr\/bingo\/","title":{"rendered":"Examen du jeu de bingo"},"content":{"rendered":"<p><span style=\"font-weight: 400;\"><img loading=\"lazy\" decoding=\"async\" class=\" wp-image-871 aligncenter\" src=\"https:\/\/mrgreencasinos.com\/wp-content\/uploads\/2022\/08\/Mr-Green-Bingo-Review-1-300x175.jpg\" alt=\"mr green casino games\" width=\"641\" height=\"374\" srcset=\"https:\/\/mrgreencasinos.com\/wp-content\/uploads\/2022\/08\/Mr-Green-Bingo-Review-1-300x175.jpg 300w, https:\/\/mrgreencasinos.com\/wp-content\/uploads\/2022\/08\/Mr-Green-Bingo-Review-1-1024x597.jpg 1024w, https:\/\/mrgreencasinos.com\/wp-content\/uploads\/2022\/08\/Mr-Green-Bingo-Review-1-768x448.jpg 768w, https:\/\/mrgreencasinos.com\/wp-content\/uploads\/2022\/08\/Mr-Green-Bingo-Review-1-720x420.jpg 720w, https:\/\/mrgreencasinos.com\/wp-content\/uploads\/2022\/08\/Mr-Green-Bingo-Review-1.jpg 1200w\" sizes=\"auto, (max-width: 641px) 100vw, 641px\" \/><\/span><\/p>\n<p>L&rsquo;un des jeux de sp\u00e9cialit\u00e9 les plus populaires est le bingo. Il offre une opportunit\u00e9 incroyable de gagner de l&rsquo;argent sans avoir besoin de d\u00e9velopper des comp\u00e9tences. <a href=\"https:\/\/mrgreencasinos.com\/fr\/\">Mr Green Casino<\/a> poss\u00e8de l&rsquo;une des meilleures s\u00e9lections de diff\u00e9rentes variantes de Bingo. Tous les joueurs australiens nouvellement inscrits peuvent recevoir un bonus de d\u00e9p\u00f4t de 100\u00a0% et 200\u00a0<a href=\"https:\/\/mrgreencasinos.com\/fr\/free-spins\/\">tours gratuits<\/a> suppl\u00e9mentaires. Il est possible de trouver un certain nombre de salles de bingo pour litt\u00e9ralement tout joueur qui souhaite jouer \u00e0 une belle collection de diff\u00e9rents types de bingo. En ce moment, parmi les options les plus populaires, il y a :<\/p>\n<ul>\n<li>jeu de bingo \u00e0 75 boules;<\/li>\n<li>jeu de bingo \u00e0 80 boules;<\/li>\n<li>Jeu de bingo \u00e0 90 boules.<\/li>\n<\/ul>\n<p>Tout le monde ne comprend pas ce qu&rsquo;il obtient avec la collection de bingo Mr Green et cette revue aidera \u00e0 faire la lumi\u00e8re sur tout ce qui entoure cet incroyable site Web. De nombreux fans de jeux d&rsquo;argent connaissent la collection de machines \u00e0 sous de ce site Web, mais tous ne reconnaissent pas la s\u00e9lection de Bingo. Il est tr\u00e8s important de parler de tous les avantages et inconv\u00e9nients de ce type particulier de jeu dans le cas de ce site Web et de l&rsquo;exp\u00e9rience avec le bingo en cas de jeu en utilisant l&rsquo;application mobile officielle de Mr Green.<\/p>\n<p style=\"text-align: center;\"><div class=\"t-go\"><a href=\"\/go-casino\/?brand=mrgreen\">BONUS DE R\u00c9CLAMATION<\/a><\/div>\n<h2>Jouez sur mobile et sur l&rsquo;application Mr Green Bingo<\/h2>\n<p>Pour chaque joueur qui souhaite jouer au bingo casino Mr Green tout en \u00e9tant loin de chez lui, il est important de t\u00e9l\u00e9charger l&rsquo;application officielle pour iOS ou Android. La meilleure chose \u00e0 ce sujet &#8211;\u00a0ce logiciel est enti\u00e8rement gratuit et il est en effet disponible sur les deux principaux syst\u00e8mes d&rsquo;exploitation mobiles. Ce qui rend le tout encore meilleur, c&rsquo;est le fait que le lecteur peut t\u00e9l\u00e9charger l&rsquo;application depuis l&rsquo;App Store sur iPhone et Google Play Store sur les appareils Android. Il n&rsquo;est pas n\u00e9cessaire de passer beaucoup de temps \u00e0 g\u00e9rer l&rsquo;aspect probl\u00e9matique de l&rsquo;installation de l&rsquo;application \u00e0 partir du fichier APK.<\/p>\n<p>Juste apr\u00e8s l&rsquo;ouverture de l&rsquo;application, le joueur peut soit se connecter au compte existant, soit en cr\u00e9er un nouveau afin d&rsquo;acc\u00e9der \u00e0 la collection compl\u00e8te de bingo. Il est possible de rester connect\u00e9 aussi longtemps que le joueur le souhaite et de jouer au bingo m\u00eame en voyage. Mais pour payer les paris, le joueur doit \u00eatre physiquement en Australie et utiliser uniquement les services pris en charge\u00a0:<\/p>\n<ul>\n<li>MasterCard;<\/li>\n<li>Visa;<\/li>\n<li>Skrill;<\/li>\n<li>Neteller.<\/li>\n<\/ul>\n<p>Une autre chose importante doit \u00eatre mentionn\u00e9e concernant l&rsquo;exp\u00e9rience mobile de jouer \u00e0 des jeux de bingo via l&rsquo;application mobile officielle Mr Green bingo Australia &#8211;\u00a0il est possible de s&rsquo;amuser avec la s\u00e9lection compl\u00e8te de jeux de ce genre qui \u00e9taient auparavant disponibles sur la version de bureau du site. . Ils ont beaucoup de fonctionnalit\u00e9s incroyables \u00e0 utiliser, mais ce qui est g\u00e9nial, c&rsquo;est que le joueur peut activer la fonction de pari automatique et attendre simplement que le jeu se termine tout en faisant d&rsquo;autres choses dans la vraie vie.<\/p>\n<p>La fonctionnalit\u00e9 originale de bingo pour l&rsquo;application mobile a \u00e9t\u00e9 lanc\u00e9e en octobre 2017, elle est donc assez nouvelle et il n&rsquo;est pas choquant que tant de gens n&rsquo;en aient pas beaucoup entendu parler. Les joueurs ont acc\u00e8s non seulement \u00e0 une large collection de jeux, mais \u00e9galement \u00e0 diff\u00e9rents types de promotions et de fonctionnalit\u00e9s qui ne peuvent \u00eatre trouv\u00e9es sur aucun autre site de jeu avec bingo. Quelques salles peuvent \u00eatre recommand\u00e9es aux personnes qui ouvriront l&rsquo;application pour la premi\u00e8re fois et qui souhaitent comprendre parfaitement ce que propose ce jeu de sp\u00e9cialit\u00e9 :<\/p>\n<ul>\n<li>Bingo Ballroom 90 boules<\/li>\n<li>Ballon Sky Lounge 75<\/li>\n<li>Merveilles du monde boule 80<\/li>\n<li>Il \u00e9tait une fois la balle 90<\/li>\n<\/ul>\n<p>Pour jouer au bingo, les participants re\u00e7oivent des cartes sp\u00e9ciales sur lesquelles plusieurs num\u00e9ros sont marqu\u00e9s de mani\u00e8re chaotique. Apr\u00e8s cela, les boules num\u00e9rot\u00e9es sont retir\u00e9es du sac (tambour de loterie). Si le num\u00e9ro qui est tomb\u00e9 du tambour de loterie correspond au ticket, le joueur doit le barrer ou le recouvrir de jetons. Celui qui ferme le premier tous les num\u00e9ros de la carte de jeu devient le gagnant. Le plus souvent, apr\u00e8s avoir prononc\u00e9 le mot \u00ab\u00a0bingo\u00a0\u00bb \u00e0 haute voix, le jeu se termine et le gagnant est d\u00e9clar\u00e9.<\/p>\n<p>Dans le cas de la version num\u00e9rique du bingo gratuit Mr Green, le processus de jeu est en grande partie identique. Le joueur a juste besoin de passer un peu de temps \u00e0 comprendre comment jouer et \u00e0 s&rsquo;entra\u00eener un peu. Mais contrairement au poker ou au blackjack, ce jeu ne n\u00e9cessite aucune comp\u00e9tence majeure, car il est principalement bas\u00e9 sur la chance pure. Il est important de regarder les aspects positifs et n\u00e9gatifs de M. Green.<\/p>\n<p style=\"text-align: center;\"><div class=\"t-go\"><a href=\"\/go-casino\/?brand=mrgreen\">BONUS DE R\u00c9CLAMATION<\/a><\/div>\n<h2>Avantages et inconv\u00e9nients de M. Green Bingo<\/h2>\n<p>Il y a \u00e0 la fois des avantages et des inconv\u00e9nients pour le bingo en ligne en ce moment. Il \u00e9tait impossible de ne pas dire quelques mots \u00e0 leur sujet dans le cadre de cette revue Mr Green bingo, et la meilleure fa\u00e7on de commencer est la liste des pros :<\/p>\n<ul>\n<li>Possibilit\u00e9 de jouer au bingo gratuitement. Le bingo en ligne est le jeu en ligne le plus accessible. Vous pouvez m\u00eame profiter de jeux gratuits, qui ne vous permettent peut-\u00eatre pas de gagner un prix tangible, mais servent toujours de passe-temps amusant qui vous permet \u00e9galement de plonger dans le jeu lui-m\u00eame et de tenter votre chance ;<\/li>\n<li>Commodit\u00e9. Le bingo en ligne est incroyablement facile et le format en ligne le rend pratique. Il est possible de comprendre le principe et de jouer \u00e0 la maison, au travail, dans les transports en commun et dans tout autre lieu d&rsquo;Australie\u00a0;<\/li>\n<li>La rapidit\u00e9. Le bingo est assez c\u00e9l\u00e8bre pour son rythme lent et r\u00e9gulier, qui peut \u00eatre id\u00e9al pour certains joueurs, mais qui ressemble \u00e0 une torture absolue pour d&rsquo;autres. Contrairement \u00e0 l&rsquo;activit\u00e9 hors ligne, jouer au bingo en ligne vous permet de profiter du jeu au rythme que vous aimez sans \u00eatre accroch\u00e9 \u00e0 qui que ce soit ;<\/li>\n<\/ul>\n<p>Il y a encore au moins un aspect n\u00e9gatif du jeu de bingo en direct en ligne &#8211; il offre une opportunit\u00e9 de socialiser, mais ce ne sera certainement pas l&rsquo;exp\u00e9rience la plus pratique.<\/p>\n<p><span style=\"font-weight: 400;\"><img loading=\"lazy\" decoding=\"async\" class=\" wp-image-873 aligncenter\" src=\"https:\/\/mrgreencasinos.com\/wp-content\/uploads\/2022\/08\/apps.3686.13771585125703035.1a4ab674-204b-4aee-bd33-5d3bf50e79d9-300x169.jpg\" alt=\"mr green bingo games\" width=\"719\" height=\"405\" srcset=\"https:\/\/mrgreencasinos.com\/wp-content\/uploads\/2022\/08\/apps.3686.13771585125703035.1a4ab674-204b-4aee-bd33-5d3bf50e79d9-300x169.jpg 300w, https:\/\/mrgreencasinos.com\/wp-content\/uploads\/2022\/08\/apps.3686.13771585125703035.1a4ab674-204b-4aee-bd33-5d3bf50e79d9-1024x576.jpg 1024w, https:\/\/mrgreencasinos.com\/wp-content\/uploads\/2022\/08\/apps.3686.13771585125703035.1a4ab674-204b-4aee-bd33-5d3bf50e79d9-768x432.jpg 768w, https:\/\/mrgreencasinos.com\/wp-content\/uploads\/2022\/08\/apps.3686.13771585125703035.1a4ab674-204b-4aee-bd33-5d3bf50e79d9-1536x864.jpg 1536w, https:\/\/mrgreencasinos.com\/wp-content\/uploads\/2022\/08\/apps.3686.13771585125703035.1a4ab674-204b-4aee-bd33-5d3bf50e79d9-720x405.jpg 720w, https:\/\/mrgreencasinos.com\/wp-content\/uploads\/2022\/08\/apps.3686.13771585125703035.1a4ab674-204b-4aee-bd33-5d3bf50e79d9.jpg 1920w\" sizes=\"auto, (max-width: 719px) 100vw, 719px\" \/><\/span><\/p>\n<h2>FAQ<\/h2>\n<h3>Est-il l\u00e9gal de jouer au bingo en Australie?<\/h3>\n<p>Oui, jouer au bingo en Australie est l\u00e9gal et Mr Green est un casino en ligne enti\u00e8rement sous licence.<\/p>\n<h3>Quel \u00e2ge dois-je avoir pour jouer au bingo?<\/h3>\n<p>Comme pour tout autre jeu de hasard, le joueur doit avoir au moins 18 ans pour jouer au bingo en Australie.<\/p>\n<h3>Quelle est la salle de bingo la plus populaire sur le site Web de Mr Green?<\/h3>\n<p>La salle de bingo \u00e0 80 boules Wonders of the World est la plus populaire dans le cas du site Web de Mr Green.<\/p>\n","protected":false},"excerpt":{"rendered":"<p>L&rsquo;un des jeux de sp\u00e9cialit\u00e9 les plus populaires est le bingo. Il offre une opportunit\u00e9 incroyable de gagner de l&rsquo;argent [&hellip;]<\/p>\n","protected":false},"author":1,"featured_media":0,"parent":0,"menu_order":0,"comment_status":"closed","ping_status":"closed","template":"","meta":{"footnotes":""},"class_list":["post-876","page","type-page","status-publish","hentry"],"acf":[],"yoast_head":"<!-- This site is optimized with the Yoast SEO plugin v17.9 - https:\/\/yoast.com\/wordpress\/plugins\/seo\/ -->\n<title>Mr Green Bingo - Avis, \u00c9valuations, Jeux, Bonus<\/title>\n<meta name=\"description\" content=\"Bingo Games Casino \u2713 Avis de confiance, notes de vrais joueurs, jeux, plaintes, codes bonus \u2713 D\u00e9couvrez les jeux de bingo sur Mr Green Casino\" \/>\n<meta name=\"robots\" content=\"index, follow, max-snippet:-1, max-image-preview:large, max-video-preview:-1\" \/>\n<link rel=\"canonical\" href=\"https:\/\/mrgreencasinos.com\/fr\/bingo\/\" \/>\n<meta property=\"og:type\" content=\"article\" \/>\n<meta property=\"og:title\" content=\"Mr Green Bingo - Avis, \u00c9valuations, Jeux, Bonus\" \/>\n<meta property=\"og:description\" content=\"Bingo Games Casino \u2713 Avis de confiance, notes de vrais joueurs, jeux, plaintes, codes bonus \u2713 D\u00e9couvrez les jeux de bingo sur Mr Green Casino\" \/>\n<meta property=\"og:url\" content=\"https:\/\/mrgreencasinos.com\/fr\/bingo\/\" \/>\n<meta property=\"og:site_name\" content=\"Casino MR Green\" \/>\n<meta property=\"article:modified_time\" content=\"2022-09-29T15:55:42+00:00\" \/>\n<meta property=\"og:image\" content=\"https:\/\/mrgreencasinos.com\/wp-content\/uploads\/2022\/08\/Mr-Green-Bingo-Review-1-300x175.jpg\" \/>\n<meta name=\"twitter:card\" content=\"summary_large_image\" \/>\n<meta name=\"twitter:label1\" content=\"Dur\u00e9e de lecture estim\u00e9e\" \/>\n\t<meta name=\"twitter:data1\" content=\"6 minutes\" \/>\n<script type=\"application\/ld+json\" class=\"yoast-schema-graph\">{\"@context\":\"https:\/\/schema.org\",\"@graph\":[{\"@type\":\"WebSite\",\"@id\":\"https:\/\/mrgreencasinos.com\/#website\",\"url\":\"https:\/\/mrgreencasinos.com\/\",\"name\":\"Casino MR Green\",\"description\":\"\",\"potentialAction\":[{\"@type\":\"SearchAction\",\"target\":{\"@type\":\"EntryPoint\",\"urlTemplate\":\"https:\/\/mrgreencasinos.com\/?s={search_term_string}\"},\"query-input\":\"required name=search_term_string\"}],\"inLanguage\":\"fr-FR\"},{\"@type\":\"ImageObject\",\"@id\":\"https:\/\/mrgreencasinos.com\/fr\/bingo\/#primaryimage\",\"inLanguage\":\"fr-FR\",\"url\":\"https:\/\/mrgreencasinos.com\/wp-content\/uploads\/2022\/08\/Mr-Green-Bingo-Review-1.jpg\",\"contentUrl\":\"https:\/\/mrgreencasinos.com\/wp-content\/uploads\/2022\/08\/Mr-Green-Bingo-Review-1.jpg\",\"width\":1200,\"height\":700,\"caption\":\"mr green casino games\"},{\"@type\":\"WebPage\",\"@id\":\"https:\/\/mrgreencasinos.com\/fr\/bingo\/#webpage\",\"url\":\"https:\/\/mrgreencasinos.com\/fr\/bingo\/\",\"name\":\"Mr Green Bingo - Avis, \\u00c9valuations, Jeux, Bonus\",\"isPartOf\":{\"@id\":\"https:\/\/mrgreencasinos.com\/#website\"},\"primaryImageOfPage\":{\"@id\":\"https:\/\/mrgreencasinos.com\/fr\/bingo\/#primaryimage\"},\"datePublished\":\"2022-08-09T13:50:43+00:00\",\"dateModified\":\"2022-09-29T15:55:42+00:00\",\"description\":\"Bingo Games Casino \\u2713 Avis de confiance, notes de vrais joueurs, jeux, plaintes, codes bonus \\u2713 D\\u00e9couvrez les jeux de bingo sur Mr Green Casino\",\"breadcrumb\":{\"@id\":\"https:\/\/mrgreencasinos.com\/fr\/bingo\/#breadcrumb\"},\"inLanguage\":\"fr-FR\",\"potentialAction\":[{\"@type\":\"ReadAction\",\"target\":[\"https:\/\/mrgreencasinos.com\/fr\/bingo\/\"]}]},{\"@type\":\"BreadcrumbList\",\"@id\":\"https:\/\/mrgreencasinos.com\/fr\/bingo\/#breadcrumb\",\"itemListElement\":[{\"@type\":\"ListItem\",\"position\":1,\"name\":\"Home\",\"item\":\"https:\/\/mrgreencasinos.com\/fr\/review-of-the-official-mr-green-website\/\"},{\"@type\":\"ListItem\",\"position\":2,\"name\":\"Examen du jeu de bingo\"}]}]}<\/script>\n<!-- \/ Yoast SEO plugin. -->","yoast_head_json":{"title":"Mr Green Bingo - Avis, \u00c9valuations, Jeux, Bonus","description":"Bingo Games Casino \u2713 Avis de confiance, notes de vrais joueurs, jeux, plaintes, codes bonus \u2713 D\u00e9couvrez les jeux de bingo sur Mr Green Casino","robots":{"index":"index","follow":"follow","max-snippet":"max-snippet:-1","max-image-preview":"max-image-preview:large","max-video-preview":"max-video-preview:-1"},"canonical":"https:\/\/mrgreencasinos.com\/fr\/bingo\/","og_type":"article","og_title":"Mr Green Bingo - Avis, \u00c9valuations, Jeux, Bonus","og_description":"Bingo Games Casino \u2713 Avis de confiance, notes de vrais joueurs, jeux, plaintes, codes bonus \u2713 D\u00e9couvrez les jeux de bingo sur Mr Green Casino","og_url":"https:\/\/mrgreencasinos.com\/fr\/bingo\/","og_site_name":"Casino MR Green","article_modified_time":"2022-09-29T15:55:42+00:00","og_image":[{"url":"https:\/\/mrgreencasinos.com\/wp-content\/uploads\/2022\/08\/Mr-Green-Bingo-Review-1-300x175.jpg"}],"twitter_card":"summary_large_image","twitter_misc":{"Dur\u00e9e de lecture estim\u00e9e":"6 minutes"},"schema":{"@context":"https:\/\/schema.org","@graph":[{"@type":"WebSite","@id":"https:\/\/mrgreencasinos.com\/#website","url":"https:\/\/mrgreencasinos.com\/","name":"Casino MR Green","description":"","potentialAction":[{"@type":"SearchAction","target":{"@type":"EntryPoint","urlTemplate":"https:\/\/mrgreencasinos.com\/?s={search_term_string}"},"query-input":"required name=search_term_string"}],"inLanguage":"fr-FR"},{"@type":"ImageObject","@id":"https:\/\/mrgreencasinos.com\/fr\/bingo\/#primaryimage","inLanguage":"fr-FR","url":"https:\/\/mrgreencasinos.com\/wp-content\/uploads\/2022\/08\/Mr-Green-Bingo-Review-1.jpg","contentUrl":"https:\/\/mrgreencasinos.com\/wp-content\/uploads\/2022\/08\/Mr-Green-Bingo-Review-1.jpg","width":1200,"height":700,"caption":"mr green casino games"},{"@type":"WebPage","@id":"https:\/\/mrgreencasinos.com\/fr\/bingo\/#webpage","url":"https:\/\/mrgreencasinos.com\/fr\/bingo\/","name":"Mr Green Bingo - Avis, \u00c9valuations, Jeux, Bonus","isPartOf":{"@id":"https:\/\/mrgreencasinos.com\/#website"},"primaryImageOfPage":{"@id":"https:\/\/mrgreencasinos.com\/fr\/bingo\/#primaryimage"},"datePublished":"2022-08-09T13:50:43+00:00","dateModified":"2022-09-29T15:55:42+00:00","description":"Bingo Games Casino \u2713 Avis de confiance, notes de vrais joueurs, jeux, plaintes, codes bonus \u2713 D\u00e9couvrez les jeux de bingo sur Mr Green Casino","breadcrumb":{"@id":"https:\/\/mrgreencasinos.com\/fr\/bingo\/#breadcrumb"},"inLanguage":"fr-FR","potentialAction":[{"@type":"ReadAction","target":["https:\/\/mrgreencasinos.com\/fr\/bingo\/"]}]},{"@type":"BreadcrumbList","@id":"https:\/\/mrgreencasinos.com\/fr\/bingo\/#breadcrumb","itemListElement":[{"@type":"ListItem","position":1,"name":"Home","item":"https:\/\/mrgreencasinos.com\/fr\/review-of-the-official-mr-green-website\/"},{"@type":"ListItem","position":2,"name":"Examen du jeu de bingo"}]}]}},"_links":{"self":[{"href":"https:\/\/mrgreencasinos.com\/fr\/wp-json\/wp\/v2\/pages\/876","targetHints":{"allow":["GET"]}}],"collection":[{"href":"https:\/\/mrgreencasinos.com\/fr\/wp-json\/wp\/v2\/pages"}],"about":[{"href":"https:\/\/mrgreencasinos.com\/fr\/wp-json\/wp\/v2\/types\/page"}],"author":[{"embeddable":true,"href":"https:\/\/mrgreencasinos.com\/fr\/wp-json\/wp\/v2\/users\/1"}],"replies":[{"embeddable":true,"href":"https:\/\/mrgreencasinos.com\/fr\/wp-json\/wp\/v2\/comments?post=876"}],"version-history":[{"count":3,"href":"https:\/\/mrgreencasinos.com\/fr\/wp-json\/wp\/v2\/pages\/876\/revisions"}],"predecessor-version":[{"id":964,"href":"https:\/\/mrgreencasinos.com\/fr\/wp-json\/wp\/v2\/pages\/876\/revisions\/964"}],"wp:attachment":[{"href":"https:\/\/mrgreencasinos.com\/fr\/wp-json\/wp\/v2\/media?parent=876"}],"curies":[{"name":"wp","href":"https:\/\/api.w.org\/{rel}","templated":true}]}}