{"id":885,"date":"2022-08-09T14:01:22","date_gmt":"2022-08-09T14:01:22","guid":{"rendered":"https:\/\/mrgreencasinos.com\/?page_id=885"},"modified":"2022-08-10T09:19:14","modified_gmt":"2022-08-10T09:19:14","slug":"promo-codes","status":"publish","type":"page","link":"https:\/\/mrgreencasinos.com\/fr\/promo-codes\/","title":{"rendered":"Tous les codes promotionnels Mr Green"},"content":{"rendered":"<p><img loading=\"lazy\" decoding=\"async\" class=\" wp-image-880 aligncenter\" src=\"https:\/\/mrgreencasinos.com\/wp-content\/uploads\/2022\/08\/mr-green-promo-code-1-300x125.jpg\" alt=\"mr green casino \" width=\"715\" height=\"298\" srcset=\"https:\/\/mrgreencasinos.com\/wp-content\/uploads\/2022\/08\/mr-green-promo-code-1-300x125.jpg 300w, https:\/\/mrgreencasinos.com\/wp-content\/uploads\/2022\/08\/mr-green-promo-code-1-768x319.jpg 768w, https:\/\/mrgreencasinos.com\/wp-content\/uploads\/2022\/08\/mr-green-promo-code-1-720x299.jpg 720w, https:\/\/mrgreencasinos.com\/wp-content\/uploads\/2022\/08\/mr-green-promo-code-1.jpg 1024w\" sizes=\"auto, (max-width: 715px) 100vw, 715px\" \/><\/p>\n<p>Chaque joueur moderne d&rsquo;Australie devrait conna\u00eetre le site Web de <a href=\"https:\/\/mrgreencasinos.com\/fr\/\">Mr Green Casino<\/a>, car cette marque est l&rsquo;une des plus populaires parmi les plateformes de jeu de ce pays. Il a \u00e9t\u00e9 lanc\u00e9 en 2008 au Royaume-Uni, mais en 2011, il est d\u00e9j\u00e0 devenu disponible pour les joueurs australiens. Il fonctionne sous licence de l&rsquo;organisation LGCM. C&rsquo;est une indication claire que le joueur ne devrait pas s&rsquo;inqui\u00e9ter du processus de jeu en ligne sur ce site Web.<\/p>\n<p>L&rsquo;exp\u00e9rience globale avec ce site Web devrait \u00eatre plus que plaisante en raison d&rsquo;un certain nombre de r\u00e9compenses diff\u00e9rentes des EGR Awards en 2012. Cela montre que Mr Green est un endroit s\u00fbr pour profiter des jeux en ligne. Mais ce qui rend ce site si sp\u00e9cial, c&rsquo;est la liste exceptionnelle de bonus. C&rsquo;est pourquoi il est si important de regarder tous les codes promotionnels Mr Green actuellement disponibles sur la version australienne du site. Ce n&rsquo;est qu&rsquo;avec l&rsquo;aide de promotions que le joueur pourra recevoir beaucoup plus d&rsquo;argent r\u00e9el pour litt\u00e9ralement n&rsquo;importe quel pari effectu\u00e9 dans les jeux de hasard.<\/p>\n<p style=\"text-align: center;\"><div class=\"t-go\"><a href=\"\/go-casino\/?brand=mrgreen\">BONUS DE R\u00c9CLAMATION<\/a><\/div>\n<h2>Comment r\u00e9clamer un code promotionnel Mr Green<\/h2>\n<p>D\u00e8s le d\u00e9but, il est important de dire que le joueur n&rsquo;aura pas besoin d&rsquo;entrer le code promo du casino Mr Green pour activer l&rsquo;une des promotions disponibles. Ils vont \u00eatre activ\u00e9s automatiquement par le syst\u00e8me du site Web, ce qui les rend assez pratiques m\u00eame pour les nouveaux joueurs qui n&rsquo;ont qu&rsquo;un compte. En Australie, vous avez le choix entre plusieurs bonus. Il y a au moins 3 bonus \u00e0 choisir. Le joueur est capable d&rsquo;en obtenir au moins un. Le joueur doit simplement choisir celui qui doit \u00eatre pr\u00e9f\u00e9r\u00e9 comme le plus appropri\u00e9.<\/p>\n<p>Le premier code promo Mr Green 2023 qu&rsquo;il convient de mentionner est l&rsquo;offre de bienvenue pour les jeux de casino en ligne. Il s&rsquo;agit d&rsquo;un bonus de d\u00e9p\u00f4t de 100 % jusqu&rsquo;\u00e0 100 AUD avec jusqu&rsquo;\u00e0 200 tours gratuits pour le premier d\u00e9p\u00f4t. Il n&rsquo;y a pas de code \u00e0 entrer pour activer cette offre et c&rsquo;est bon signe pour les nouveaux arrivants. Le joueur doit d\u00e9poser au moins 20 AUD pour obtenir 100 tours gratuits pour une machine \u00e0 sous populaire &#8211; Starburst. Pendant les 20 prochains jours, le joueur recevra 5 tours gratuits chaque jour (100 tours gratuits au total). Tr\u00e8s bonne promotion pour toutes les personnes qui souhaitent trouver un moyen appropri\u00e9 de commencer \u00e0 jouer aux jeux de casino sur Mr Green Casino.<\/p>\n<p>Mais ce n&rsquo;est qu&rsquo;un d\u00e9but car il existe \u00e9galement un bonus de bienvenue d\u00e9di\u00e9 aux paris sportifs. Malheureusement, il ne s&rsquo;agit pas d&rsquo;un code promotionnel sans <a href=\"https:\/\/mrgreencasinos.com\/fr\/no-deposit-bonus\/\">d\u00e9p\u00f4t<\/a> Mr Green, car le joueur devra ouvrir la section sportive de cette plateforme de jeu et placer un pari sur les sports et \u00e9v\u00e9nements les plus populaires dans le monde.<\/p>\n<p>Les joueurs doivent s&rsquo;attendre \u00e0 des promotions extraordinaires pour bien d\u00e9marrer les paris sportifs. Le joueur doit choisir cette option pour obtenir deux paris gratuits de 25 AUD et 100 tours gratuits pour les jeux de casino. Ils seront fournis dans les 20 jours suivant le moment de l&rsquo;activation du bonus de bienvenue sportif. Afin d&rsquo;activer cette offre sp\u00e9ciale, le joueur doit parier au moins 20 AUD sur l&rsquo;un des sports actuellement disponibles dans le cadre de cette offre. Il s&rsquo;agit d&rsquo;une offre sp\u00e9ciale tr\u00e8s simple mais pr\u00e9cieuse.<\/p>\n<p>Si le joueur recherche le code bonus Mr Green qui peut \u00eatre activ\u00e9 dans la section des jeux avec croupiers en direct, il n&rsquo;y a rien de tel dans le cas de ce site Web particulier. Mais le joueur peut toujours recevoir une offre de bienvenue d\u00e9di\u00e9e qui s&rsquo;active automatiquement et consiste en un cashback de 50 AUD et 100 tours gratuits. Cela fonctionne assez simplement &#8211; le joueur doit effectuer un premier d\u00e9p\u00f4t de 20 AUD ou plus dans l&rsquo;un des jeux de casino en direct. Si le joueur perd de l&rsquo;argent, cette offre sp\u00e9ciale offrira une seconde chance de r\u00e9cup\u00e9rer 50\u00a0% sur le d\u00e9p\u00f4t &#8211; jusqu&rsquo;\u00e0 50\u00a0AUD.<\/p>\n<p>En regardant ces promotions, le joueur peut dire que les bonus de bienvenue qui sont actuellement disponibles dans le cadre de ce site Web sont personnalisables et peuvent \u00eatre trouv\u00e9s pour litt\u00e9ralement n&rsquo;importe quelle section du site. Compte tenu de la fa\u00e7on dont la situation avec les offres sp\u00e9ciales peut changer litt\u00e9ralement \u00e0 tout moment, il est compr\u00e9hensible que les gens veuillent toujours trouver plus de promotions int\u00e9ressantes et le Mr Green Casino propose un certain nombre de promotions saisonni\u00e8res disponibles. En ce moment, ils incluent les promotions suivantes\u00a0:<\/p>\n<ul>\n<li>30000 AUD Grand cadeau d&rsquo;\u00e9t\u00e9 ;<\/li>\n<li>Grand collecteur d&rsquo;argent\u00a0;<\/li>\n<li>Bonanza en esp\u00e8ces de 70\u00a0000\u00a0AUD\u00a0;<\/li>\n<li>Baisse de 6500000 emplacements\u00a0;<\/li>\n<li>L&rsquo;\u00e9norme cadeau de 6500000;<\/li>\n<li>Club de pari gratuit.<\/li>\n<\/ul>\n<p>Toutes ces offres sp\u00e9ciales ont leurs propres avantages, mais ce qui est encore plus important, il est possible de les obtenir presque imm\u00e9diatement. Avec leur aide, les joueurs peuvent au moins doubler leurs gains en utilisant ces offres sp\u00e9ciales.<\/p>\n<p><img loading=\"lazy\" decoding=\"async\" class=\" wp-image-882 aligncenter\" src=\"https:\/\/mrgreencasinos.com\/wp-content\/uploads\/2022\/08\/\u0411\u0435\u0437-\u043d\u0430\u0437\u0432\u0430\u043d\u0438\u044f-6-300x38.png\" alt=\"mr green promo codes\" width=\"671\" height=\"85\" srcset=\"https:\/\/mrgreencasinos.com\/wp-content\/uploads\/2022\/08\/\u0411\u0435\u0437-\u043d\u0430\u0437\u0432\u0430\u043d\u0438\u044f-6-300x38.png 300w, https:\/\/mrgreencasinos.com\/wp-content\/uploads\/2022\/08\/\u0411\u0435\u0437-\u043d\u0430\u0437\u0432\u0430\u043d\u0438\u044f-6.png 600w\" sizes=\"auto, (max-width: 671px) 100vw, 671px\" \/><\/p>\n<h2>Qui est \u00e9ligible pour le code bonus Mr Green?<\/h2>\n<p>Pour activer l&rsquo;une des promotions actuellement disponibles dans le cadre de Mr Green Casino, le joueur doit \u00eatre \u00e2g\u00e9 d&rsquo;au moins 18 ans et \u00eatre citoyen australien. Seuls les joueurs qui v\u00e9rifieront enti\u00e8rement leur compte pourront non seulement recevoir des promotions mais \u00e9galement demander un retrait des gains. Il existe \u00e9galement des conditions de mise pour chaque promotion actuellement fournie par le site Web de Mr Green et le joueur peut les trouver dans la section des termes et conditions.<\/p>\n<p style=\"text-align: center;\"><div class=\"t-go\"><a href=\"\/go-casino\/?brand=mrgreen\">BONUS DE R\u00c9CLAMATION<\/a><\/div>\n<h2>FAQ<\/h2>\n<h3>Est-il possible d&rsquo;activer des bonus tout en utilisant l&rsquo;application mobile?<\/h3>\n<p>Oui, le joueur peut activer des offres sp\u00e9ciales m\u00eame en utilisant l&rsquo;application mobile officielle du Mr Green Casino.<\/p>\n<h3>Quelle est la promo la plus populaire en ce moment?<\/h3>\n<p>La plupart des joueurs actuels du Green Casino b\u00e9n\u00e9ficient de l&rsquo;offre de bienvenue pour les jeux de casino.<\/p>\n<h3>Comment trouver des nouvelles sur les promotions?<\/h3>\n<p>Pour trouver les derni\u00e8res mises \u00e0 jour concernant les promotions de Mr Green Casino, les joueurs doivent utiliser notre site Web ou s&rsquo;inscrire aux notifications de promotions par e-mail sur le site.<\/p>\n","protected":false},"excerpt":{"rendered":"<p>Chaque joueur moderne d&rsquo;Australie devrait conna\u00eetre le site Web de Mr Green Casino, car cette marque est l&rsquo;une des plus [&hellip;]<\/p>\n","protected":false},"author":1,"featured_media":0,"parent":0,"menu_order":0,"comment_status":"closed","ping_status":"closed","template":"","meta":{"footnotes":""},"class_list":["post-885","page","type-page","status-publish","hentry"],"acf":[],"yoast_head":"<!-- This site is optimized with the Yoast SEO plugin v17.9 - https:\/\/yoast.com\/wordpress\/plugins\/seo\/ -->\n<title>Mr Green Review - Codes promotionnels et bonus<\/title>\n<meta name=\"description\" content=\"Codes promotionnels Mr Green \u27a4 Bonus de bienvenue et tours gratuits \u2714\ufe0f Meilleures machines \u00e0 sous et casino en direct \u2714\ufe0f Applications iOS et Android \u2714\ufe0f Saisissez votre code promotionnel\" \/>\n<meta name=\"robots\" content=\"index, follow, max-snippet:-1, max-image-preview:large, max-video-preview:-1\" \/>\n<link rel=\"canonical\" href=\"https:\/\/mrgreencasinos.com\/fr\/promo-codes\/\" \/>\n<meta property=\"og:type\" content=\"article\" \/>\n<meta property=\"og:title\" content=\"Mr Green Review - Codes promotionnels et bonus\" \/>\n<meta property=\"og:description\" content=\"Codes promotionnels Mr Green \u27a4 Bonus de bienvenue et tours gratuits \u2714\ufe0f Meilleures machines \u00e0 sous et casino en direct \u2714\ufe0f Applications iOS et Android \u2714\ufe0f Saisissez votre code promotionnel\" \/>\n<meta property=\"og:url\" content=\"https:\/\/mrgreencasinos.com\/fr\/promo-codes\/\" \/>\n<meta property=\"og:site_name\" content=\"Casino MR Green\" \/>\n<meta property=\"article:modified_time\" content=\"2022-08-10T09:19:14+00:00\" \/>\n<meta property=\"og:image\" content=\"https:\/\/mrgreencasinos.com\/wp-content\/uploads\/2022\/08\/mr-green-promo-code-1-300x125.jpg\" \/>\n<meta name=\"twitter:card\" content=\"summary_large_image\" \/>\n<meta name=\"twitter:label1\" content=\"Dur\u00e9e de lecture estim\u00e9e\" \/>\n\t<meta name=\"twitter:data1\" content=\"5 minutes\" \/>\n<script type=\"application\/ld+json\" class=\"yoast-schema-graph\">{\"@context\":\"https:\/\/schema.org\",\"@graph\":[{\"@type\":\"WebSite\",\"@id\":\"https:\/\/mrgreencasinos.com\/#website\",\"url\":\"https:\/\/mrgreencasinos.com\/\",\"name\":\"Casino MR Green\",\"description\":\"\",\"potentialAction\":[{\"@type\":\"SearchAction\",\"target\":{\"@type\":\"EntryPoint\",\"urlTemplate\":\"https:\/\/mrgreencasinos.com\/?s={search_term_string}\"},\"query-input\":\"required name=search_term_string\"}],\"inLanguage\":\"fr-FR\"},{\"@type\":\"ImageObject\",\"@id\":\"https:\/\/mrgreencasinos.com\/fr\/promo-codes\/#primaryimage\",\"inLanguage\":\"fr-FR\",\"url\":\"https:\/\/mrgreencasinos.com\/wp-content\/uploads\/2022\/08\/mr-green-promo-code-1.jpg\",\"contentUrl\":\"https:\/\/mrgreencasinos.com\/wp-content\/uploads\/2022\/08\/mr-green-promo-code-1.jpg\",\"width\":1024,\"height\":425,\"caption\":\"mr green casino\"},{\"@type\":\"WebPage\",\"@id\":\"https:\/\/mrgreencasinos.com\/fr\/promo-codes\/#webpage\",\"url\":\"https:\/\/mrgreencasinos.com\/fr\/promo-codes\/\",\"name\":\"Mr Green Review - Codes promotionnels et bonus\",\"isPartOf\":{\"@id\":\"https:\/\/mrgreencasinos.com\/#website\"},\"primaryImageOfPage\":{\"@id\":\"https:\/\/mrgreencasinos.com\/fr\/promo-codes\/#primaryimage\"},\"datePublished\":\"2022-08-09T14:01:22+00:00\",\"dateModified\":\"2022-08-10T09:19:14+00:00\",\"description\":\"Codes promotionnels Mr Green \\u27a4 Bonus de bienvenue et tours gratuits \\u2714\\ufe0f Meilleures machines \\u00e0 sous et casino en direct \\u2714\\ufe0f Applications iOS et Android \\u2714\\ufe0f Saisissez votre code promotionnel\",\"breadcrumb\":{\"@id\":\"https:\/\/mrgreencasinos.com\/fr\/promo-codes\/#breadcrumb\"},\"inLanguage\":\"fr-FR\",\"potentialAction\":[{\"@type\":\"ReadAction\",\"target\":[\"https:\/\/mrgreencasinos.com\/fr\/promo-codes\/\"]}]},{\"@type\":\"BreadcrumbList\",\"@id\":\"https:\/\/mrgreencasinos.com\/fr\/promo-codes\/#breadcrumb\",\"itemListElement\":[{\"@type\":\"ListItem\",\"position\":1,\"name\":\"Home\",\"item\":\"https:\/\/mrgreencasinos.com\/fr\/review-of-the-official-mr-green-website\/\"},{\"@type\":\"ListItem\",\"position\":2,\"name\":\"Tous les codes promotionnels Mr Green\"}]}]}<\/script>\n<!-- \/ Yoast SEO plugin. -->","yoast_head_json":{"title":"Mr Green Review - Codes promotionnels et bonus","description":"Codes promotionnels Mr Green \u27a4 Bonus de bienvenue et tours gratuits \u2714\ufe0f Meilleures machines \u00e0 sous et casino en direct \u2714\ufe0f Applications iOS et Android \u2714\ufe0f Saisissez votre code promotionnel","robots":{"index":"index","follow":"follow","max-snippet":"max-snippet:-1","max-image-preview":"max-image-preview:large","max-video-preview":"max-video-preview:-1"},"canonical":"https:\/\/mrgreencasinos.com\/fr\/promo-codes\/","og_type":"article","og_title":"Mr Green Review - Codes promotionnels et bonus","og_description":"Codes promotionnels Mr Green \u27a4 Bonus de bienvenue et tours gratuits \u2714\ufe0f Meilleures machines \u00e0 sous et casino en direct \u2714\ufe0f Applications iOS et Android \u2714\ufe0f Saisissez votre code promotionnel","og_url":"https:\/\/mrgreencasinos.com\/fr\/promo-codes\/","og_site_name":"Casino MR Green","article_modified_time":"2022-08-10T09:19:14+00:00","og_image":[{"url":"https:\/\/mrgreencasinos.com\/wp-content\/uploads\/2022\/08\/mr-green-promo-code-1-300x125.jpg"}],"twitter_card":"summary_large_image","twitter_misc":{"Dur\u00e9e de lecture estim\u00e9e":"5 minutes"},"schema":{"@context":"https:\/\/schema.org","@graph":[{"@type":"WebSite","@id":"https:\/\/mrgreencasinos.com\/#website","url":"https:\/\/mrgreencasinos.com\/","name":"Casino MR Green","description":"","potentialAction":[{"@type":"SearchAction","target":{"@type":"EntryPoint","urlTemplate":"https:\/\/mrgreencasinos.com\/?s={search_term_string}"},"query-input":"required name=search_term_string"}],"inLanguage":"fr-FR"},{"@type":"ImageObject","@id":"https:\/\/mrgreencasinos.com\/fr\/promo-codes\/#primaryimage","inLanguage":"fr-FR","url":"https:\/\/mrgreencasinos.com\/wp-content\/uploads\/2022\/08\/mr-green-promo-code-1.jpg","contentUrl":"https:\/\/mrgreencasinos.com\/wp-content\/uploads\/2022\/08\/mr-green-promo-code-1.jpg","width":1024,"height":425,"caption":"mr green casino"},{"@type":"WebPage","@id":"https:\/\/mrgreencasinos.com\/fr\/promo-codes\/#webpage","url":"https:\/\/mrgreencasinos.com\/fr\/promo-codes\/","name":"Mr Green Review - Codes promotionnels et bonus","isPartOf":{"@id":"https:\/\/mrgreencasinos.com\/#website"},"primaryImageOfPage":{"@id":"https:\/\/mrgreencasinos.com\/fr\/promo-codes\/#primaryimage"},"datePublished":"2022-08-09T14:01:22+00:00","dateModified":"2022-08-10T09:19:14+00:00","description":"Codes promotionnels Mr Green \u27a4 Bonus de bienvenue et tours gratuits \u2714\ufe0f Meilleures machines \u00e0 sous et casino en direct \u2714\ufe0f Applications iOS et Android \u2714\ufe0f Saisissez votre code promotionnel","breadcrumb":{"@id":"https:\/\/mrgreencasinos.com\/fr\/promo-codes\/#breadcrumb"},"inLanguage":"fr-FR","potentialAction":[{"@type":"ReadAction","target":["https:\/\/mrgreencasinos.com\/fr\/promo-codes\/"]}]},{"@type":"BreadcrumbList","@id":"https:\/\/mrgreencasinos.com\/fr\/promo-codes\/#breadcrumb","itemListElement":[{"@type":"ListItem","position":1,"name":"Home","item":"https:\/\/mrgreencasinos.com\/fr\/review-of-the-official-mr-green-website\/"},{"@type":"ListItem","position":2,"name":"Tous les codes promotionnels Mr Green"}]}]}},"_links":{"self":[{"href":"https:\/\/mrgreencasinos.com\/fr\/wp-json\/wp\/v2\/pages\/885","targetHints":{"allow":["GET"]}}],"collection":[{"href":"https:\/\/mrgreencasinos.com\/fr\/wp-json\/wp\/v2\/pages"}],"about":[{"href":"https:\/\/mrgreencasinos.com\/fr\/wp-json\/wp\/v2\/types\/page"}],"author":[{"embeddable":true,"href":"https:\/\/mrgreencasinos.com\/fr\/wp-json\/wp\/v2\/users\/1"}],"replies":[{"embeddable":true,"href":"https:\/\/mrgreencasinos.com\/fr\/wp-json\/wp\/v2\/comments?post=885"}],"version-history":[{"count":4,"href":"https:\/\/mrgreencasinos.com\/fr\/wp-json\/wp\/v2\/pages\/885\/revisions"}],"predecessor-version":[{"id":912,"href":"https:\/\/mrgreencasinos.com\/fr\/wp-json\/wp\/v2\/pages\/885\/revisions\/912"}],"wp:attachment":[{"href":"https:\/\/mrgreencasinos.com\/fr\/wp-json\/wp\/v2\/media?parent=885"}],"curies":[{"name":"wp","href":"https:\/\/api.w.org\/{rel}","templated":true}]}}