{"id":897,"date":"2022-08-09T14:16:27","date_gmt":"2022-08-09T14:16:27","guid":{"rendered":"https:\/\/mrgreencasinos.com\/?page_id=897"},"modified":"2022-08-10T09:22:09","modified_gmt":"2022-08-10T09:22:09","slug":"games","status":"publish","type":"page","link":"https:\/\/mrgreencasinos.com\/fr\/games\/","title":{"rendered":"Donnez votre avis sur les jeux Mr Green"},"content":{"rendered":"<p><img loading=\"lazy\" decoding=\"async\" class=\" wp-image-890 aligncenter\" src=\"https:\/\/mrgreencasinos.com\/wp-content\/uploads\/2022\/08\/mr-green-casino-review-300x161.jpg\" alt=\"mr green games\" width=\"732\" height=\"393\" srcset=\"https:\/\/mrgreencasinos.com\/wp-content\/uploads\/2022\/08\/mr-green-casino-review-300x161.jpg 300w, https:\/\/mrgreencasinos.com\/wp-content\/uploads\/2022\/08\/mr-green-casino-review-1024x551.jpg 1024w, https:\/\/mrgreencasinos.com\/wp-content\/uploads\/2022\/08\/mr-green-casino-review-768x413.jpg 768w, https:\/\/mrgreencasinos.com\/wp-content\/uploads\/2022\/08\/mr-green-casino-review-720x387.jpg 720w, https:\/\/mrgreencasinos.com\/wp-content\/uploads\/2022\/08\/mr-green-casino-review.jpg 1264w\" sizes=\"auto, (max-width: 732px) 100vw, 732px\" \/><\/p>\n<p>Les joueurs sont toujours \u00e0 la recherche d&rsquo;une nouvelle exp\u00e9rience et il semble que <a href=\"https:\/\/mrgreencasinos.com\/fr\/\">Mr Green Casino<\/a> soit l&rsquo;un des rares \u00e0 pouvoir r\u00e9ellement donner acc\u00e8s \u00e0 une plus grande s\u00e9lection de titres disponibles. En ce moment, il y a au moins 700 jeux parmi lesquels choisir. Parmi eux, au moins 60 titres de casino en direct. Cela signifie que chaque joueur moderne aura une opportunit\u00e9 d\u00e9cente de profiter d&rsquo;un certain nombre de tr\u00e8s bons jeux dans diff\u00e9rents genres. Sans oublier que ce casino en ligne donne m\u00eame acc\u00e8s \u00e0 la section compl\u00e8te avec des sports virtuels.<\/p>\n<p>La marque a \u00e9t\u00e9 lanc\u00e9e pour la premi\u00e8re fois en 2008 et depuis, elle a commenc\u00e9 \u00e0 devenir l&rsquo;une des plus grandes et des plus c\u00e9l\u00e8bres non seulement au Royaume-Uni, mais \u00e9galement en Australie. Il s&rsquo;est associ\u00e9 \u00e0 un certain nombre d&rsquo;organisations diff\u00e9rentes et il est devenu clair que les gens sont beaucoup plus int\u00e9ress\u00e9s par ce site Web en tant que source principale pour tout ce qui concerne les jeux d&rsquo;argent, m\u00eame s&rsquo;il s&rsquo;agit de paris sportifs. \u00c0 l&rsquo;heure actuelle, la soci\u00e9t\u00e9 appartient \u00e0 la c\u00e9l\u00e8bre soci\u00e9t\u00e9 William Hill et travaille sous au moins 5 licences, dont le certificat de la UK Gambling Commission et MGA.<\/p>\n<p>Il est vraiment important de regarder quels jeux Mr Green sont fournis par ce site Web pour le moment. Il existe de nombreux types de jeux populaires sur ce site Web et ils m\u00e9ritent tous leur moment de gloire. Cette revue a \u00e9t\u00e9 cr\u00e9\u00e9e sp\u00e9cifiquement pour fournir autant de d\u00e9tails que possible sur les jeux disponibles afin de s&rsquo;assurer que les joueurs n&rsquo;auront plus aucune sorte de questions sur ce qu&rsquo;ils peuvent jouer en cas de ce site Web.<\/p>\n<p style=\"text-align: center;\"><div class=\"t-go\"><a href=\"\/go-casino\/?brand=mrgreen\">BONUS DE R\u00c9CLAMATION<\/a><\/div>\n<h2>Types de jeux populaires<\/h2>\n<p>La premi\u00e8re chose \u00e0 remarquer sur les jeux de casino Mr Green est la liste des fournisseurs de logiciels. Ils comprennent des entreprises c\u00e9l\u00e8bres telles que\u00a0:<\/p>\n<ul>\n<li>IGT ;<\/li>\n<li>Besoft\u00a0;<\/li>\n<li>Bally Technologies\u00a0;<\/li>\n<li>Jeu d&rsquo;\u00e9volution.<\/li>\n<\/ul>\n<p>Afin de jouer \u00e0 la collection compl\u00e8te de jeux de ce casino, le joueur n&rsquo;a pas besoin de t\u00e9l\u00e9charger de <a href=\"https:\/\/mrgreencasinos.com\/fr\/software\/\">logiciel<\/a>. Il est possible d&rsquo;en profiter en mode de jeu instantan\u00e9. Mais ce que le joueur doit en effet faire, c&rsquo;est cr\u00e9er un compte. Apr\u00e8s cela, les joueurs ont acc\u00e8s \u00e0 la s\u00e9lection compl\u00e8te de jeux populaires. Ils incluent des types tels que\u00a0:<\/p>\n<ul>\n<li>Machines \u00e0 sous;<\/li>\n<li>gros lots\u00a0;<\/li>\n<li>Jeux de table (Poker, Roulette, Blackjack, Baccarat,);<\/li>\n<li>Jeux sp\u00e9cialis\u00e9s (Keno, Bingo).<\/li>\n<li>Jeux avec croupiers en direct.<\/li>\n<\/ul>\n<p>La plupart de ces jeux peuvent \u00eatre jou\u00e9s sur des gadgets mobiles, mais tous ne prennent pas en charge le jeu gratuit via des versions de d\u00e9monstration. La plupart du temps, le joueur pourra les essayer gratuitement en utilisant des d\u00e9mos dans les machines \u00e0 sous, le bingo ou les jackpots. Les machines \u00e0 sous sont la cat\u00e9gorie de jeux la plus populaire actuellement disponible sur ce site Web. Il est assez facile de nommer des titres que tous les membres inscrits du Mr Green devraient au moins essayer :<\/p>\n<ul>\n<li>Starburst ;<\/li>\n<li>M\u00e9ga Moolah\u00a0;<\/li>\n<li>Twin Spin;<\/li>\n<li>La qu\u00eate de Gonzo\u00a0;<\/li>\n<li>Livre de Ra\u00a0;<\/li>\n<li>Richesses arc-en-ciel.<\/li>\n<\/ul>\n<p>La note RTP pour tous ces jeux est assez solide\u00a0:\u00a0elle est sup\u00e9rieure \u00e0 97\u00a0%. Dans le cas des jackpots, chaque joueur a une chance de gagner au moins un million de dollars australiens, ce qui est incroyable. La m\u00eame chose avec la collection de jeux de table \u2013 c&rsquo;est incroyable \u00e0 quel point ces titres sont bien faits.<\/p>\n<p>Si les joueurs regardent de plus pr\u00e8s la gamme de jeux de table propos\u00e9s par Mr Green Casino, il est possible de choisir parmi de nombreuses versions diff\u00e9rentes de la roulette. Il existe des versions am\u00e9ricaines et europ\u00e9ennes. Ils ont une pr\u00e9sentation visuelle diff\u00e9rente. Dans la version am\u00e9ricaine de la roulette de casino en ligne pour de l&rsquo;argent, il y a deux carr\u00e9s verts, dont l&rsquo;un est marqu\u00e9 d&rsquo;un \u00ab\u00a00\u00a0\u00bb et l&rsquo;autre d&rsquo;un \u00ab\u00a000\u00a0\u00bb. Ainsi, lorsque vous jouez \u00e0 la roulette europ\u00e9enne, l&rsquo;avantage de la maison est plus faible.<\/p>\n<p style=\"text-align: center;\"><div class=\"t-go\"><a href=\"\/go-casino\/?brand=mrgreen\">BONUS DE R\u00c9CLAMATION<\/a><\/div>\n<p>Il est vraiment difficile de choisir un seul meilleur jeu de Mr Green pour les nouveaux arrivants qui n&rsquo;ont qu&rsquo;un compte, mais la roulette semble \u00eatre un tr\u00e8s bon choix, compte tenu des prix pr\u00e9cieux et d&rsquo;une excellente pr\u00e9sentation visuelle. Il est tr\u00e8s facile d&rsquo;apprendre les r\u00e8gles de base de presque toutes les variantes de la roulette. Ceux qui souhaitent vivre une exp\u00e9rience beaucoup plus immersive devraient donner une chance \u00e0 la collection de jeux de casino en direct. Il existe des jeux populaires d&rsquo;Evolution Gaming, tels que\u00a0:<\/p>\n<ul>\n<li>V\u00e9ritable chercheur de fortune avec Holly ;<\/li>\n<li>La vraie roulette avec Sarati\u00a0;<\/li>\n<li>Le vrai baccara avec Courtney\u00a0;<\/li>\n<li>V\u00e9ritable roulette automatique\u00a0;<\/li>\n<li>Roulette automatique multi-feu.<\/li>\n<\/ul>\n<p>Avec l&rsquo;aide de ces jeux, les joueurs pourront recevoir des prix impressionnants. Mais il est important de mentionner que les jeux de casino en direct ne sont disponibles que sous forme de paris en argent r\u00e9el. C&rsquo;est maintenant le moment id\u00e9al pour parler de la diff\u00e9rence entre l&rsquo;argent r\u00e9el et le jeu gratuit.<\/p>\n<p><img loading=\"lazy\" decoding=\"async\" class=\" wp-image-892 aligncenter\" src=\"https:\/\/mrgreencasinos.com\/wp-content\/uploads\/2022\/08\/mrgreen-design-300x129.png\" alt=\"mr green games review\" width=\"721\" height=\"310\" srcset=\"https:\/\/mrgreencasinos.com\/wp-content\/uploads\/2022\/08\/mrgreen-design-300x129.png 300w, https:\/\/mrgreencasinos.com\/wp-content\/uploads\/2022\/08\/mrgreen-design-768x330.png 768w, https:\/\/mrgreencasinos.com\/wp-content\/uploads\/2022\/08\/mrgreen-design-720x309.png 720w, https:\/\/mrgreencasinos.com\/wp-content\/uploads\/2022\/08\/mrgreen-design.png 790w\" sizes=\"auto, (max-width: 721px) 100vw, 721px\" \/><\/p>\n<h2>Argent r\u00e9el contre jeux gratuits<\/h2>\n<p>Les jeux de casino Mr Green en ligne avec de l&rsquo;argent r\u00e9el ne sont pas le seul moyen de jouer sur ce site Web, mais de nombreuses personnes cr\u00e9ent un compte car elles souhaitent vraiment gagner de l&rsquo;argent en utilisant l&rsquo;opportunit\u00e9 offerte par ce casino. Les jeux en argent r\u00e9el pr\u00e9sentent quelques avantages par rapport aux jeux gratuits\u00a0:<\/p>\n<ul>\n<li>La collection de jeux en argent r\u00e9el est beaucoup plus grande ;<\/li>\n<li>Ces jeux ont de bien meilleurs bonus ;<\/li>\n<li>Il est possible de profiter des jeux de casino en direct ;<\/li>\n<li>Le joueur pourra jouer en mode multijoueur.<\/li>\n<\/ul>\n<p>Mais le joueur doit \u00eatre conscient qu&rsquo;il existe \u00e9galement quelques avantages des jeux gratuits de Mr Green qui ne sont pas disponibles en argent r\u00e9el :<\/p>\n<ul>\n<li>Le joueur peut essayer n&rsquo;importe quelle machine \u00e0 sous avant de placer un pari en argent r\u00e9el ;<\/li>\n<li>Il est possible de jouer \u00e0 un jeu sans avoir besoin de cr\u00e9er un compte.<\/li>\n<\/ul>\n<p>Il est impossible de dire quelle fa\u00e7on de jouer est sup\u00e9rieure, mais le jeu en argent r\u00e9el offre certainement une liste beaucoup plus longue d&rsquo;opportunit\u00e9s pour les personnes qui prennent leur passe-temps au s\u00e9rieux.<\/p>\n<p style=\"text-align: center;\"><div class=\"t-go\"><a href=\"\/go-casino\/?brand=mrgreen\">BONUS DE R\u00c9CLAMATION<\/a><\/div>\n<h2>FAQ<\/h2>\n<h3>Comment effectuer un d\u00e9p\u00f4t pour jouer \u00e0 des jeux en argent r\u00e9el?<\/h3>\n<p>Pour effectuer un d\u00e9p\u00f4t sur Mr Green Casino, le joueur doit ouvrir le site officiel, cr\u00e9er un compte, ouvrir la page de d\u00e9p\u00f4t et choisir un service de paiement appropri\u00e9.<\/p>\n<h3>Comment contacter le support client?<\/h3>\n<p>Si le joueur rencontre des probl\u00e8mes avec la collection de jeux, il est possible de contacter le support client \u00e0 l&rsquo;aide du chat en direct ou par e-mail.<\/p>\n<h3>Est-il possible d&rsquo;enregistrer plusieurs comptes?<\/h3>\n<p>Une personne ne peut enregistrer qu&rsquo;un seul compte, car chaque profil est v\u00e9rifi\u00e9 par l&rsquo;administration du site et tous les comptes non v\u00e9rifi\u00e9s vont \u00eatre d\u00e9finitivement bannis.<\/p>\n","protected":false},"excerpt":{"rendered":"<p>Les joueurs sont toujours \u00e0 la recherche d&rsquo;une nouvelle exp\u00e9rience et il semble que Mr Green Casino soit l&rsquo;un des [&hellip;]<\/p>\n","protected":false},"author":1,"featured_media":0,"parent":0,"menu_order":0,"comment_status":"closed","ping_status":"closed","template":"","meta":{"footnotes":""},"class_list":["post-897","page","type-page","status-publish","hentry"],"acf":[],"yoast_head":"<!-- This site is optimized with the Yoast SEO plugin v17.9 - https:\/\/yoast.com\/wordpress\/plugins\/seo\/ -->\n<title>Mr Green Casino Games Review - Un guide complet<\/title>\n<meta name=\"description\" content=\"Mr Green poss\u00e8de une biblioth\u00e8que de jeux de casino vaste et vari\u00e9e. Quelques minutes apr\u00e8s le chargement du casino, vous pouvez voir des jeux populaires de Betsoft, NetEnt, IGT et quelques autres\" \/>\n<meta name=\"robots\" content=\"index, follow, max-snippet:-1, max-image-preview:large, max-video-preview:-1\" \/>\n<link rel=\"canonical\" href=\"https:\/\/mrgreencasinos.com\/fr\/games\/\" \/>\n<meta property=\"og:type\" content=\"article\" \/>\n<meta property=\"og:title\" content=\"Mr Green Casino Games Review - Un guide complet\" \/>\n<meta property=\"og:description\" content=\"Mr Green poss\u00e8de une biblioth\u00e8que de jeux de casino vaste et vari\u00e9e. Quelques minutes apr\u00e8s le chargement du casino, vous pouvez voir des jeux populaires de Betsoft, NetEnt, IGT et quelques autres\" \/>\n<meta property=\"og:url\" content=\"https:\/\/mrgreencasinos.com\/fr\/games\/\" \/>\n<meta property=\"og:site_name\" content=\"Casino MR Green\" \/>\n<meta property=\"article:modified_time\" content=\"2022-08-10T09:22:09+00:00\" \/>\n<meta property=\"og:image\" content=\"https:\/\/mrgreencasinos.com\/wp-content\/uploads\/2022\/08\/mr-green-casino-review-300x161.jpg\" \/>\n<meta name=\"twitter:card\" content=\"summary_large_image\" \/>\n<meta name=\"twitter:label1\" content=\"Dur\u00e9e de lecture estim\u00e9e\" \/>\n\t<meta name=\"twitter:data1\" content=\"6 minutes\" \/>\n<script type=\"application\/ld+json\" class=\"yoast-schema-graph\">{\"@context\":\"https:\/\/schema.org\",\"@graph\":[{\"@type\":\"WebSite\",\"@id\":\"https:\/\/mrgreencasinos.com\/#website\",\"url\":\"https:\/\/mrgreencasinos.com\/\",\"name\":\"Casino MR Green\",\"description\":\"\",\"potentialAction\":[{\"@type\":\"SearchAction\",\"target\":{\"@type\":\"EntryPoint\",\"urlTemplate\":\"https:\/\/mrgreencasinos.com\/?s={search_term_string}\"},\"query-input\":\"required name=search_term_string\"}],\"inLanguage\":\"fr-FR\"},{\"@type\":\"ImageObject\",\"@id\":\"https:\/\/mrgreencasinos.com\/fr\/games\/#primaryimage\",\"inLanguage\":\"fr-FR\",\"url\":\"https:\/\/mrgreencasinos.com\/wp-content\/uploads\/2022\/08\/mr-green-casino-review.jpg\",\"contentUrl\":\"https:\/\/mrgreencasinos.com\/wp-content\/uploads\/2022\/08\/mr-green-casino-review.jpg\",\"width\":1264,\"height\":680,\"caption\":\"mr green games\"},{\"@type\":\"WebPage\",\"@id\":\"https:\/\/mrgreencasinos.com\/fr\/games\/#webpage\",\"url\":\"https:\/\/mrgreencasinos.com\/fr\/games\/\",\"name\":\"Mr Green Casino Games Review - Un guide complet\",\"isPartOf\":{\"@id\":\"https:\/\/mrgreencasinos.com\/#website\"},\"primaryImageOfPage\":{\"@id\":\"https:\/\/mrgreencasinos.com\/fr\/games\/#primaryimage\"},\"datePublished\":\"2022-08-09T14:16:27+00:00\",\"dateModified\":\"2022-08-10T09:22:09+00:00\",\"description\":\"Mr Green poss\\u00e8de une biblioth\\u00e8que de jeux de casino vaste et vari\\u00e9e. Quelques minutes apr\\u00e8s le chargement du casino, vous pouvez voir des jeux populaires de Betsoft, NetEnt, IGT et quelques autres\",\"breadcrumb\":{\"@id\":\"https:\/\/mrgreencasinos.com\/fr\/games\/#breadcrumb\"},\"inLanguage\":\"fr-FR\",\"potentialAction\":[{\"@type\":\"ReadAction\",\"target\":[\"https:\/\/mrgreencasinos.com\/fr\/games\/\"]}]},{\"@type\":\"BreadcrumbList\",\"@id\":\"https:\/\/mrgreencasinos.com\/fr\/games\/#breadcrumb\",\"itemListElement\":[{\"@type\":\"ListItem\",\"position\":1,\"name\":\"Home\",\"item\":\"https:\/\/mrgreencasinos.com\/fr\/review-of-the-official-mr-green-website\/\"},{\"@type\":\"ListItem\",\"position\":2,\"name\":\"Donnez votre avis sur les jeux Mr Green\"}]}]}<\/script>\n<!-- \/ Yoast SEO plugin. -->","yoast_head_json":{"title":"Mr Green Casino Games Review - Un guide complet","description":"Mr Green poss\u00e8de une biblioth\u00e8que de jeux de casino vaste et vari\u00e9e. Quelques minutes apr\u00e8s le chargement du casino, vous pouvez voir des jeux populaires de Betsoft, NetEnt, IGT et quelques autres","robots":{"index":"index","follow":"follow","max-snippet":"max-snippet:-1","max-image-preview":"max-image-preview:large","max-video-preview":"max-video-preview:-1"},"canonical":"https:\/\/mrgreencasinos.com\/fr\/games\/","og_type":"article","og_title":"Mr Green Casino Games Review - Un guide complet","og_description":"Mr Green poss\u00e8de une biblioth\u00e8que de jeux de casino vaste et vari\u00e9e. Quelques minutes apr\u00e8s le chargement du casino, vous pouvez voir des jeux populaires de Betsoft, NetEnt, IGT et quelques autres","og_url":"https:\/\/mrgreencasinos.com\/fr\/games\/","og_site_name":"Casino MR Green","article_modified_time":"2022-08-10T09:22:09+00:00","og_image":[{"url":"https:\/\/mrgreencasinos.com\/wp-content\/uploads\/2022\/08\/mr-green-casino-review-300x161.jpg"}],"twitter_card":"summary_large_image","twitter_misc":{"Dur\u00e9e de lecture estim\u00e9e":"6 minutes"},"schema":{"@context":"https:\/\/schema.org","@graph":[{"@type":"WebSite","@id":"https:\/\/mrgreencasinos.com\/#website","url":"https:\/\/mrgreencasinos.com\/","name":"Casino MR Green","description":"","potentialAction":[{"@type":"SearchAction","target":{"@type":"EntryPoint","urlTemplate":"https:\/\/mrgreencasinos.com\/?s={search_term_string}"},"query-input":"required name=search_term_string"}],"inLanguage":"fr-FR"},{"@type":"ImageObject","@id":"https:\/\/mrgreencasinos.com\/fr\/games\/#primaryimage","inLanguage":"fr-FR","url":"https:\/\/mrgreencasinos.com\/wp-content\/uploads\/2022\/08\/mr-green-casino-review.jpg","contentUrl":"https:\/\/mrgreencasinos.com\/wp-content\/uploads\/2022\/08\/mr-green-casino-review.jpg","width":1264,"height":680,"caption":"mr green games"},{"@type":"WebPage","@id":"https:\/\/mrgreencasinos.com\/fr\/games\/#webpage","url":"https:\/\/mrgreencasinos.com\/fr\/games\/","name":"Mr Green Casino Games Review - Un guide complet","isPartOf":{"@id":"https:\/\/mrgreencasinos.com\/#website"},"primaryImageOfPage":{"@id":"https:\/\/mrgreencasinos.com\/fr\/games\/#primaryimage"},"datePublished":"2022-08-09T14:16:27+00:00","dateModified":"2022-08-10T09:22:09+00:00","description":"Mr Green poss\u00e8de une biblioth\u00e8que de jeux de casino vaste et vari\u00e9e. Quelques minutes apr\u00e8s le chargement du casino, vous pouvez voir des jeux populaires de Betsoft, NetEnt, IGT et quelques autres","breadcrumb":{"@id":"https:\/\/mrgreencasinos.com\/fr\/games\/#breadcrumb"},"inLanguage":"fr-FR","potentialAction":[{"@type":"ReadAction","target":["https:\/\/mrgreencasinos.com\/fr\/games\/"]}]},{"@type":"BreadcrumbList","@id":"https:\/\/mrgreencasinos.com\/fr\/games\/#breadcrumb","itemListElement":[{"@type":"ListItem","position":1,"name":"Home","item":"https:\/\/mrgreencasinos.com\/fr\/review-of-the-official-mr-green-website\/"},{"@type":"ListItem","position":2,"name":"Donnez votre avis sur les jeux Mr Green"}]}]}},"_links":{"self":[{"href":"https:\/\/mrgreencasinos.com\/fr\/wp-json\/wp\/v2\/pages\/897","targetHints":{"allow":["GET"]}}],"collection":[{"href":"https:\/\/mrgreencasinos.com\/fr\/wp-json\/wp\/v2\/pages"}],"about":[{"href":"https:\/\/mrgreencasinos.com\/fr\/wp-json\/wp\/v2\/types\/page"}],"author":[{"embeddable":true,"href":"https:\/\/mrgreencasinos.com\/fr\/wp-json\/wp\/v2\/users\/1"}],"replies":[{"embeddable":true,"href":"https:\/\/mrgreencasinos.com\/fr\/wp-json\/wp\/v2\/comments?post=897"}],"version-history":[{"count":3,"href":"https:\/\/mrgreencasinos.com\/fr\/wp-json\/wp\/v2\/pages\/897\/revisions"}],"predecessor-version":[{"id":915,"href":"https:\/\/mrgreencasinos.com\/fr\/wp-json\/wp\/v2\/pages\/897\/revisions\/915"}],"wp:attachment":[{"href":"https:\/\/mrgreencasinos.com\/fr\/wp-json\/wp\/v2\/media?parent=897"}],"curies":[{"name":"wp","href":"https:\/\/api.w.org\/{rel}","templated":true}]}}