{"id":985,"date":"2023-04-21T09:39:18","date_gmt":"2023-04-21T09:39:18","guid":{"rendered":"https:\/\/mrgreencasinos.com\/burning-sun\/"},"modified":"2023-04-21T10:02:40","modified_gmt":"2023-04-21T10:02:40","slug":"burning-sun","status":"publish","type":"page","link":"https:\/\/mrgreencasinos.com\/fr\/burning-sun\/","title":{"rendered":"Revue du Burning Sun Casino : un examen approfondi"},"content":{"rendered":"<p>Burning Sun Casino est un casino en ligne qui existe depuis plus d&rsquo;une d\u00e9cennie. Il est situ\u00e9 au Royaume-Uni et a la r\u00e9putation d&rsquo;offrir des jeux de qualit\u00e9. Il propose divers jeux, des machines \u00e0 sous aux jeux avec croupiers en direct et m\u00eame des jackpots progressifs. Dans cette revue de Burning Sun, nous examinerons de plus pr\u00e8s le casino et ses services.<\/p>\n<h2>Assortiment de jeux<\/h2>\n<p><img loading=\"lazy\" decoding=\"async\" class=\"aligncenter wp-image-973\" src=\"https:\/\/mrgreencasinos.com\/wp-content\/uploads\/2023\/04\/Burning-Sun-slots-review.jpg\" alt=\"\" width=\"800\" height=\"450\" srcset=\"https:\/\/mrgreencasinos.com\/wp-content\/uploads\/2023\/04\/Burning-Sun-slots-review.jpg 1280w, https:\/\/mrgreencasinos.com\/wp-content\/uploads\/2023\/04\/Burning-Sun-slots-review-300x169.jpg 300w, https:\/\/mrgreencasinos.com\/wp-content\/uploads\/2023\/04\/Burning-Sun-slots-review-1024x576.jpg 1024w, https:\/\/mrgreencasinos.com\/wp-content\/uploads\/2023\/04\/Burning-Sun-slots-review-768x432.jpg 768w, https:\/\/mrgreencasinos.com\/wp-content\/uploads\/2023\/04\/Burning-Sun-slots-review-720x405.jpg 720w\" sizes=\"auto, (max-width: 800px) 100vw, 800px\" \/><\/p>\n<p>Burning Sun Casino propose une gamme impressionnante de jeux. Il comprend des machines \u00e0 sous classiques, des machines \u00e0 sous vid\u00e9o, des machines \u00e0 sous progressives, des jeux avec croupiers en direct et des jackpots progressifs. Il existe \u00e9galement plusieurs autres jeux, la machine \u00e0 sous Burning Sun, tels que la roulette, le blackjack, le baccarat et autres. Les jeux proviennent des meilleurs fournisseurs, notamment Microgaming, NetEnt et Playtech.<\/p>\n<h2>Promotions et bonus<\/h2>\n<p>Burning Sun Casino propose de nombreuses promotions et bonus. Il propose un package de bonus de bienvenue pour les nouveaux joueurs, ainsi que de nombreuses autres promotions et bonus. Ceux-ci incluent des bonus de d\u00e9p\u00f4t, des tours gratuits Burning Sun, des bonus de cashback, et plus encore. Les promotions et les bonus changent constamment, il vaut donc la peine de v\u00e9rifier r\u00e9guli\u00e8rement ce qui est propos\u00e9.Des bonus de bienvenue g\u00e9n\u00e9reux.Burning Sun Casino offre de g\u00e9n\u00e9reux bonus de bienvenue aux nouveaux joueurs. Ces bonus se pr\u00e9sentent sous la forme de tours gratuits, de bonus de match et de bonus sans d\u00e9p\u00f4t. Avec ces bonus, les nouveaux joueurs peuvent commencer leur exp\u00e9rience de jeu avec des fonds suppl\u00e9mentaires et des tours gratuits. Cela leur donne une excellente occasion de constituer leur bankroll et d&rsquo;essayer diff\u00e9rents jeux sans avoir \u00e0 d\u00e9penser leur propre argent.<\/p>\n<h2>Programmes de fid\u00e9lit\u00e9<\/h2>\n<p>Burning Sun Casino propose \u00e9galement des programmes de fid\u00e9lit\u00e9 pour ses joueurs r\u00e9guliers. Ces programmes r\u00e9compensent les joueurs qui continuent \u00e0 jouer gratuitement \u00e0 Burning Sun. Les joueurs peuvent gagner des points en jouant \u00e0 des jeux, puis les \u00e9changer contre de l&rsquo;argent, des bonus et d&rsquo;autres prix. C&rsquo;est un moyen exceptionnel pour les joueurs d&rsquo;obtenir des r\u00e9compenses suppl\u00e9mentaires pour leur jeu.<\/p>\n<h2>Promotions int\u00e9ressantes<\/h2>\n<p>Burning Sun Wazdan propose \u00e9galement des promotions int\u00e9ressantes pour ses joueurs. Ces promotions comprennent des tournois, des tirages au sort et d&rsquo;autres offres sp\u00e9ciales. Les joueurs peuvent participer \u00e0 ces promotions pour gagner des prix en esp\u00e8ces, des fonds bonus et d&rsquo;autres r\u00e9compenses. C&rsquo;est un excellent moyen d&rsquo;obtenir une valeur suppl\u00e9mentaire de votre exp\u00e9rience de jeu.<\/p>\n<h2>R\u00e9compenses VIP<\/h2>\n<p>Burning Sun Casino propose \u00e9galement des r\u00e9compenses VIP pour ses joueurs les plus fid\u00e8les. Ces r\u00e9compenses incluent des bonus exclusifs, des tours gratuits et d&rsquo;autres offres exclusives. Ces r\u00e9compenses aideront les joueurs \u00e0 maximiser leurs gains et \u00e0 tirer le meilleur parti de leur jeu.<\/p>\n<h2>Bonus sans d\u00e9p\u00f4t<\/h2>\n<p>L&rsquo;argent r\u00e9el de Burning Sun offre \u00e9galement \u00e0 ses joueurs un bonus sans d\u00e9p\u00f4t australien de Burning Sun. Ces bonus permettent aux joueurs de jouer \u00e0 des jeux en argent r\u00e9el sans avoir \u00e0 d\u00e9poser leurs propres fonds. C&rsquo;est un excellent moyen pour les joueurs de commencer \u00e0 jouer \u00e0 des jeux de casino sans risquer leur propre argent.<\/p>\n<h2><img loading=\"lazy\" decoding=\"async\" class=\"aligncenter wp-image-975\" src=\"https:\/\/mrgreencasinos.com\/wp-content\/uploads\/2023\/04\/Burning-Sun-review.png\" alt=\"Burning Sun slots review\" width=\"800\" height=\"410\" srcset=\"https:\/\/mrgreencasinos.com\/wp-content\/uploads\/2023\/04\/Burning-Sun-review.png 1136w, https:\/\/mrgreencasinos.com\/wp-content\/uploads\/2023\/04\/Burning-Sun-review-300x154.png 300w, https:\/\/mrgreencasinos.com\/wp-content\/uploads\/2023\/04\/Burning-Sun-review-1024x525.png 1024w, https:\/\/mrgreencasinos.com\/wp-content\/uploads\/2023\/04\/Burning-Sun-review-768x393.png 768w, https:\/\/mrgreencasinos.com\/wp-content\/uploads\/2023\/04\/Burning-Sun-review-720x369.png 720w\" sizes=\"auto, (max-width: 800px) 100vw, 800px\" \/><\/h2>\n<p>Options bancaires.<\/p>\n<p>Burning Sun Casino propose plusieurs options bancaires. Les joueurs peuvent effectuer des d\u00e9p\u00f4ts et des retraits en utilisant une vari\u00e9t\u00e9 de m\u00e9thodes de paiement, y compris Visa, MasterCard, PayPal et d&rsquo;autres portefeuilles \u00e9lectroniques. Le casino accepte \u00e9galement les paiements en crypto-monnaie tels que Bitcoin, Ethereum, Litecoin et autres.<\/p>\n<h2>RTP et volatilit\u00e9 du Burning Sun Casino<\/h2>\n<p>Sun Casino propose une large s\u00e9lection de jeux avec un RTP et une volatilit\u00e9 variables. Les machines \u00e0 sous ont g\u00e9n\u00e9ralement les RTP les plus \u00e9lev\u00e9s, allant de 95 \u00e0 99 %, tandis que les jeux de table ont des RTP allant de 85 \u00e0 98 %. Les jeux de vid\u00e9o poker ont g\u00e9n\u00e9ralement des RTP entre 92 et 99 %. La volatilit\u00e9 des jeux du casino Burning Sun Australia varie, certains jeux ayant une faible volatilit\u00e9, d&rsquo;autres une volatilit\u00e9 moyenne et d&rsquo;autres une volatilit\u00e9 \u00e9lev\u00e9e.<\/p>\n<h2>FAQ<\/h2>\n<h3>Quelles sont les heures d&rsquo;ouverture ?<\/h3>\n<p>Burning Sun Casino est ouvert 24 heures sur 24, sept jours sur sept.<\/p>\n<h3>Quelles sont les installations disponibles\u00a0?<\/h3>\n<p>Burning Sun Casino propose une large gamme d&rsquo;installations pour rendre votre visite encore plus agr\u00e9able. Ceux-ci comprennent un vaste bar et un salon, de la musique live, des restaurants et une gamme d&rsquo;autres options de divertissement.<\/p>\n<h2>Conclusion<\/h2>\n<p>Burning Sun Casino est un casino en ligne qui existe depuis plus d&rsquo;une d\u00e9cennie. Il propose une large gamme de jeux, de la machine \u00e0 sous Burning Sun aux jeux avec croupiers en direct et m\u00eame aux jackpots progressifs. Il propose \u00e9galement un certain nombre de promotions et de bonus diff\u00e9rents, ainsi que diverses options bancaires. Le casino est s\u00e9curis\u00e9 avec la derni\u00e8re technologie de cryptage et adh\u00e8re \u00e0 une politique de fair-play stricte. Burning Sun Australia est un casino en ligne qui propose une gamme impressionnante de jeux, de promotions, de bonus et d&rsquo;options bancaires. Il a la r\u00e9putation d&rsquo;offrir une exp\u00e9rience de jeu de qualit\u00e9 et est prot\u00e9g\u00e9 par la derni\u00e8re technologie de cryptage. En raison de son engagement envers le jeu \u00e9quitable, les joueurs peuvent \u00eatre assur\u00e9s que Burning Sun Casino est un endroit s\u00fbr et s\u00e9curis\u00e9 pour jouer.<\/p>\n<p>&nbsp;<\/p>\n","protected":false},"excerpt":{"rendered":"<p>Burning Sun Casino est un casino en ligne qui existe depuis plus d&rsquo;une d\u00e9cennie. Il est situ\u00e9 au Royaume-Uni et [&hellip;]<\/p>\n","protected":false},"author":1,"featured_media":0,"parent":0,"menu_order":0,"comment_status":"closed","ping_status":"closed","template":"","meta":{"footnotes":""},"class_list":["post-985","page","type-page","status-publish","hentry"],"acf":[],"yoast_head":"<!-- This site is optimized with the Yoast SEO plugin v17.9 - https:\/\/yoast.com\/wordpress\/plugins\/seo\/ -->\n<title>Machine \u00e0 sous Burning Sun - Jeu gratuit en mode d\u00e9mo - 2023<\/title>\n<meta name=\"description\" content=\"Machine \u00e0 sous Burning Sun \u2705 Notes des vrais joueurs, mode de jeu gratuit, captures d&#039;\u00e9cran gagnantes, codes bonus \u2705 Essayez la machine \u00e0 sous Burning Sun\" \/>\n<meta name=\"robots\" content=\"index, follow, max-snippet:-1, max-image-preview:large, max-video-preview:-1\" \/>\n<link rel=\"canonical\" href=\"https:\/\/mrgreencasinos.com\/fr\/burning-sun\/\" \/>\n<meta property=\"og:type\" content=\"article\" \/>\n<meta property=\"og:title\" content=\"Machine \u00e0 sous Burning Sun - Jeu gratuit en mode d\u00e9mo - 2023\" \/>\n<meta property=\"og:description\" content=\"Machine \u00e0 sous Burning Sun \u2705 Notes des vrais joueurs, mode de jeu gratuit, captures d&#039;\u00e9cran gagnantes, codes bonus \u2705 Essayez la machine \u00e0 sous Burning Sun\" \/>\n<meta property=\"og:url\" content=\"https:\/\/mrgreencasinos.com\/fr\/burning-sun\/\" \/>\n<meta property=\"og:site_name\" content=\"Casino MR Green\" \/>\n<meta property=\"article:modified_time\" content=\"2023-04-21T10:02:40+00:00\" \/>\n<meta property=\"og:image\" content=\"https:\/\/mrgreencasinos.com\/wp-content\/uploads\/2023\/04\/Burning-Sun-slots-review.jpg\" \/>\n<meta name=\"twitter:card\" content=\"summary_large_image\" \/>\n<meta name=\"twitter:label1\" content=\"Dur\u00e9e de lecture estim\u00e9e\" \/>\n\t<meta name=\"twitter:data1\" content=\"5 minutes\" \/>\n<script type=\"application\/ld+json\" class=\"yoast-schema-graph\">{\"@context\":\"https:\/\/schema.org\",\"@graph\":[{\"@type\":\"WebSite\",\"@id\":\"https:\/\/mrgreencasinos.com\/#website\",\"url\":\"https:\/\/mrgreencasinos.com\/\",\"name\":\"Casino MR Green\",\"description\":\"\",\"potentialAction\":[{\"@type\":\"SearchAction\",\"target\":{\"@type\":\"EntryPoint\",\"urlTemplate\":\"https:\/\/mrgreencasinos.com\/?s={search_term_string}\"},\"query-input\":\"required name=search_term_string\"}],\"inLanguage\":\"fr-FR\"},{\"@type\":\"ImageObject\",\"@id\":\"https:\/\/mrgreencasinos.com\/fr\/burning-sun\/#primaryimage\",\"inLanguage\":\"fr-FR\",\"url\":\"https:\/\/mrgreencasinos.com\/wp-content\/uploads\/2023\/04\/Burning-Sun-slots-review.jpg\",\"contentUrl\":\"https:\/\/mrgreencasinos.com\/wp-content\/uploads\/2023\/04\/Burning-Sun-slots-review.jpg\",\"width\":1280,\"height\":720},{\"@type\":\"WebPage\",\"@id\":\"https:\/\/mrgreencasinos.com\/fr\/burning-sun\/#webpage\",\"url\":\"https:\/\/mrgreencasinos.com\/fr\/burning-sun\/\",\"name\":\"Machine \\u00e0 sous Burning Sun - Jeu gratuit en mode d\\u00e9mo - 2023\",\"isPartOf\":{\"@id\":\"https:\/\/mrgreencasinos.com\/#website\"},\"primaryImageOfPage\":{\"@id\":\"https:\/\/mrgreencasinos.com\/fr\/burning-sun\/#primaryimage\"},\"datePublished\":\"2023-04-21T09:39:18+00:00\",\"dateModified\":\"2023-04-21T10:02:40+00:00\",\"description\":\"Machine \\u00e0 sous Burning Sun \\u2705 Notes des vrais joueurs, mode de jeu gratuit, captures d'\\u00e9cran gagnantes, codes bonus \\u2705 Essayez la machine \\u00e0 sous Burning Sun\",\"breadcrumb\":{\"@id\":\"https:\/\/mrgreencasinos.com\/fr\/burning-sun\/#breadcrumb\"},\"inLanguage\":\"fr-FR\",\"potentialAction\":[{\"@type\":\"ReadAction\",\"target\":[\"https:\/\/mrgreencasinos.com\/fr\/burning-sun\/\"]}]},{\"@type\":\"BreadcrumbList\",\"@id\":\"https:\/\/mrgreencasinos.com\/fr\/burning-sun\/#breadcrumb\",\"itemListElement\":[{\"@type\":\"ListItem\",\"position\":1,\"name\":\"Home\",\"item\":\"https:\/\/mrgreencasinos.com\/fr\/review-of-the-official-mr-green-website\/\"},{\"@type\":\"ListItem\",\"position\":2,\"name\":\"Revue du Burning Sun Casino : un examen approfondi\"}]}]}<\/script>\n<!-- \/ Yoast SEO plugin. -->","yoast_head_json":{"title":"Machine \u00e0 sous Burning Sun - Jeu gratuit en mode d\u00e9mo - 2023","description":"Machine \u00e0 sous Burning Sun \u2705 Notes des vrais joueurs, mode de jeu gratuit, captures d'\u00e9cran gagnantes, codes bonus \u2705 Essayez la machine \u00e0 sous Burning Sun","robots":{"index":"index","follow":"follow","max-snippet":"max-snippet:-1","max-image-preview":"max-image-preview:large","max-video-preview":"max-video-preview:-1"},"canonical":"https:\/\/mrgreencasinos.com\/fr\/burning-sun\/","og_type":"article","og_title":"Machine \u00e0 sous Burning Sun - Jeu gratuit en mode d\u00e9mo - 2023","og_description":"Machine \u00e0 sous Burning Sun \u2705 Notes des vrais joueurs, mode de jeu gratuit, captures d'\u00e9cran gagnantes, codes bonus \u2705 Essayez la machine \u00e0 sous Burning Sun","og_url":"https:\/\/mrgreencasinos.com\/fr\/burning-sun\/","og_site_name":"Casino MR Green","article_modified_time":"2023-04-21T10:02:40+00:00","og_image":[{"url":"https:\/\/mrgreencasinos.com\/wp-content\/uploads\/2023\/04\/Burning-Sun-slots-review.jpg"}],"twitter_card":"summary_large_image","twitter_misc":{"Dur\u00e9e de lecture estim\u00e9e":"5 minutes"},"schema":{"@context":"https:\/\/schema.org","@graph":[{"@type":"WebSite","@id":"https:\/\/mrgreencasinos.com\/#website","url":"https:\/\/mrgreencasinos.com\/","name":"Casino MR Green","description":"","potentialAction":[{"@type":"SearchAction","target":{"@type":"EntryPoint","urlTemplate":"https:\/\/mrgreencasinos.com\/?s={search_term_string}"},"query-input":"required name=search_term_string"}],"inLanguage":"fr-FR"},{"@type":"ImageObject","@id":"https:\/\/mrgreencasinos.com\/fr\/burning-sun\/#primaryimage","inLanguage":"fr-FR","url":"https:\/\/mrgreencasinos.com\/wp-content\/uploads\/2023\/04\/Burning-Sun-slots-review.jpg","contentUrl":"https:\/\/mrgreencasinos.com\/wp-content\/uploads\/2023\/04\/Burning-Sun-slots-review.jpg","width":1280,"height":720},{"@type":"WebPage","@id":"https:\/\/mrgreencasinos.com\/fr\/burning-sun\/#webpage","url":"https:\/\/mrgreencasinos.com\/fr\/burning-sun\/","name":"Machine \u00e0 sous Burning Sun - Jeu gratuit en mode d\u00e9mo - 2023","isPartOf":{"@id":"https:\/\/mrgreencasinos.com\/#website"},"primaryImageOfPage":{"@id":"https:\/\/mrgreencasinos.com\/fr\/burning-sun\/#primaryimage"},"datePublished":"2023-04-21T09:39:18+00:00","dateModified":"2023-04-21T10:02:40+00:00","description":"Machine \u00e0 sous Burning Sun \u2705 Notes des vrais joueurs, mode de jeu gratuit, captures d'\u00e9cran gagnantes, codes bonus \u2705 Essayez la machine \u00e0 sous Burning Sun","breadcrumb":{"@id":"https:\/\/mrgreencasinos.com\/fr\/burning-sun\/#breadcrumb"},"inLanguage":"fr-FR","potentialAction":[{"@type":"ReadAction","target":["https:\/\/mrgreencasinos.com\/fr\/burning-sun\/"]}]},{"@type":"BreadcrumbList","@id":"https:\/\/mrgreencasinos.com\/fr\/burning-sun\/#breadcrumb","itemListElement":[{"@type":"ListItem","position":1,"name":"Home","item":"https:\/\/mrgreencasinos.com\/fr\/review-of-the-official-mr-green-website\/"},{"@type":"ListItem","position":2,"name":"Revue du Burning Sun Casino : un examen approfondi"}]}]}},"_links":{"self":[{"href":"https:\/\/mrgreencasinos.com\/fr\/wp-json\/wp\/v2\/pages\/985","targetHints":{"allow":["GET"]}}],"collection":[{"href":"https:\/\/mrgreencasinos.com\/fr\/wp-json\/wp\/v2\/pages"}],"about":[{"href":"https:\/\/mrgreencasinos.com\/fr\/wp-json\/wp\/v2\/types\/page"}],"author":[{"embeddable":true,"href":"https:\/\/mrgreencasinos.com\/fr\/wp-json\/wp\/v2\/users\/1"}],"replies":[{"embeddable":true,"href":"https:\/\/mrgreencasinos.com\/fr\/wp-json\/wp\/v2\/comments?post=985"}],"version-history":[{"count":2,"href":"https:\/\/mrgreencasinos.com\/fr\/wp-json\/wp\/v2\/pages\/985\/revisions"}],"predecessor-version":[{"id":992,"href":"https:\/\/mrgreencasinos.com\/fr\/wp-json\/wp\/v2\/pages\/985\/revisions\/992"}],"wp:attachment":[{"href":"https:\/\/mrgreencasinos.com\/fr\/wp-json\/wp\/v2\/media?parent=985"}],"curies":[{"name":"wp","href":"https:\/\/api.w.org\/{rel}","templated":true}]}}